{"id":27669,"date":"2024-10-23T22:20:01","date_gmt":"2024-10-23T20:20:01","guid":{"rendered":"https:\/\/sp1hrubieszow.pl\/?page_id=27669"},"modified":"2024-10-23T22:20:01","modified_gmt":"2024-10-23T20:20:01","slug":"wycieczka-klas-8","status":"publish","type":"page","link":"https:\/\/sp1hrubieszow.pl\/index.php\/kronika-2020-2021\/wycieczka-klas-8\/","title":{"rendered":"Wycieczka klas 8"},"content":{"rendered":"\n<p><span style=\"color: #000080;\">To brzmi jak \u015bwietny dzie\u0144! Wycieczka do Zwierzy\u0144ca na paintball z pewno\u015bci\u0105 dostarczy\u0142a uczniom klas 8 wielu emocji. Ognisko w jesiennej scenerii by\u0142o bardzo przyjemne \u2013 wsp\u00f3lne pieczenie kie\u0142basek. A potem w McDonald&#8217;s wszyscy ch\u0119tnie zjedli co\u015b smacznego i podzielili si\u0119 wra\u017ceniami z dzisiejszego dnia. Ten przepi\u0119kny dzie\u0144 b\u0119dziemy wspomina\u0107 przez d\u0142ugi czas.<\/span><\/p>\nngg_shortcode_0_placeholder\n\n\n","protected":false},"excerpt":{"rendered":"<p>To brzmi jak \u015bwietny dzie\u0144! Wycieczka do Zwierzy\u0144ca na paintball z pewno\u015bci\u0105 dostarczy\u0142a uczniom klas 8 wielu emocji. Ognisko w jesiennej scenerii by\u0142o bardzo przyjemne \u2013 wsp\u00f3lne pieczenie kie\u0142basek. A potem w McDonald&#8217;s wszyscy ch\u0119tnie zjedli co\u015b smacznego i podzielili si\u0119 wra\u017ceniami z dzisiejszego dnia. Ten przepi\u0119kny dzie\u0144 b\u0119dziemy wspomina\u0107 przez d\u0142ugi czas.<\/p>\n","protected":false},"author":4,"featured_media":0,"parent":5983,"menu_order":0,"comment_status":"closed","ping_status":"closed","template":"","meta":{"ngg_post_thumbnail":0,"footnotes":""},"class_list":["post-27669","page","type-page","status-publish","hentry"],"_links":{"self":[{"href":"https:\/\/sp1hrubieszow.pl\/index.php\/wp-json\/wp\/v2\/pages\/27669","targetHints":{"allow":["GET"]}}],"collection":[{"href":"https:\/\/sp1hrubieszow.pl\/index.php\/wp-json\/wp\/v2\/pages"}],"about":[{"href":"https:\/\/sp1hrubieszow.pl\/index.php\/wp-json\/wp\/v2\/types\/page"}],"author":[{"embeddable":true,"href":"https:\/\/sp1hrubieszow.pl\/index.php\/wp-json\/wp\/v2\/users\/4"}],"replies":[{"embeddable":true,"href":"https:\/\/sp1hrubieszow.pl\/index.php\/wp-json\/wp\/v2\/comments?post=27669"}],"version-history":[{"count":1,"href":"https:\/\/sp1hrubieszow.pl\/index.php\/wp-json\/wp\/v2\/pages\/27669\/revisions"}],"predecessor-version":[{"id":27670,"href":"https:\/\/sp1hrubieszow.pl\/index.php\/wp-json\/wp\/v2\/pages\/27669\/revisions\/27670"}],"up":[{"embeddable":true,"href":"https:\/\/sp1hrubieszow.pl\/index.php\/wp-json\/wp\/v2\/pages\/5983"}],"wp:attachment":[{"href":"https:\/\/sp1hrubieszow.pl\/index.php\/wp-json\/wp\/v2\/media?parent=27669"}],"curies":[{"name":"wp","href":"https:\/\/api.w.org\/{rel}","templated":true}]}}