{"id":27654,"date":"2024-10-23T19:12:14","date_gmt":"2024-10-23T17:12:14","guid":{"rendered":"https:\/\/sp1hrubieszow.pl\/?page_id=27654"},"modified":"2024-10-23T19:13:35","modified_gmt":"2024-10-23T17:13:35","slug":"podsumowanie-obchodow-etsd2024","status":"publish","type":"page","link":"https:\/\/sp1hrubieszow.pl\/index.php\/kronika-2020-2021\/podsumowanie-obchodow-etsd2024\/","title":{"rendered":"Podsumowanie obchod\u00f3w ET\u015aD&#8217;2024"},"content":{"rendered":"\n<div class=\"x11i5rnm xat24cr x1mh8g0r x1vvkbs xtlvy1s x126k92a\">\n<div dir=\"auto\"><span style=\"color: #000080;\">W dniu 22.10.2024r. wr\u0119czono nagrody i wyr\u00f3\u017cnienia, przyznane<\/span><\/div>\n<div dir=\"auto\"><span style=\"color: #000080;\">w szkolnych konkursach, zorganizowanych z okazji Europejskiego Tygodnia \u015awiadomo\u015bci Dysleksji&#8217;2024r.<\/span><\/div>\n<\/div>\n<div class=\"x11i5rnm xat24cr x1mh8g0r x1vvkbs xtlvy1s x126k92a\">\n<div dir=\"auto\"><span style=\"color: #000080;\">W konkursie pt. &#8222;Literka w roli g\u0142\u00f3wnej&#8221; dla uczni\u00f3w klas 1-3 nagrody zdobyli:<\/span><\/div>\n<div dir=\"auto\"><span style=\"color: #000080;\">I miejsca: Eliza Daciuk, kl. 2a i Antonina Zieli\u0144ska, kl.3a<\/span><\/div>\n<div dir=\"auto\"><span style=\"color: #000080;\">II miejsca: Aleksandra Banach, kl.1a i Patrycja Pawlos, kl.2a<\/span><\/div>\n<div dir=\"auto\"><span style=\"color: #000080;\">III miejsca: Jakub Bia\u0142osiewicz, kl. 1a i Jan J\u0119drzejewski, kl. 1b<\/span><\/div>\n<div dir=\"auto\"><span style=\"color: #000080;\">Wyr\u00f3\u017cnienia:<\/span><\/div>\n<div dir=\"auto\"><span style=\"color: #000080;\">1.Blanka Nowak, kl.1a<\/span><\/div>\n<div dir=\"auto\"><span style=\"color: #000080;\">2.Magdalena Socha, kl. 2a<\/span><\/div>\n<div dir=\"auto\"><span style=\"color: #000080;\">3.Ewa Za\u0142oga, kl. 2c<\/span><\/div>\n<div dir=\"auto\"><span style=\"color: #000080;\">4.Antoni Pilu\u015b, kl. 2c<\/span><\/div>\n<div dir=\"auto\"><span style=\"color: #000080;\">5. Miko\u0142aj Wsolak, kl.3b<\/span><\/div>\n<div dir=\"auto\"><span style=\"color: #000080;\">6.Magdalena Piotrowska, kl. 2a<\/span><\/div>\n<div dir=\"auto\"><span style=\"color: #000080;\">7.Oliwia Kawka, kl. 1c<\/span><\/div>\n<div dir=\"auto\"><span style=\"color: #000080;\">8.Alan Kluczyk, kl. 2b<\/span><\/div>\n<div dir=\"auto\"><span style=\"color: #000080;\">9.Emilia Ja\u015bniuk, kl. 2c<\/span><\/div>\n<div dir=\"auto\"><span style=\"color: #000080;\">10.Maciej Opa\u0142a, kl.1b<\/span><\/div>\n<div dir=\"auto\"><span style=\"color: #000080;\">11.Franciszek Ciesielczuk, kl. 2c<\/span><\/div>\n<div dir=\"auto\"><span style=\"color: #000080;\">12.Micha\u0142 Zaj\u0105c, kl. 2c<\/span><\/div>\n<div dir=\"auto\"><span style=\"color: #000080;\">13. R\u00f3\u017ca R\u00f3\u017ca\u0144ska, kl. 2b<\/span><\/div>\n<div dir=\"auto\"><span style=\"color: #000080;\">14.Aleksander Drzyga\u0142o, kl. 2b<\/span><\/div>\n<div dir=\"auto\"><span style=\"color: #000080;\">15.Martyna Pomianowska, kl. 3b<\/span><\/div>\n<div dir=\"auto\"><span style=\"color: #000080;\">16.Maja Nocek, kl. 3b<\/span><\/div>\n<div dir=\"auto\"><span style=\"color: #000080;\">17.Pola Przybik, kl. 1b<\/span><\/div>\n<div dir=\"auto\"><span style=\"color: #000080;\">18. Hanna Splewi\u0144ska, kl. 2a<\/span><\/div>\n<\/div>\n<div class=\"x11i5rnm xat24cr x1mh8g0r x1vvkbs xtlvy1s x126k92a\">\n<div dir=\"auto\"><span style=\"color: #000080;\">W konkursie &#8222;Osoby z dysleksj\u0105, kt\u00f3re osi\u0105gn\u0119\u0142y sukces&#8221; dla uczni\u00f3w klas 4-8 nagrody zdobyli:<\/span><\/div>\n<div dir=\"auto\"><span style=\"color: #000080;\">I miejsce: Marcelina Wilkos, kl. 6c<\/span><\/div>\n<div dir=\"auto\"><span style=\"color: #000080;\">II miejsce: Mark Ivanov, kl. 7b<\/span><\/div>\n<div dir=\"auto\"><span style=\"color: #000080;\">III miejsce: Aleksandra Pa\u0142ys, kl. 7a<\/span><\/div>\n<\/div>\n<div class=\"x11i5rnm xat24cr x1mh8g0r x1vvkbs xtlvy1s x126k92a\">\n<div dir=\"auto\"><span style=\"color: #000080;\">Wyr\u00f3\u017cnienia:<\/span><\/div>\n<div dir=\"auto\"><span style=\"color: #000080;\">1.\u0141ucja Wi\u015bniewska, kl. 6b<\/span><\/div>\n<div dir=\"auto\"><span style=\"color: #000080;\">2.Aleksandra Paczos, kl. 6a<\/span><\/div>\n<div dir=\"auto\"><span style=\"color: #000080;\">3.Nikola Podg\u00f3rska, kl. 7c<\/span><\/div>\n<div dir=\"auto\"><span style=\"color: #000080;\">4. Hanna Kisielewska, kl. 5b<\/span><\/div>\n<div dir=\"auto\"><span style=\"color: #000080;\">5.Katarzyna Badzio, kl. 4b<\/span><\/div>\n<div dir=\"auto\"><span style=\"color: #000080;\">6.Kacper \u017bur, kl. 7a<\/span><\/div>\n<div dir=\"auto\"><span style=\"color: #000080;\">7.Pawe\u0142 Kudrel, kl. 5b<\/span><\/div>\n<div dir=\"auto\"><span style=\"color: #000080;\">8. Robert Kraj, kl. 6c<\/span><\/div>\n<div dir=\"auto\"><span style=\"color: #000080;\">9. Eva Jankowska, kl. 6b<\/span><\/div>\n<div dir=\"auto\"><span style=\"color: #000080;\">10.Julia Michalczewska, kl. 4b<\/span><\/div>\n<div dir=\"auto\"><span style=\"color: #000080;\">11.Jessika Klimek, kl. 7c<\/span><\/div>\n<\/div>\n<div class=\"x11i5rnm xat24cr x1mh8g0r x1vvkbs xtlvy1s x126k92a\">\n<div dir=\"auto\"><span style=\"color: #000080;\">Organizatorem konkurs\u00f3w by\u0142a p. Marta Kuczy\u0144ska<\/span><\/div>\n<div dir=\"auto\"><span style=\"color: #000080;\">Prace oceni\u0142a komisja w sk\u0142adzie: p. Ewa Filipowicz-Sidorczuk,<\/span><\/div>\n<div dir=\"auto\"><span style=\"color: #000080;\">p. Monika Bednara, p. Renata Danilczuk, p. Sylwia Wojak.<\/span><\/div>\n<\/div>\n<div class=\"x11i5rnm xat24cr x1mh8g0r x1vvkbs xtlvy1s x126k92a\">\n<div dir=\"auto\"><span style=\"color: #000080;\">Relacja z podsumowania obchod\u00f3w ET\u015aD&#8217;2024<\/span><\/div>\n<div dir=\"auto\"><span style=\"color: #000080;\">Europejski Tydzie\u0144 \u015awiadomo\u015bci Dysleksji\u20192024<\/span><\/div>\n<div dir=\"auto\"><span style=\"color: #000080;\">W dniach 7-13.10.2024r. w Szkole Podstawowej nr 1 im. Boles\u0142awa Prusa w Hrubieszowie przeprowadzono dzia\u0142ania, maj\u0105ce na celu podnoszenie \u015bwiadomo\u015bci spo\u0142eczno\u015bci szkolnej, odno\u015bnie dysleksji. Wykonano gazetki \u015bcienne, przekazuj\u0105ce wiedz\u0119 na temat dysleksji oraz sposob\u00f3w na rozwijanie umiej\u0119tno\u015bci czytania i pisania. W poszczeg\u00f3lnych klasach przybli\u017cono sylwetki s\u0142awnych os\u00f3b z dysleksj\u0105, kt\u00f3re osi\u0105gn\u0119\u0142y sukces. Uczniowie poprzez prezentacj\u0119, opisuj\u0105c\u0105 s\u0142awnych dyslektyk\u00f3w, odkrywali ich wyj\u0105tkowe historie, podkre\u015blaj\u0105ce rol\u0119 wiary we w\u0142asne mo\u017cliwo\u015bci<\/span><\/div>\n<div dir=\"auto\"><span style=\"color: #000080;\">i poszukiwanie w sobie mocnych stron oraz potencja\u0142u, pomimo codziennych trudno\u015bci. W dniu 8 pa\u017adziernika 2024r. odby\u0142 si\u0119 Dzie\u0144 Dysleksji <span class=\"html-span xdj266r x11i5rnm xat24cr x1mh8g0r xexx8yu x4uap5 x18d9i69 xkhd6sd x1hl2dhg x16tdsg8 x1vvkbs\"><a class=\"x1i10hfl xjbqb8w x1ejq31n xd10rxx x1sy0etr x17r0tee x972fbf xcfux6l x1qhh985 xm0m39n x9f619 x1ypdohk xt0psk2 xe8uvvx xdj266r x11i5rnm xat24cr x1mh8g0r xexx8yu x4uap5 x18d9i69 xkhd6sd x16tdsg8 x1hl2dhg xggy1nq x1a2a7pz x1sur9pj xkrqix3 x1fey0fg x1s688f\" style=\"color: #000080;\" tabindex=\"0\" role=\"link\" href=\"https:\/\/www.facebook.com\/hashtag\/dyslexiaday?__eep__=6&amp;__cft__[0]=AZW8quC7yakweCjtlCb_FAZjPVvL-xx27ISiSCbUnkywflxOgKkW2Pl01BPkOG8oAyhHFmK5gC8N95s4y5AqHWqxe-XONz9c3JJTEmzibd7yKdLKflWOM7wBH-YMybUB1pkLTDafvZx_YXzWpBwaCmHTes61pVTDeQzfoDYSYL-JSx4L3DfDvg9FW1Rmne7C8ZoJlaZ7u4hvhHudTngg2x0g&amp;__tn__=*NK-R\">#dyslexiaday<\/a><\/span>, z tej okazji zorganizowano akcj\u0119 \u201eCzytaMY z Bratkiem\u201d, podczas kt\u00f3rej odby\u0142o si\u0119 czytanie pierwszakom bajek, opisuj\u0105cych przygody Bratka. Bajki by\u0142y czytane przez uczni\u00f3w klasy czwartej. Pierwszoklasi\u015bci odpowiadali na pytania do tekstu bajek, za co mogli otrzyma\u0107 naklejki motywuj\u0105ce do aktywnego s\u0142uchania. Cz\u0142onkowie Klubu Ortograffiti\u201d przeprowadzili w\u015br\u00f3d uczni\u00f3w klasy pierwszej zaj\u0119cia pt. \u201eLiterkowy zawr\u00f3t g\u0142owy\u201d, podczas kt\u00f3rych uczniowie poznawali i utrwalali litery, uczyli si\u0119 prawid\u0142owego kre\u015blenia liter, tworzyli prace plastyczno-techniczne, w tym budowli litery z klock\u00f3w. Wolontariusze ze Szkolnego Ko\u0142a Wolontariatu przeprowadzili zaj\u0119cia czytelnicze w \u015bwietlicy szkolnej, zach\u0119caj\u0105ce uczni\u00f3w do czytania. W bibliotece zorganizowano zaj\u0119cia czytelniczo-edukacyjne dla uczni\u00f3w, wykorzystano do tego celu bajki o emocjach. Rodzice uczni\u00f3w otrzymali materia\u0142y edukacyjne oraz mogli skorzysta\u0107 z konsultacji ze specjalistami szkolnymi, w zakresie diagnozy specyficznych trudno\u015bci w uczeniu si\u0119. Nauczyciele wzi\u0119li udzia\u0142 w szkoleniu pt. \u201eZaanga\u017cowanie zawodowe nauczycieli-sukces szko\u0142y\u201d. Uczni\u00f3w klas 1-3 zaproszono do udzia\u0142u w konkursie pt. \u201eLiterka w roli g\u0142\u00f3wnej\u201d, za\u015b uczni\u00f3w klas 4-8 zach\u0119cono do wykonania prac na temat \u201e Osoby z dysleksj\u0105, kt\u00f3re osi\u0105gn\u0119\u0142y sukces\u201d. Podj\u0119te przez szko\u0142\u0119 dzia\u0142ania podkre\u015bli\u0142y wyj\u0105tkowo\u015b\u0107 os\u00f3b z dysleksj\u0105 oraz ogromn\u0105 rol\u0119 pracy terapeutycznej, jak\u0105 takie osoby powinny podj\u0105\u0107, aby w pe\u0142ni wykorzysta\u0107 sw\u00f3j potencja\u0142. Przebieg ET\u015aD\u20192024, koordynowa\u0142y panie: Marta Kuczy\u0144ska, Anna Karkuszewska i Ma\u0142gorzata Serafin.<\/span><\/div>\n<div dir=\"auto\"><span style=\"color: #000080;\">Relacj\u0119 ze szkolnych obchod\u00f3w, jak co roku przes\u0142ano do Polskiego Towarzystwa Dysleksji.<\/span><\/div>\n<div dir=\"auto\">\nngg_shortcode_0_placeholder\n<\/div>\n<\/div>\n","protected":false},"excerpt":{"rendered":"<p>W dniu 22.10.2024r. wr\u0119czono nagrody i wyr\u00f3\u017cnienia, przyznane w szkolnych konkursach, zorganizowanych z okazji Europejskiego Tygodnia \u015awiadomo\u015bci Dysleksji&#8217;2024r. W konkursie pt. &#8222;Literka w roli g\u0142\u00f3wnej&#8221; dla uczni\u00f3w klas 1-3 nagrody zdobyli: I miejsca: Eliza Daciuk, kl. 2a i Antonina Zieli\u0144ska, kl.3a II miejsca: Aleksandra Banach, kl.1a i Patrycja Pawlos, kl.2a III miejsca: Jakub Bia\u0142osiewicz, kl. [&hellip;]<\/p>\n","protected":false},"author":2,"featured_media":0,"parent":5983,"menu_order":0,"comment_status":"closed","ping_status":"closed","template":"","meta":{"ngg_post_thumbnail":0,"footnotes":""},"class_list":["post-27654","page","type-page","status-publish","hentry"],"_links":{"self":[{"href":"https:\/\/sp1hrubieszow.pl\/index.php\/wp-json\/wp\/v2\/pages\/27654","targetHints":{"allow":["GET"]}}],"collection":[{"href":"https:\/\/sp1hrubieszow.pl\/index.php\/wp-json\/wp\/v2\/pages"}],"about":[{"href":"https:\/\/sp1hrubieszow.pl\/index.php\/wp-json\/wp\/v2\/types\/page"}],"author":[{"embeddable":true,"href":"https:\/\/sp1hrubieszow.pl\/index.php\/wp-json\/wp\/v2\/users\/2"}],"replies":[{"embeddable":true,"href":"https:\/\/sp1hrubieszow.pl\/index.php\/wp-json\/wp\/v2\/comments?post=27654"}],"version-history":[{"count":1,"href":"https:\/\/sp1hrubieszow.pl\/index.php\/wp-json\/wp\/v2\/pages\/27654\/revisions"}],"predecessor-version":[{"id":27655,"href":"https:\/\/sp1hrubieszow.pl\/index.php\/wp-json\/wp\/v2\/pages\/27654\/revisions\/27655"}],"up":[{"embeddable":true,"href":"https:\/\/sp1hrubieszow.pl\/index.php\/wp-json\/wp\/v2\/pages\/5983"}],"wp:attachment":[{"href":"https:\/\/sp1hrubieszow.pl\/index.php\/wp-json\/wp\/v2\/media?parent=27654"}],"curies":[{"name":"wp","href":"https:\/\/api.w.org\/{rel}","templated":true}]}}