{"id":27632,"date":"2024-10-23T19:01:58","date_gmt":"2024-10-23T17:01:58","guid":{"rendered":"https:\/\/sp1hrubieszow.pl\/?page_id=27632"},"modified":"2024-10-23T19:02:11","modified_gmt":"2024-10-23T17:02:11","slug":"14-18-10-2024r-tydzien-mediacji","status":"publish","type":"page","link":"https:\/\/sp1hrubieszow.pl\/index.php\/kronika-2020-2021\/14-18-10-2024r-tydzien-mediacji\/","title":{"rendered":"14-18.10.2024r. Tydzie\u0144 Mediacji"},"content":{"rendered":"\n<p><span style=\"color: #000080;\">W Tygodniu Mediacji mediatorzy r\u00f3wie\u015bniczy ze Szkolnego Klubu Mediatora przeprowadzili akcj\u0119 promuj\u0105c\u0105 mediacj\u0119 i mediacj\u0119 r\u00f3wie\u015bnicz\u0105 jako konstruktywny i pozbawiony przemocy spos\u00f3b rozwi\u0105zywania konflikt\u00f3w i spor\u00f3w. Przygotowano stoisko mediacyjne, na kt\u00f3rym uczniowie mogli si\u0119 dowiedzie\u0107 na czym polega mediacja. Zorganizowano mini- konkurs, polegaj\u0105cy na doko\u0144czeniu zdania: \u201eJak mog\u0119 rozwi\u0105za\u0107 konflikt z kole\u017cank\u0105\/koleg\u0105 bez u\u017cywania przemocy?\u201d W konkursie wylosowano kartki z odpowiedziami uczni\u00f3w: Patryk Kowalski 6a, Alan Zawadzki 2a, Brajan Kluczyk 6b,Jakub Gruszczy\u0144ski 6a, Martyna Ciemi\u0119ga 2c, Jagoda Bazylewicz 4a, Natalia Teterycz 2c, Eliza Su\u0142ek 4b, Karol Krajewski 8a i Krystian Majewski 6a. Gratulujemy uczniom ciekawych odpowiedzi. Szkolny Klub Mediatora poleca si\u0119 do pomocy w rozwi\u0105zywaniu konflikt\u00f3w z r\u00f3wie\u015bnikami.<\/span><\/p>\nngg_shortcode_0_placeholder\n","protected":false},"excerpt":{"rendered":"<p>W Tygodniu Mediacji mediatorzy r\u00f3wie\u015bniczy ze Szkolnego Klubu Mediatora przeprowadzili akcj\u0119 promuj\u0105c\u0105 mediacj\u0119 i mediacj\u0119 r\u00f3wie\u015bnicz\u0105 jako konstruktywny i pozbawiony przemocy spos\u00f3b rozwi\u0105zywania konflikt\u00f3w i spor\u00f3w. Przygotowano stoisko mediacyjne, na kt\u00f3rym uczniowie mogli si\u0119 dowiedzie\u0107 na czym polega mediacja. Zorganizowano mini- konkurs, polegaj\u0105cy na doko\u0144czeniu zdania: \u201eJak mog\u0119 rozwi\u0105za\u0107 konflikt z kole\u017cank\u0105\/koleg\u0105 bez u\u017cywania przemocy?\u201d [&hellip;]<\/p>\n","protected":false},"author":2,"featured_media":0,"parent":5983,"menu_order":0,"comment_status":"closed","ping_status":"closed","template":"","meta":{"ngg_post_thumbnail":0,"footnotes":""},"class_list":["post-27632","page","type-page","status-publish","hentry"],"_links":{"self":[{"href":"https:\/\/sp1hrubieszow.pl\/index.php\/wp-json\/wp\/v2\/pages\/27632","targetHints":{"allow":["GET"]}}],"collection":[{"href":"https:\/\/sp1hrubieszow.pl\/index.php\/wp-json\/wp\/v2\/pages"}],"about":[{"href":"https:\/\/sp1hrubieszow.pl\/index.php\/wp-json\/wp\/v2\/types\/page"}],"author":[{"embeddable":true,"href":"https:\/\/sp1hrubieszow.pl\/index.php\/wp-json\/wp\/v2\/users\/2"}],"replies":[{"embeddable":true,"href":"https:\/\/sp1hrubieszow.pl\/index.php\/wp-json\/wp\/v2\/comments?post=27632"}],"version-history":[{"count":1,"href":"https:\/\/sp1hrubieszow.pl\/index.php\/wp-json\/wp\/v2\/pages\/27632\/revisions"}],"predecessor-version":[{"id":27633,"href":"https:\/\/sp1hrubieszow.pl\/index.php\/wp-json\/wp\/v2\/pages\/27632\/revisions\/27633"}],"up":[{"embeddable":true,"href":"https:\/\/sp1hrubieszow.pl\/index.php\/wp-json\/wp\/v2\/pages\/5983"}],"wp:attachment":[{"href":"https:\/\/sp1hrubieszow.pl\/index.php\/wp-json\/wp\/v2\/media?parent=27632"}],"curies":[{"name":"wp","href":"https:\/\/api.w.org\/{rel}","templated":true}]}}