{"id":27585,"date":"2024-10-19T17:36:07","date_gmt":"2024-10-19T15:36:07","guid":{"rendered":"https:\/\/sp1hrubieszow.pl\/?page_id=27585"},"modified":"2025-09-30T18:12:03","modified_gmt":"2025-09-30T16:12:03","slug":"60-lecie","status":"publish","type":"page","link":"https:\/\/sp1hrubieszow.pl\/index.php\/60-lecie\/","title":{"rendered":"60-lecie"},"content":{"rendered":"\n<h1 data-olk-copy-source=\"MessageBody\"><span style=\"color: #000080;\"><strong><a style=\"color: #000080;\" href=\"https:\/\/sp1hrubieszow.pl\/wp-content\/uploads\/2025\/09\/Jedyneczka-60-lat.pdf\">Jedyneczka 60 lat<\/a><\/strong><\/span><\/h1>\n<h1 style=\"text-align: center;\" data-olk-copy-source=\"MessageBody\"><span style=\"color: #000080;\"><strong>Jubileusz 60-lecia Szko\u0142y Podstawowej Nr1 <\/strong><\/span><\/h1>\n<h1 style=\"text-align: center;\" data-olk-copy-source=\"MessageBody\"><span style=\"color: #000080;\"><strong>im. Boles\u0142awa Prusa w Hrubieszowie<\/strong><\/span><\/h1>\n<div data-olk-copy-source=\"MessageBody\">&nbsp;<\/div>\n<div class=\"x_elementToProof\" data-olk-copy-source=\"MessageBody\"><span style=\"color: #000080;\">To ju\u017c 60 lat mija od chwili, gdy w naszym mie\u015bcie zosta\u0142a oddana do u\u017cytk\u00f3w Szko\u0142a Podstawowa Nr 1 im. Boles\u0142awa Prusa w Hrubieszowie.<\/span><\/div>\n<div class=\"x_elementToProof\"><span style=\"color: #000080;\">Tegoroczne \u015bwi\u0119to jest jednak wyj\u0105tkowe, poniewa\u017c wpisuje si\u0119 w obchody&nbsp;<b>625-lecia naszego miasta \u2013 Hrubieszowa<\/b>. To wspania\u0142a okazja, by po\u0142\u0105czy\u0107 histori\u0119 naszej szko\u0142y z histori\u0105 miejsca, kt\u00f3re nas wszystkich \u0142\u0105czy.<\/span><\/div>\n<div class=\"x_elementToProof\"><span style=\"color: #000080;\">Hrubiesz\u00f3w \u2013 najdalej wysuni\u0119te na wsch\u00f3d miasto Polski \u2013 od ponad sze\u015bciu wiek\u00f3w rozwija si\u0119 dzi\u0119ki ludziom, kt\u00f3rzy tu \u017cyj\u0105, pracuj\u0105, ucz\u0105 i wychowuj\u0105 kolejne pokolenia. Jeste\u015bmy dumni, \u017ce nasza szko\u0142a \u2013 nosz\u0105ca imi\u0119 wielkiego pisarza i humanisty, <b>Boles\u0142awa Prusa<\/b>&nbsp;\u2013 mo\u017ce by\u0107 cz\u0119\u015bci\u0105 tej historii.<\/span><\/div>\n<div>&nbsp;<\/div>\n<div class=\"x_elementToProof\"><span style=\"color: #000080;\">W latach 60 minionego wieku w jubileusz 1000-lecia Polski oddano tysi\u0105c szk\u00f3\u0142 zwanych \u201eTysi\u0105clatkami\u201d. Nasza Jedynka jest \u201eTysi\u0105clatk\u0105\u201d z 1965 roku i liczy sobie tylko i a\u017c 60 lat. W tym czasie w jej murach uczy\u0142o si\u0119 \u0142\u0105cznie ponad 45 tysi\u0119cy dzieci. Oznacza to, \u017ce nie ma w Hrubieszowie rodziny, kt\u00f3ra w bezpo\u015bredni lub po\u015bredni spos\u00f3b nie by\u0142aby zwi\u0105zana z nasz\u0105 plac\u00f3wk\u0105. To tutaj ogromna liczba hrubieszowian stawia\u0142a pierwsze kroki edukacyjne. Do tej szko\u0142y chodzili dzisiejsi rodzice i ich dziadkowie, tutaj r\u00f3wnie\u017c kszta\u0142ci\u0142y si\u0119 elity naszego spo\u0142ecze\u0144stwa.<\/span><\/div>\n<div class=\"x_elementToProof\"><span style=\"color: #000080;\">W trosce o piel\u0119gnowanie tradycji i posiadanych d\u00f3br, Dyrekcja Szko\u0142y wraz z ca\u0142\u0105 jej spo\u0142eczno\u015bci\u0105 pragnie zorganizowa\u0107 obchody tego jubileuszu na miar\u0119 jego rangi.<\/span><\/div>\n<div class=\"x_elementToProof\" aria-hidden=\"true\">&nbsp;<\/div>\n<h2 class=\"x_elementToProof\" style=\"text-align: center;\"><span style=\"color: #000080;\"><b>Serdecznie zapraszamy!<\/b>&nbsp;<\/span><\/h2>\n<div class=\"x_elementToProof\"><span style=\"color: #000080;\">Dyrekcja, Grono Pedagogiczne oraz Uczniowie Szko\u0142y Podstawowej Nr 1 z rado\u015bci\u0105 zapraszaj\u0105&nbsp;<b>emerytowanych nauczycieli, absolwent\u00f3w, przyjaci\u00f3\u0142 szko\u0142y oraz wszystkich pasjonat\u00f3w naszej ,,Jedynki\u2019\u2019<\/b>&nbsp;do wsp\u00f3lnego \u015bwi\u0119towania i spotkania po latach.<\/span><\/div>\n<div class=\"x_elementToProof\"><span style=\"color: #000080;\">To doskona\u0142a okazja, aby powspomina\u0107 dawne czasy, odnowi\u0107 znajomo\u015bci i wsp\u00f3lnie cieszy\u0107 si\u0119 atmosfer\u0105, kt\u00f3ra od lat towarzyszy naszej spo\u0142eczno\u015bci.<\/span><\/div>\n<div class=\"x_elementToProof\" aria-hidden=\"true\">&nbsp;<\/div>\n<div class=\"x_elementToProof\" aria-hidden=\"true\">&nbsp;<\/div>\n<div class=\"x_elementToProof\"><span style=\"color: #000080;\"><b>Program uroczysto\u015bci Jubileuszu 60-lecia&nbsp;Szko\u0142y Podstawowej Nr 1 im. Boles\u0142awa Prusa w Hrubieszowie&nbsp;19 wrze\u015bnia&nbsp; 2025r.<\/b><\/span><\/div>\n<ul>\n<li><span style=\"color: #000080;\">8.40 \u2013 uroczysty przemarsz spo\u0142eczno\u015bci szkolnej do Ko\u015bcio\u0142a pw. Ducha \u015aw. w Hrubieszowie<\/span><\/li>\n<li><span style=\"color: #000080;\">9.00 \u2013 Msza \u015awi\u0119ta w Ko\u015bciele pw. Ducha \u015aw. w Hrubieszowie.<\/span><\/li>\n<li><span style=\"color: #000080;\">10.30 \u2013 Cz\u0119\u015b\u0107 oficjalna w Szkole Podstawowej Nr 1 w Hrubieszowie (sala gimnastyczna)<\/span><br><span style=\"color: #000080;\">Cz\u0119\u015b\u0107 artystyczna w wykonaniu dzieci i m\u0142odzie\u017cy<\/span><\/li>\n<li><span style=\"color: #000080;\">12.00 &#8211; Zwiedzanie szko\u0142y &nbsp;oraz wystaw tematycznych<\/span><\/li>\n<li><span style=\"color: #000080;\">13.00 \u2013 Indywidualne spotkania Nauczycieli, Pracownik\u00f3w, Absolwent\u00f3w oraz Go\u015bci przy fili\u017cance herbaty i pocz\u0119stunku<\/span><\/li>\n<\/ul>\n<div class=\"x_elementToProof\"><span style=\"color: #000080;\">Niech to wyj\u0105tkowe \u015bwi\u0119to b\u0119dzie dla nas okazj\u0105 nie tylko do wspomnie\u0144, ale i do spojrzenia w przysz\u0142o\u015b\u0107 \u2013 z odwag\u0105, nadziej\u0105 i wiar\u0105, \u017ce to, co tworzymy razem, ma g\u0142\u0119boki sens.<\/span><\/div>\n<div>&nbsp;<\/div>\n<div class=\"x_elementToProof\"><span style=\"color: #000080;\">W przypadku ch\u0119ci wp\u0142acenia darowizny na powy\u017cszy cel, prosimy o wp\u0142aty na konto&nbsp;<b>Rady Rodzic\u00f3w SP nr 1 w Hrubieszowie&nbsp;<\/b><\/span><\/div>\n<div class=\"x_elementToProof\"><span style=\"color: #000080;\"><b>26 1090 2590 0000 0001 3079 1419 <\/b><\/span><\/div>\n<div class=\"x_elementToProof\"><span style=\"color: #000080;\"><b>z&nbsp;dopiskiem \u201eJUBILEUSZ\u201d<\/b><\/span><\/div>\n<div>&nbsp;<\/div>\n<div class=\"x_elementToProof\"><span style=\"color: #000080;\">\u017bycz\u0105c Pa\u0144stwu wszelkiej pomy\u015blno\u015bci, z g\u00f3ry dzi\u0119kujemy za okazan\u0105 \u017cyczliwo\u015b\u0107 i zrozumienie.<\/span><\/div>\n<div>&nbsp;<\/div>\n<div>\n<div style=\"width: 540px;\" class=\"wp-video\"><video class=\"wp-video-shortcode\" id=\"video-27585-1\" width=\"540\" height=\"898\" preload=\"metadata\" controls=\"controls\"><source type=\"video\/mp4\" src=\"https:\/\/sp1hrubieszow.pl\/wp-content\/uploads\/2025\/08\/0acaadef-9333-4e42-bcbd-e168830d3730.mp4?_=1\" \/><a href=\"https:\/\/sp1hrubieszow.pl\/wp-content\/uploads\/2025\/08\/0acaadef-9333-4e42-bcbd-e168830d3730.mp4\">https:\/\/sp1hrubieszow.pl\/wp-content\/uploads\/2025\/08\/0acaadef-9333-4e42-bcbd-e168830d3730.mp4<\/a><\/video><\/div>\n<\/div>\n<h1><span style=\"background-color: #ffffff; color: #000080;\"><strong><a style=\"background-color: #ffffff; color: #000080;\" href=\"https:\/\/sp1hrubieszow.pl\/wp-content\/uploads\/2025\/08\/Zaproszenie-na-60-lecie.pdf\">Zaproszenie na 60-lecie Szko\u0142y Podstawowej Nr 1<\/a><\/strong><\/span><\/h1>\n<h1 dir=\"auto\" style=\"text-align: center;\"><span style=\"color: #000080;\">Grudzie\u0144&nbsp;<\/span><\/h1>\n<p data-start=\"82\" data-end=\"147\"><span style=\"color: #000080;\"><strong data-start=\"82\" data-end=\"147\"><span class=\"_fadeIn_m1hgl_8\">Zgadnij, <\/span><span class=\"_fadeIn_m1hgl_8\">kto <\/span><span class=\"_fadeIn_m1hgl_8\">to! \u2013 <\/span><span class=\"_fadeIn_m1hgl_8\">\u015awi\u0105teczna <\/span><span class=\"_fadeIn_m1hgl_8\">zabawa <\/span><span class=\"_fadeIn_m1hgl_8\">ze <\/span><span class=\"_fadeIn_m1hgl_8\">zdj\u0119ciami <\/span><span class=\"_fadeIn_m1hgl_8\">nauczycieli <\/span><\/strong><\/span><\/p>\n<p data-start=\"82\" data-end=\"147\"><span style=\"color: #000080;\"><span class=\"_fadeIn_m1hgl_8\">W <\/span><span class=\"_fadeIn_m1hgl_8\">grudniu <\/span><span class=\"_fadeIn_m1hgl_8\">nasza <\/span><span class=\"_fadeIn_m1hgl_8\">szko\u0142a <\/span><span class=\"_fadeIn_m1hgl_8\">zorganizowa\u0142a <\/span><span class=\"_fadeIn_m1hgl_8\">wyj\u0105tkow\u0105 <\/span><span class=\"_fadeIn_m1hgl_8\">\u015bwi\u0105teczn\u0105 <\/span><span class=\"_fadeIn_m1hgl_8\">zabaw\u0119, <\/span><span class=\"_fadeIn_m1hgl_8\">kt\u00f3ra <\/span><span class=\"_fadeIn_m1hgl_8\">przynios\u0142a <\/span><span class=\"_fadeIn_m1hgl_8\">wiele <\/span><span class=\"_fadeIn_m1hgl_8\">rado\u015bci <\/span><span class=\"_fadeIn_m1hgl_8\">i <\/span><span class=\"_fadeIn_m1hgl_8\">u\u015bmiechu <\/span><span class=\"_fadeIn_m1hgl_8\">zar\u00f3wno <\/span><span class=\"_fadeIn_m1hgl_8\">uczniom, <\/span><span class=\"_fadeIn_m1hgl_8\">jak <\/span><span class=\"_fadeIn_m1hgl_8\">i <\/span><span class=\"_fadeIn_m1hgl_8\">nauczycielom. <\/span><span class=\"_fadeIn_m1hgl_8\">Na <\/span><span class=\"_fadeIn_m1hgl_8\">szkolnym <\/span><span class=\"_fadeIn_m1hgl_8\">korytarzu <\/span><span class=\"_fadeIn_m1hgl_8\">zawis\u0142a <\/span><span class=\"_fadeIn_m1hgl_8\">galeria <\/span><span class=\"_fadeIn_m1hgl_8\">wyj\u0105tkowych <\/span><span class=\"_fadeIn_m1hgl_8\">zdj\u0119\u0107 \u2013 <\/span><span class=\"_fadeIn_m1hgl_8\">fotografie <\/span><span class=\"_fadeIn_m1hgl_8\">naszych <\/span><span class=\"_fadeIn_m1hgl_8\">nauczycieli <\/span><span class=\"_fadeIn_m1hgl_8\">z <\/span><span class=\"_fadeIn_m1hgl_8\">czas\u00f3w <\/span><span class=\"_fadeIn_m1hgl_8\">dzieci\u0144stwa, <\/span><span class=\"_fadeIn_m1hgl_8\">uwiecznione <\/span><span class=\"_fadeIn_m1hgl_8\">podczas <\/span><span class=\"_fadeIn_m1hgl_8\">spotka\u0144 <\/span><span class=\"_fadeIn_m1hgl_8\">ze <\/span><span class=\"_fadeIn_m1hgl_8\">\u015awi\u0119tym <\/span><span class=\"_fadeIn_m1hgl_8\">Miko\u0142ajem!<\/span><\/span><\/p>\n<p data-start=\"456\" data-end=\"687\"><span style=\"color: #000080;\"><span class=\"_fadeIn_m1hgl_8\">Ch\u0119tni <\/span><span class=\"_fadeIn_m1hgl_8\">nauczyciele <\/span><span class=\"_fadeIn_m1hgl_8\">podzielili <\/span><span class=\"_fadeIn_m1hgl_8\">si\u0119 <\/span><span class=\"_fadeIn_m1hgl_8\">swoimi <\/span><span class=\"_fadeIn_m1hgl_8\">archiwalnymi <\/span><span class=\"_fadeIn_m1hgl_8\">zdj\u0119ciami, <\/span><span class=\"_fadeIn_m1hgl_8\">kt\u00f3re <\/span><span class=\"_fadeIn_m1hgl_8\">zosta\u0142y <\/span><span class=\"_fadeIn_m1hgl_8\">opatrzone <\/span><span class=\"_fadeIn_m1hgl_8\">numerami \u2013 <\/span><span class=\"_fadeIn_m1hgl_8\">bez <\/span><span class=\"_fadeIn_m1hgl_8\">podpis\u00f3w. <\/span><span class=\"_fadeIn_m1hgl_8\">Zadaniem <\/span><span class=\"_fadeIn_m1hgl_8\">uczni\u00f3w <\/span><span class=\"_fadeIn_m1hgl_8\">by\u0142o <\/span><span class=\"_fadeIn_m1hgl_8\">rozpoznanie, <\/span><span class=\"_fadeIn_m1hgl_8\">kto <\/span><span class=\"_fadeIn_m1hgl_8\">znajduje <\/span><span class=\"_fadeIn_m1hgl_8\">si\u0119 <\/span><span class=\"_fadeIn_m1hgl_8\">na <\/span><span class=\"_fadeIn_m1hgl_8\">danym <\/span><span class=\"_fadeIn_m1hgl_8\">zdj\u0119ciu.<\/span><\/span><\/p>\n<p data-start=\"689\" data-end=\"938\"><span style=\"color: #000080;\"><span class=\"_fadeIn_m1hgl_8\">Zabawa <\/span><span class=\"_fadeIn_m1hgl_8\">cieszy\u0142a <\/span><span class=\"_fadeIn_m1hgl_8\">si\u0119 <\/span><span class=\"_fadeIn_m1hgl_8\">ogromnym <\/span><span class=\"_fadeIn_m1hgl_8\">zainteresowaniem. <\/span><span class=\"_fadeIn_m1hgl_8\">Niekt\u00f3rzy <\/span><span class=\"_fadeIn_m1hgl_8\">uczestnicy <\/span><span class=\"_fadeIn_m1hgl_8\">zaskakiwali <\/span><span class=\"_fadeIn_m1hgl_8\">niesamowit\u0105 <\/span><span class=\"_fadeIn_m1hgl_8\">spostrzegawczo\u015bci\u0105, <\/span><span class=\"_fadeIn_m1hgl_8\">inni <\/span><span class=\"_fadeIn_m1hgl_8\">pr\u00f3bowali <\/span><span class=\"_fadeIn_m1hgl_8\">doj\u015b\u0107 <\/span><span class=\"_fadeIn_m1hgl_8\">do <\/span><span class=\"_fadeIn_m1hgl_8\">prawid\u0142owych <\/span><span class=\"_fadeIn_m1hgl_8\">odpowiedzi <\/span><span class=\"_fadeIn_m1hgl_8\">na <\/span><span class=\"_fadeIn_m1hgl_8\">podstawie <\/span><span class=\"_fadeIn_m1hgl_8\">szczeg\u00f3\u0142\u00f3w <\/span><span class=\"_fadeIn_m1hgl_8\">takich <\/span><span class=\"_fadeIn_m1hgl_8\">jak <\/span><span class=\"_fadeIn_m1hgl_8\">u\u015bmiech, czy <\/span><span class=\"_fadeIn_m1hgl_8\">spojrzenie.<\/span><\/span><\/p>\n<p data-start=\"940\" data-end=\"1195\"><span style=\"color: #000080;\"><span class=\"_fadeIn_m1hgl_8\">Na <\/span><span class=\"_fadeIn_m1hgl_8\">koniec <\/span><span class=\"_fadeIn_m1hgl_8\">og\u0142oszono <\/span><span class=\"_fadeIn_m1hgl_8\">zwyci\u0119zc\u00f3w \u2013 <\/span><span class=\"_fadeIn_m1hgl_8\">osoby, <\/span><span class=\"_fadeIn_m1hgl_8\">kt\u00f3re <\/span><span class=\"_fadeIn_m1hgl_8\">poprawnie <\/span><span class=\"_fadeIn_m1hgl_8\">odgad\u0142y <\/span><span class=\"_fadeIn_m1hgl_8\">najwi\u0119cej <\/span><span class=\"_fadeIn_m1hgl_8\">nauczycieli. <\/span><span class=\"_fadeIn_m1hgl_8\">Zostali <\/span><span class=\"_fadeIn_m1hgl_8\">oni <\/span><span class=\"_fadeIn_m1hgl_8\">nagrodzeni <\/span><span class=\"_fadeIn_m1hgl_8\">s\u0142odkim <\/span><span class=\"_fadeIn_m1hgl_8\">upominkiem. <\/span><span class=\"_fadeIn_m1hgl_8\">Sama <\/span><span class=\"_fadeIn_m1hgl_8\">galeria <\/span><span class=\"_fadeIn_m1hgl_8\">zdj\u0119\u0107 <\/span><span class=\"_fadeIn_m1hgl_8\">sta\u0142a <\/span><span class=\"_fadeIn_m1hgl_8\">si\u0119 <\/span><span class=\"_fadeIn_m1hgl_8\">te\u017c <\/span><span class=\"_fadeIn_m1hgl_8\">okazj\u0105 <\/span><span class=\"_fadeIn_m1hgl_8\">do <\/span><span class=\"_fadeIn_m1hgl_8\">rozm\u00f3w, <\/span><span class=\"_fadeIn_m1hgl_8\">wspomnie\u0144 <\/span><span class=\"_fadeIn_m1hgl_8\">i <\/span><span class=\"_fadeIn_m1hgl_8\">wzrusze\u0144 \u2013 <\/span><span class=\"_fadeIn_m1hgl_8\">nie <\/span><span class=\"_fadeIn_m1hgl_8\">tylko <\/span><span class=\"_fadeIn_m1hgl_8\">tych <\/span><span class=\"_fadeIn_m1hgl_8\">\u015bwi\u0105tecznych, ale tak\u017ce tych zwi\u0105zanych ze zbli\u017caj\u0105cym si\u0119 60 -leciem naszej szko\u0142y.&nbsp;<\/span><\/span><\/p>\n<p data-start=\"1197\" data-end=\"1356\"><span style=\"color: #000080;\"><span class=\"_fadeIn_m1hgl_8\">Dzi\u0119kujemy <\/span><span class=\"_fadeIn_m1hgl_8\">wszystkim <\/span><span class=\"_fadeIn_m1hgl_8\">nauczycielom, <\/span><span class=\"_fadeIn_m1hgl_8\">kt\u00f3rzy <\/span><span class=\"_fadeIn_m1hgl_8\">odwa\u017cyli <\/span><span class=\"_fadeIn_m1hgl_8\">si\u0119 <\/span><span class=\"_fadeIn_m1hgl_8\">podzieli\u0107 <\/span><span class=\"_fadeIn_m1hgl_8\">swoimi <\/span><span class=\"_fadeIn_m1hgl_8\">zdj\u0119ciami.&nbsp;<\/span><\/span><\/p>\nngg_shortcode_0_placeholder\n<h1 dir=\"auto\" style=\"text-align: center;\"><span style=\"color: #000080;\"><strong>Listopad<\/strong><\/span><\/h1>\n<div dir=\"auto\">&nbsp;<\/div>\n<div dir=\"auto\"><span style=\"color: #000080;\"><strong>Specjalne wydanie gazetki &#8222;Jedyneczka&#8221;<\/strong><\/span><\/div>\n<div dir=\"auto\"><span style=\"color: #000080;\">Zapraszamy do lektury najnowszego, specjalnego wydania numeru szkolnej gazetki \u201eJedyneczka\u201d. Jest to gazetka szczeg\u00f3lna, w ca\u0142o\u015bci po\u015bwi\u0119cona zmar\u0142ym nauczycielom i pracownikom naszej szko\u0142y. Redaguj\u0105c takie wydanie gazetki, chcieli\u015bmy wspomnie\u0107, tych kt\u00f3rych ju\u017c nie ma w\u015br\u00f3d nas. Poza tym praca nad gazetk\u0105 stanowi\u0142a kolejny element przygotowa\u0144 do 60 \u2013 lecia naszej szko\u0142y.&nbsp;<\/span><\/div>\n<h1 class=\"xdj266r x11i5rnm xat24cr x1mh8g0r x1vvkbs x126k92a\"><span style=\"color: #000080;\"><strong><a style=\"color: #000080;\" href=\"https:\/\/sp1hrubieszow.pl\/wp-content\/uploads\/2024\/11\/2024.04-Jedyneczka.pdf\">Jedyneczka &#8211; wydanie specjalne<\/a><\/strong><\/span><\/h1>\n<div dir=\"auto\">&nbsp;<\/div>\n<div dir=\"auto\"><span style=\"color: #000080;\"><strong>Odwiedzili\u015bmy groby zmar\u0142ych nauczycieli i pracownik\u00f3w szko\u0142y&nbsp;<\/strong><\/span><\/div>\n<div dir=\"auto\">&nbsp;<\/div>\n<div dir=\"auto\"><span style=\"color: #000080;\">31 pa\u017adziernika 2024 roku uczniowie klasy 7b pod opiek\u0105 wychowawczyni pani Marty Lackowskiej oraz pani Agnieszki K\u0142ody, wybrali si\u0119 na pobliski cmentarz, aby odwiedzi\u0107 groby zmar\u0142ych nauczycieli i pracownik\u00f3w zwi\u0105zanych z nasz\u0105 szko\u0142\u0105. Wyj\u015bcie mia\u0142o na celu uczczenie pami\u0119ci tych, kt\u00f3rzy odeszli oraz zainspirowanie uczni\u00f3w do refleksji nad znaczeniem szacunku dla przesz\u0142o\u015bci i pami\u0119ci o zmar\u0142ych.<\/span><\/div>\n<div class=\"x11i5rnm xat24cr x1mh8g0r x1vvkbs xtlvy1s x126k92a\">\n<div dir=\"auto\"><span style=\"color: #000080;\">Po przybyciu na cmentarz uczniowie odwiedzili poszczeg\u00f3lne groby i zapalali znicze. Przy ka\u017cdym grobie uczestnicy zatrzymywali si\u0119 na chwil\u0119 zadumy, okazuj\u0105c szacunek oraz wdzi\u0119czno\u015b\u0107.<\/span><\/div>\n<div dir=\"auto\"><span style=\"color: #000080;\">Zorganizowane wyj\u015bcie na groby zmar\u0142ych nauczycieli i pracownik\u00f3w obs\u0142ugi, to kolejny krok w przygotowaniach do 60-lecia naszej szko\u0142y. Na ka\u017cdym kroku staramy si\u0119 podkre\u015bla\u0107 histori\u0119 naszej plac\u00f3wki oraz wspominamy tych, kt\u00f3rzy j\u0105 tworzyli.<\/span><\/div>\n<\/div>\n<div dir=\"auto\">\nngg_shortcode_1_placeholder\n<\/div>\n<div class=\"x11i5rnm xat24cr x1mh8g0r x1vvkbs xtlvy1s x126k92a\">\n<div dir=\"auto\">&nbsp;<\/div>\n<\/div>\n<h1 style=\"text-align: center;\"><strong><span style=\"color: #000080;\">Pa\u017adziernik<\/span><\/strong><\/h1>\n<p><strong><span style=\"color: #000080;\">Wystawa: Nauczyciele na przestrzeni lat \u2013 pocz\u0105tek obchod\u00f3w 60-lecia szko\u0142y<\/span><\/strong><\/p>\n<div class=\"xdj266r x11i5rnm xat24cr x1mh8g0r x1vvkbs x126k92a\">\n<div dir=\"auto\"><span style=\"color: #000080;\">Z rado\u015bci\u0105 informujemy, \u017ce w naszej szkole zainaugurowali\u015bmy obchody 60-lecia jej istnienia (g\u0142\u00f3wne uroczysto\u015bci zaplanowane s\u0105 na wrzesie\u0144 2025).<\/span><\/div>\n<\/div>\n<div class=\"x11i5rnm xat24cr x1mh8g0r x1vvkbs xtlvy1s x126k92a\">\n<div dir=\"auto\"><span style=\"color: #000080;\">Pierwszym wydarzeniem z tej okazji jest wyj\u0105tkowa wystawa, na kt\u00f3rej mo\u017cna zobaczy\u0107 zdj\u0119cia nauczycieli pracuj\u0105cych w naszej plac\u00f3wce na przestrzeni sze\u015bciu dekad.<\/span><\/div>\n<\/div>\n<div class=\"x11i5rnm xat24cr x1mh8g0r x1vvkbs xtlvy1s x126k92a\">\n<div dir=\"auto\"><span style=\"color: #000080;\">Prezentacja zdj\u0119\u0107 jest ho\u0142dem dla nauczycieli, kt\u00f3rzy przez lata kszta\u0142towali kolejne pokolenia uczni\u00f3w, przyczyniaj\u0105c si\u0119 do rozwoju naszej szko\u0142y. Fotografie ukazuj\u0105, jak zmienia\u0142y si\u0119 osoby, kt\u00f3re ka\u017cdego dnia towarzyszy\u0142y nam w nauce, pracy i wsp\u00f3lnym \u017cyciu szkolnym.<\/span><\/div>\n<\/div>\n<div class=\"x11i5rnm xat24cr x1mh8g0r x1vvkbs xtlvy1s x126k92a\">\n<div dir=\"auto\"><span style=\"color: #000080;\">Wystawa zosta\u0142a przygotowana przez p. Ew\u0119 Szostak, p. Renat\u0119 Danilczuk i p. Mart\u0119 Lackowsk\u0105.<\/span><\/div>\n<div dir=\"auto\"><span style=\"color: #000080;\">Dzi\u0119kujemy wszystkim, kt\u00f3rzy udost\u0119pnili nam swoje zdj\u0119cia.<\/span><\/div>\n<div dir=\"auto\">\nngg_shortcode_2_placeholder\n<\/div>\n<div dir=\"auto\">&nbsp;<\/div>\n<\/div>\n","protected":false},"excerpt":{"rendered":"<p>Jedyneczka 60 lat Jubileusz 60-lecia Szko\u0142y Podstawowej Nr1 im. Boles\u0142awa Prusa w Hrubieszowie &nbsp; To ju\u017c 60 lat mija od chwili, gdy w naszym mie\u015bcie zosta\u0142a oddana do u\u017cytk\u00f3w Szko\u0142a Podstawowa Nr 1 im. Boles\u0142awa Prusa w Hrubieszowie. Tegoroczne \u015bwi\u0119to jest jednak wyj\u0105tkowe, poniewa\u017c wpisuje si\u0119 w obchody&nbsp;625-lecia naszego miasta \u2013 Hrubieszowa. To wspania\u0142a okazja, [&hellip;]<\/p>\n","protected":false},"author":2,"featured_media":0,"parent":0,"menu_order":0,"comment_status":"closed","ping_status":"closed","template":"","meta":{"ngg_post_thumbnail":0,"footnotes":""},"class_list":["post-27585","page","type-page","status-publish","hentry"],"_links":{"self":[{"href":"https:\/\/sp1hrubieszow.pl\/index.php\/wp-json\/wp\/v2\/pages\/27585","targetHints":{"allow":["GET"]}}],"collection":[{"href":"https:\/\/sp1hrubieszow.pl\/index.php\/wp-json\/wp\/v2\/pages"}],"about":[{"href":"https:\/\/sp1hrubieszow.pl\/index.php\/wp-json\/wp\/v2\/types\/page"}],"author":[{"embeddable":true,"href":"https:\/\/sp1hrubieszow.pl\/index.php\/wp-json\/wp\/v2\/users\/2"}],"replies":[{"embeddable":true,"href":"https:\/\/sp1hrubieszow.pl\/index.php\/wp-json\/wp\/v2\/comments?post=27585"}],"version-history":[{"count":13,"href":"https:\/\/sp1hrubieszow.pl\/index.php\/wp-json\/wp\/v2\/pages\/27585\/revisions"}],"predecessor-version":[{"id":29184,"href":"https:\/\/sp1hrubieszow.pl\/index.php\/wp-json\/wp\/v2\/pages\/27585\/revisions\/29184"}],"wp:attachment":[{"href":"https:\/\/sp1hrubieszow.pl\/index.php\/wp-json\/wp\/v2\/media?parent=27585"}],"curies":[{"name":"wp","href":"https:\/\/api.w.org\/{rel}","templated":true}]}}