{"id":27554,"date":"2024-10-19T16:16:51","date_gmt":"2024-10-19T14:16:51","guid":{"rendered":"https:\/\/sp1hrubieszow.pl\/?page_id=27554"},"modified":"2024-10-19T16:17:35","modified_gmt":"2024-10-19T14:17:35","slug":"swiatowy-dzien-zwierzat-2","status":"publish","type":"page","link":"https:\/\/sp1hrubieszow.pl\/index.php\/kronika-2020-2021\/swiatowy-dzien-zwierzat-2\/","title":{"rendered":"\u015awiatowy Dzie\u0144 Zwierz\u0105t"},"content":{"rendered":"\n<div class=\"xdj266r x11i5rnm xat24cr x1mh8g0r x1vvkbs x126k92a\">\n<div dir=\"auto\"><span style=\"color: #000080;\">W naszej szkole z okazji \u015awiatowego Dnia Zwierz\u0105t zosta\u0142y zorganizowane dwa konkursy: konkurs na najpi\u0119kniejsze przebranie \u201eM\u00f3j ulubiony zwierzak\u201d dla uczni\u00f3w z klas 1-3 oraz konkurs fotograficzny \u201eZabawny pupil\u201d dla klas 4-8.<\/span><\/div>\n<div dir=\"auto\"><span style=\"color: #000080;\">4 pa\u017adziernika 2024 roku, kiedy obchodzony jest \u015awiatowy Dzie\u0144 Zwierz\u0105t ch\u0119tne dzieci przysz\u0142y w przebraniach. Spotka\u0142y si\u0119 w sali korekcyjnej, gdzie komisja konkursowa w sk\u0142adzie: Paulina Seweryn, Justyna Przybik i Angelika Nowak dokona\u0142a przegl\u0105du i oceny zaprezentowanych kostium\u00f3w. Doceni\u0142a przede wszystkim pomys\u0142owo\u015b\u0107 i oryginalno\u015b\u0107 stroju.<\/span><\/div>\n<div dir=\"auto\"><span style=\"color: #000080;\">Wy\u0142oniono nast\u0119puj\u0105cych laureat\u00f3w:<\/span><\/div>\n<div dir=\"auto\"><span style=\"color: #000080;\">I miejsce: Hanna Teterycz z klasy 1b,<\/span><\/div>\n<div dir=\"auto\"><span style=\"color: #000080;\">II miejsce: Jakub Bia\u0142osiewicz z klasy 1a,<\/span><\/div>\n<div dir=\"auto\"><span style=\"color: #000080;\">III miejsce: Nikola G\u0142owacz z klasy 2b,<\/span><\/div>\n<div dir=\"auto\"><span style=\"color: #000080;\">III miejsce ex aequo: Konrad Dziadosz z klasy 1a .<\/span><\/div>\n<div dir=\"auto\"><span style=\"color: #000080;\">Wyr\u00f3\u017cnienia:<\/span><\/div>\n<div dir=\"auto\"><span style=\"color: #000080;\">Hubert Stankiewicz z klasy 1a,<\/span><\/div>\n<div dir=\"auto\"><span style=\"color: #000080;\">Kornel Oleczek z klasy 1a,<\/span><\/div>\n<div dir=\"auto\"><span style=\"color: #000080;\">Nikola Kami\u0144ska z klasy 2c.<\/span><\/div>\n<\/div>\n<div class=\"x11i5rnm xat24cr x1mh8g0r x1vvkbs xtlvy1s x126k92a\">\n<div dir=\"auto\"><span style=\"color: #000080;\">Starsi uczniowie z kolei przesy\u0142ali zabawne fotografie. Laureaci zostali wy\u0142onieni w drodze g\u0142osowania internetowego na szkolnym Facebooku. G\u0142osowanie trwa\u0142o do dnia 3 pa\u017adziernika 2024 roku.<\/span><\/div>\n<div dir=\"auto\"><span style=\"color: #000080;\">Nagrodzeni uczniowie:<\/span><\/div>\n<div dir=\"auto\"><span style=\"color: #000080;\">I miejsce: Gabriela Skowron-Dzieniak z klasy 6c z 563 g\u0142osami,<\/span><\/div>\n<div dir=\"auto\"><span style=\"color: #000080;\">II miejsce: Kornelia Rzepka z klasy 6a z 456 g\u0142osami,<\/span><\/div>\n<div dir=\"auto\"><span style=\"color: #000080;\">III miejsce: Lena Ho\u0142\u00f3wek z klasy 8c z 448 g\u0142osami.<\/span><\/div>\n<div dir=\"auto\">\nngg_shortcode_0_placeholder\n<\/div>\n<\/div>\n","protected":false},"excerpt":{"rendered":"<p>W naszej szkole z okazji \u015awiatowego Dnia Zwierz\u0105t zosta\u0142y zorganizowane dwa konkursy: konkurs na najpi\u0119kniejsze przebranie \u201eM\u00f3j ulubiony zwierzak\u201d dla uczni\u00f3w z klas 1-3 oraz konkurs fotograficzny \u201eZabawny pupil\u201d dla klas 4-8. 4 pa\u017adziernika 2024 roku, kiedy obchodzony jest \u015awiatowy Dzie\u0144 Zwierz\u0105t ch\u0119tne dzieci przysz\u0142y w przebraniach. Spotka\u0142y si\u0119 w sali korekcyjnej, gdzie komisja konkursowa [&hellip;]<\/p>\n","protected":false},"author":2,"featured_media":0,"parent":5983,"menu_order":0,"comment_status":"closed","ping_status":"closed","template":"","meta":{"ngg_post_thumbnail":0,"footnotes":""},"class_list":["post-27554","page","type-page","status-publish","hentry"],"_links":{"self":[{"href":"https:\/\/sp1hrubieszow.pl\/index.php\/wp-json\/wp\/v2\/pages\/27554","targetHints":{"allow":["GET"]}}],"collection":[{"href":"https:\/\/sp1hrubieszow.pl\/index.php\/wp-json\/wp\/v2\/pages"}],"about":[{"href":"https:\/\/sp1hrubieszow.pl\/index.php\/wp-json\/wp\/v2\/types\/page"}],"author":[{"embeddable":true,"href":"https:\/\/sp1hrubieszow.pl\/index.php\/wp-json\/wp\/v2\/users\/2"}],"replies":[{"embeddable":true,"href":"https:\/\/sp1hrubieszow.pl\/index.php\/wp-json\/wp\/v2\/comments?post=27554"}],"version-history":[{"count":1,"href":"https:\/\/sp1hrubieszow.pl\/index.php\/wp-json\/wp\/v2\/pages\/27554\/revisions"}],"predecessor-version":[{"id":27555,"href":"https:\/\/sp1hrubieszow.pl\/index.php\/wp-json\/wp\/v2\/pages\/27554\/revisions\/27555"}],"up":[{"embeddable":true,"href":"https:\/\/sp1hrubieszow.pl\/index.php\/wp-json\/wp\/v2\/pages\/5983"}],"wp:attachment":[{"href":"https:\/\/sp1hrubieszow.pl\/index.php\/wp-json\/wp\/v2\/media?parent=27554"}],"curies":[{"name":"wp","href":"https:\/\/api.w.org\/{rel}","templated":true}]}}