{"id":27550,"date":"2024-10-19T16:13:46","date_gmt":"2024-10-19T14:13:46","guid":{"rendered":"https:\/\/sp1hrubieszow.pl\/?page_id=27550"},"modified":"2024-10-19T16:14:13","modified_gmt":"2024-10-19T14:14:13","slug":"europejski-tydzien-swiadomosci-dysleksji-2","status":"publish","type":"page","link":"https:\/\/sp1hrubieszow.pl\/index.php\/kronika-2020-2021\/europejski-tydzien-swiadomosci-dysleksji-2\/","title":{"rendered":"Europejski Tydzie\u0144 \u015awiadomo\u015bci Dysleksji"},"content":{"rendered":"\n<p><span style=\"color: #000080;\">W dniu 8 pa\u017adziernika 2024r.,w Szkole Podstawowej Nr 1 w Hrubieszowie zorganizowano akcj\u0119 czytelnicz\u0105 dla najm\u0142odszych pt. \u201eCzytaMy z Bratkiem\u201d. Bajki terapeutyczne \u201eOrtograffiti z Bratkiem\u201d by\u0142y czytane przez mi\u0142o\u015bnik\u00f3w czytania ksi\u0105\u017cek z klasy 4a: Natali\u0119, Hani\u0119, Zuzi\u0119 K., Zuzi\u0119 P. Ad\u0119, Juli\u0119, Pol\u0119, Agatk\u0119 i Alana. Uczestnikami tego mi\u0142ego wydarzenia by\u0142y dzieci z klas pierwszych, kt\u00f3re z zainteresowaniem s\u0142ucha\u0142y bajek o przygodach Bratka oraz odpowiada\u0142y na zadawane pytania do wys\u0142uchanego tekstu. Uczniowie, kt\u00f3rzy aktywnie s\u0142uchali bajek, otrzymali naklejki Klubu Ortograffiti. Pierwszoklasi\u015bci przekonali si\u0119 o tym, \u017ce warto uczy\u0107 si\u0119 czytania i pisania, czyta\u0107 ksi\u0105\u017cki oraz nie poddawa\u0107 si\u0119 w sytuacji napotkanych trudno\u015bci w szkole.<\/span><\/p>\n<p><span style=\"color: #000080;\">&#8222;Literkowy zawr\u00f3t g\u0142owy\u201d w klasie 1a. Z tym wyj\u0105tkowym tygodniu, podczas kt\u00f3rego przypominamy wszystkim, czym s\u0105 specyficzne trudno\u015bci w uczeniu si\u0119, przedstawiciele Szkolnego Klubu Ortograffiti odwiedzili pierwszoklasist\u00f3w i przeprowadzili zabawy edukacyjne, polegaj\u0105ce na poznawaniu i utrwalaniu liter. Zaprezentowano sposoby na poprawne kre\u015blenie kszta\u0142tu liter z wykorzystaniem alfabetu sensorycznego. Dzieci wykonywa\u0142y wybrane litery z klock\u00f3w edukacyjnych z programu Laboratoria Przysz\u0142o\u015bci. Uczniowie ze starszych klas przedstawili sposoby na sprawniejsze czytanie przy pomocy wska\u017anik\u00f3w i nak\u0142adek do czytania. Podczas zaj\u0119\u0107 panowa\u0142a bardzo przyjazna i mi\u0142a atmosfera a dzieci chetnie bra\u0142y udzia\u0142 w zabawach edukacyjnych. Zaj\u0119cia zorganizowa\u0142y: p. Ma\u0142gorzata Serafin, wychowawczyni klasy 1 a oraz p. Marta Kuczy\u0144ska, opiekun Szkolnego Klubu Ortograffiti wraz z uczniami z kl. 8b: Agat\u0105, Magdalen\u0105 i \u0141ukaszem.<\/span><\/p>\nngg_shortcode_0_placeholder\n","protected":false},"excerpt":{"rendered":"<p>W dniu 8 pa\u017adziernika 2024r.,w Szkole Podstawowej Nr 1 w Hrubieszowie zorganizowano akcj\u0119 czytelnicz\u0105 dla najm\u0142odszych pt. \u201eCzytaMy z Bratkiem\u201d. Bajki terapeutyczne \u201eOrtograffiti z Bratkiem\u201d by\u0142y czytane przez mi\u0142o\u015bnik\u00f3w czytania ksi\u0105\u017cek z klasy 4a: Natali\u0119, Hani\u0119, Zuzi\u0119 K., Zuzi\u0119 P. Ad\u0119, Juli\u0119, Pol\u0119, Agatk\u0119 i Alana. Uczestnikami tego mi\u0142ego wydarzenia by\u0142y dzieci z klas pierwszych, [&hellip;]<\/p>\n","protected":false},"author":2,"featured_media":0,"parent":5983,"menu_order":0,"comment_status":"closed","ping_status":"closed","template":"","meta":{"ngg_post_thumbnail":0,"footnotes":""},"class_list":["post-27550","page","type-page","status-publish","hentry"],"_links":{"self":[{"href":"https:\/\/sp1hrubieszow.pl\/index.php\/wp-json\/wp\/v2\/pages\/27550","targetHints":{"allow":["GET"]}}],"collection":[{"href":"https:\/\/sp1hrubieszow.pl\/index.php\/wp-json\/wp\/v2\/pages"}],"about":[{"href":"https:\/\/sp1hrubieszow.pl\/index.php\/wp-json\/wp\/v2\/types\/page"}],"author":[{"embeddable":true,"href":"https:\/\/sp1hrubieszow.pl\/index.php\/wp-json\/wp\/v2\/users\/2"}],"replies":[{"embeddable":true,"href":"https:\/\/sp1hrubieszow.pl\/index.php\/wp-json\/wp\/v2\/comments?post=27550"}],"version-history":[{"count":1,"href":"https:\/\/sp1hrubieszow.pl\/index.php\/wp-json\/wp\/v2\/pages\/27550\/revisions"}],"predecessor-version":[{"id":27551,"href":"https:\/\/sp1hrubieszow.pl\/index.php\/wp-json\/wp\/v2\/pages\/27550\/revisions\/27551"}],"up":[{"embeddable":true,"href":"https:\/\/sp1hrubieszow.pl\/index.php\/wp-json\/wp\/v2\/pages\/5983"}],"wp:attachment":[{"href":"https:\/\/sp1hrubieszow.pl\/index.php\/wp-json\/wp\/v2\/media?parent=27550"}],"curies":[{"name":"wp","href":"https:\/\/api.w.org\/{rel}","templated":true}]}}