{"id":27488,"date":"2024-10-17T19:53:59","date_gmt":"2024-10-17T17:53:59","guid":{"rendered":"https:\/\/sp1hrubieszow.pl\/?page_id=27488"},"modified":"2024-10-17T20:04:12","modified_gmt":"2024-10-17T18:04:12","slug":"klasa-4b-w-valentino","status":"publish","type":"page","link":"https:\/\/sp1hrubieszow.pl\/index.php\/kronika-2020-2021\/klasa-4b-w-valentino\/","title":{"rendered":"Klasa 4b w Valentino"},"content":{"rendered":"\n<p><span style=\"color: #000080;\">16 pa\u017adziernika 2024 r. uczniowie klasy 4 b wraz z wychowawc\u0105 p. Joann\u0105 Grzeszczuk wybrali si\u0119 na pizz\u0119 do pobliskiej restauracji Valentino. By\u0142a to doskona\u0142a okazja do integracji, wzmacniania relacji r\u00f3wie\u015bniczych oraz wsp\u00f3lnego sp\u0119dzania czasu w mi\u0142ej atmosferze.<\/span><\/p>\nngg_shortcode_0_placeholder\n","protected":false},"excerpt":{"rendered":"<p>16 pa\u017adziernika 2024 r. uczniowie klasy 4 b wraz z wychowawc\u0105 p. Joann\u0105 Grzeszczuk wybrali si\u0119 na pizz\u0119 do pobliskiej restauracji Valentino. By\u0142a to doskona\u0142a okazja do integracji, wzmacniania relacji r\u00f3wie\u015bniczych oraz wsp\u00f3lnego sp\u0119dzania czasu w mi\u0142ej atmosferze.<\/p>\n","protected":false},"author":2,"featured_media":0,"parent":5983,"menu_order":0,"comment_status":"closed","ping_status":"closed","template":"","meta":{"ngg_post_thumbnail":0,"footnotes":""},"class_list":["post-27488","page","type-page","status-publish","hentry"],"_links":{"self":[{"href":"https:\/\/sp1hrubieszow.pl\/index.php\/wp-json\/wp\/v2\/pages\/27488","targetHints":{"allow":["GET"]}}],"collection":[{"href":"https:\/\/sp1hrubieszow.pl\/index.php\/wp-json\/wp\/v2\/pages"}],"about":[{"href":"https:\/\/sp1hrubieszow.pl\/index.php\/wp-json\/wp\/v2\/types\/page"}],"author":[{"embeddable":true,"href":"https:\/\/sp1hrubieszow.pl\/index.php\/wp-json\/wp\/v2\/users\/2"}],"replies":[{"embeddable":true,"href":"https:\/\/sp1hrubieszow.pl\/index.php\/wp-json\/wp\/v2\/comments?post=27488"}],"version-history":[{"count":1,"href":"https:\/\/sp1hrubieszow.pl\/index.php\/wp-json\/wp\/v2\/pages\/27488\/revisions"}],"predecessor-version":[{"id":27489,"href":"https:\/\/sp1hrubieszow.pl\/index.php\/wp-json\/wp\/v2\/pages\/27488\/revisions\/27489"}],"up":[{"embeddable":true,"href":"https:\/\/sp1hrubieszow.pl\/index.php\/wp-json\/wp\/v2\/pages\/5983"}],"wp:attachment":[{"href":"https:\/\/sp1hrubieszow.pl\/index.php\/wp-json\/wp\/v2\/media?parent=27488"}],"curies":[{"name":"wp","href":"https:\/\/api.w.org\/{rel}","templated":true}]}}