{"id":27479,"date":"2024-10-16T21:28:26","date_gmt":"2024-10-16T19:28:26","guid":{"rendered":"https:\/\/sp1hrubieszow.pl\/?page_id=27479"},"modified":"2024-10-16T21:29:23","modified_gmt":"2024-10-16T19:29:23","slug":"iv-edycja-miedzyszkolnego-konkursu-plastycznego-pt-mediacja-sposobem-na-konflikt-wreczenie-nagrod","status":"publish","type":"page","link":"https:\/\/sp1hrubieszow.pl\/index.php\/kronika-2020-2021\/iv-edycja-miedzyszkolnego-konkursu-plastycznego-pt-mediacja-sposobem-na-konflikt-wreczenie-nagrod\/","title":{"rendered":"IV edycja mi\u0119dzyszkolnego konkursu plastycznego pt. \u201eMediacja sposobem na konflikt\u201d-wr\u0119czenie nagr\u00f3d"},"content":{"rendered":"\n<div class=\"x11i5rnm xat24cr x1mh8g0r x1vvkbs xtlvy1s x126k92a\">\n<div dir=\"auto\"><span style=\"color: #000080;\">W dniu 16.10.2024r. w Szkole Podstawowej Nr 1 im. Boles\u0142awa Prusa w Hrubieszowie, podsumowano IV edycj\u0119 konkursu, maj\u0105cego na celu propagowanie idei mediacji i mediacji r\u00f3wie\u015bniczych w\u015br\u00f3d dzieci i m\u0142odzie\u017cy ze szk\u00f3\u0142 podstawowych i ponadpodstawowych.<\/span><\/div>\n<div dir=\"auto\"><span style=\"color: #000080;\">Wzorem lat ubieg\u0142ych, wydarzenie zosta\u0142o obj\u0119te honorowym patronatem Burmistrza Miasta Hrubieszowa, Pani Marty Majewskiej oraz Prezesa S\u0105du Rejonowego w Hrubieszowie, Pana Adama Pisiewicza.<\/span><\/div>\n<div dir=\"auto\"><span style=\"color: #000080;\">W IV edycji konkursu pt. \u201eMediacja sposobem na konflikt\u201d nagrody zdobyli nast\u0119puj\u0105cy uczniowie:<\/span><\/div>\n<div dir=\"auto\"><span style=\"color: #000080;\">Szko\u0142y podstawowe<\/span><\/div>\n<div dir=\"auto\"><span style=\"color: #000080;\">I miejsce: \u0141ucja Dorman, Szko\u0142a Podstawowa nr 1 im. Boles\u0142awa Prusa w Hrubieszowie<\/span><\/div>\n<div dir=\"auto\"><span style=\"color: #000080;\">II miejsce: Hanna Lipska, Szko\u0142a Podstawowa nr 3 im. mjr. H. Dobrza\u0144skiego \u201eHubala\u201d w Hrubieszowie<\/span><\/div>\n<div dir=\"auto\"><span style=\"color: #000080;\">III miejsce: Lena Mizerska, Publiczna Szko\u0142a Podstawowa im. Boles\u0142awa Prusa w Zespole Szkolno-Przedszkolnym w Mirczu<\/span><\/div>\n<div dir=\"auto\"><span style=\"color: #000080;\">Wyr\u00f3\u017cnienia:<\/span><\/div>\n<div dir=\"auto\"><span style=\"color: #000080;\">1.Wiktoria Zygmunt, Szko\u0142a Podstawowa nr 4 w Bi\u0142goraju<\/span><\/div>\n<div dir=\"auto\"><span style=\"color: #000080;\">2.Lena Bara\u0144czuk, Szko\u0142a Podstawowa nr 3 im. mjr. H. Dobrza\u0144skiego \u201eHubala\u201d w Hrubieszowie<\/span><\/div>\n<div dir=\"auto\"><span style=\"color: #000080;\">3. Jagoda Szczepanik, Szko\u0142a Podstawowa nr 1 im. Boles\u0142awa Prusa w Hrubieszowie<\/span><\/div>\n<\/div>\n<div class=\"x11i5rnm xat24cr x1mh8g0r x1vvkbs xtlvy1s x126k92a\">\n<div dir=\"auto\"><span style=\"color: #000080;\">Szko\u0142y ponadpodstawowe:<\/span><\/div>\n<div dir=\"auto\"><span style=\"color: #000080;\">I miejsce: Oliwia Romanowicz, Zesp\u00f3\u0142 Szk\u00f3\u0142 nr 1 w Hrubieszowie<\/span><\/div>\n<div dir=\"auto\"><span style=\"color: #000080;\">II miejsce: Agnieszka Flak, I Liceum Og\u00f3lnokszta\u0142c\u0105ce im. Ks. Stanis\u0142awa w Hrubieszowie<\/span><\/div>\n<div dir=\"auto\"><span style=\"color: #000080;\">III miejsce: Aleksandra Palichleb, II Liceum Og\u00f3lnokszta\u0142c\u0105ce, im. Tadeusza Ko\u015bciuszki w Hrubieszowie<\/span><\/div>\n<\/div>\n<div class=\"x11i5rnm xat24cr x1mh8g0r x1vvkbs xtlvy1s x126k92a\">\n<div dir=\"auto\"><span style=\"color: #000080;\">Wyr\u00f3\u017cnienia:<\/span><\/div>\n<div dir=\"auto\"><span style=\"color: #000080;\">1.Wiktoria Szka\u0142uba, I Liceum Og\u00f3lnokszta\u0142c\u0105ce im. Ks. Stanis\u0142awa w Hrubieszowie<\/span><\/div>\n<div dir=\"auto\"><span style=\"color: #000080;\">2.Ewelina Tyrka, Zesp\u00f3\u0142 Szk\u00f3\u0142 nr 1 w Hrubieszowie<\/span><\/div>\n<div dir=\"auto\"><span style=\"color: #000080;\">3.Mateusz R\u0119becki-Pawlos, Zesp\u00f3\u0142 Szk\u00f3\u0142 nr 1 w Hrubieszowie<\/span><\/div>\n<\/div>\n<div class=\"x11i5rnm xat24cr x1mh8g0r x1vvkbs xtlvy1s x126k92a\">\n<div dir=\"auto\"><span style=\"color: #000080;\">Wyr\u00f3\u017cnienia specjalne mediator\u00f3w r\u00f3wie\u015bniczych otrzymali:<\/span><\/div>\n<div dir=\"auto\"><span style=\"color: #000080;\">1.Tyberiusz J\u0119druszczak, Szko\u0142a Podstawowa nr 3 im. mjr. H. Dobrza\u0144skiego \u201eHubala\u201d w Hrubieszowie<\/span><\/div>\n<div dir=\"auto\"><span style=\"color: #000080;\">2. Wiktoria Pliszka, Szko\u0142a Podstawowa nr 2 im. Kardyna\u0142a Stefana Wyszy\u0144skiego w Hrubieszowie<\/span><\/div>\n<div dir=\"auto\"><span style=\"color: #000080;\">3. Nikola Pietryna, Szko\u0142a Podstawowa nr 1 im. Boles\u0142awa Prusa w Hrubieszowie<\/span><\/div>\n<\/div>\n<div class=\"x11i5rnm xat24cr x1mh8g0r x1vvkbs xtlvy1s x126k92a\">\n<div dir=\"auto\"><span style=\"color: #000080;\">Podzi\u0119kowania za ufundowanie nagr\u00f3d i upomink\u00f3w. kierujemy do Gminy Miejskiej Hrubiesz\u00f3w oraz do S\u0105du Rejonowego w Hrubieszowie.<\/span><\/div>\n<\/div>\n<div class=\"x11i5rnm xat24cr x1mh8g0r x1vvkbs xtlvy1s x126k92a\">\n<div dir=\"auto\"><span style=\"color: #000080;\">Spotkanie podsumowuj\u0105ce konkurs plastyczny, zorganizowane w \u201eTygodniu Mediacji\u201d, sta\u0142o si\u0119 tak\u017ce okazj\u0119 do wr\u0119czenia Certyfikat\u00f3w Mediatora R\u00f3wie\u015bniczego dwudziestu czterem uczniom ze Szko\u0142y Podstawowej nr 1 im. Boles\u0142awa Prusa w Hrubieszowie, kt\u00f3rzy w okresie od wrze\u015bnia 2023r. do pa\u017adziernika 2024r. odbywali specjalistyczne szkolenie, przygotowuj\u0105ce ich do prowadzenia mediacji r\u00f3wie\u015bniczych w szkole, pod opiek\u0105 doros\u0142ego mediatora szkolnego.<\/span><\/div>\n<\/div>\n<div class=\"x11i5rnm xat24cr x1mh8g0r x1vvkbs xtlvy1s x126k92a\">\n<div dir=\"auto\"><span style=\"color: #000080;\">Gratulujemy laureatom konkursu, ich Rodzicom i opiekunom z ramienia szk\u00f3\u0142. Trzymamy kciuki za nowych mediator\u00f3w r\u00f3wie\u015bniczych ze Szkolnego Klubu Mediatora SP1 Hrubiesz\u00f3w.<\/span><\/div>\n<div dir=\"auto\"><span style=\"color: #000080;\">Organizator konkursu dla uczni\u00f3w i szkolenia dla mediator\u00f3w r\u00f3wie\u015bniczych-Marta Kuczy\u0144ska<\/span><\/div>\n<div dir=\"auto\">\nngg_shortcode_0_placeholder\n<\/div>\n<\/div>\n","protected":false},"excerpt":{"rendered":"<p>W dniu 16.10.2024r. w Szkole Podstawowej Nr 1 im. Boles\u0142awa Prusa w Hrubieszowie, podsumowano IV edycj\u0119 konkursu, maj\u0105cego na celu propagowanie idei mediacji i mediacji r\u00f3wie\u015bniczych w\u015br\u00f3d dzieci i m\u0142odzie\u017cy ze szk\u00f3\u0142 podstawowych i ponadpodstawowych. Wzorem lat ubieg\u0142ych, wydarzenie zosta\u0142o obj\u0119te honorowym patronatem Burmistrza Miasta Hrubieszowa, Pani Marty Majewskiej oraz Prezesa S\u0105du Rejonowego w Hrubieszowie, [&hellip;]<\/p>\n","protected":false},"author":2,"featured_media":0,"parent":5983,"menu_order":0,"comment_status":"closed","ping_status":"closed","template":"","meta":{"ngg_post_thumbnail":0,"footnotes":""},"class_list":["post-27479","page","type-page","status-publish","hentry"],"_links":{"self":[{"href":"https:\/\/sp1hrubieszow.pl\/index.php\/wp-json\/wp\/v2\/pages\/27479","targetHints":{"allow":["GET"]}}],"collection":[{"href":"https:\/\/sp1hrubieszow.pl\/index.php\/wp-json\/wp\/v2\/pages"}],"about":[{"href":"https:\/\/sp1hrubieszow.pl\/index.php\/wp-json\/wp\/v2\/types\/page"}],"author":[{"embeddable":true,"href":"https:\/\/sp1hrubieszow.pl\/index.php\/wp-json\/wp\/v2\/users\/2"}],"replies":[{"embeddable":true,"href":"https:\/\/sp1hrubieszow.pl\/index.php\/wp-json\/wp\/v2\/comments?post=27479"}],"version-history":[{"count":1,"href":"https:\/\/sp1hrubieszow.pl\/index.php\/wp-json\/wp\/v2\/pages\/27479\/revisions"}],"predecessor-version":[{"id":27480,"href":"https:\/\/sp1hrubieszow.pl\/index.php\/wp-json\/wp\/v2\/pages\/27479\/revisions\/27480"}],"up":[{"embeddable":true,"href":"https:\/\/sp1hrubieszow.pl\/index.php\/wp-json\/wp\/v2\/pages\/5983"}],"wp:attachment":[{"href":"https:\/\/sp1hrubieszow.pl\/index.php\/wp-json\/wp\/v2\/media?parent=27479"}],"curies":[{"name":"wp","href":"https:\/\/api.w.org\/{rel}","templated":true}]}}