{"id":27419,"date":"2024-10-10T18:16:19","date_gmt":"2024-10-10T16:16:19","guid":{"rendered":"https:\/\/sp1hrubieszow.pl\/?page_id=27419"},"modified":"2024-10-10T18:16:19","modified_gmt":"2024-10-10T16:16:19","slug":"spotkanie-z-paniami-z-klubu-seniora","status":"publish","type":"page","link":"https:\/\/sp1hrubieszow.pl\/index.php\/kronika-2020-2021\/spotkanie-z-paniami-z-klubu-seniora\/","title":{"rendered":"Spotkanie z paniami z Klubu Seniora"},"content":{"rendered":"\n<p><span style=\"color: #000080;\">9 pa\u017adziernika 2024 r. w naszej szkole mia\u0142o miejsce spotkanie z paniami z Klubu Seniora, w kt\u00f3rym uczestniczy\u0142y klasy 4a i 4c.&nbsp; Odby\u0142o si\u0119 ono w ramach innowacji <\/span><br><span style=\"color: #000080;\">\u201eJa i senior \u2013 \u0142\u0105czymy pokolenia\u201d. Pasj\u0105 naszych go\u015bci jest szyde\u0142kowanie i tym hobby panie pr\u00f3bowa\u0142y zarazi\u0107 naszych&nbsp; czwartoklasist\u00f3w. Niekt\u00f3rzy uczniowie z wielkim zaci\u0119ciem pr\u00f3bowali swoich si\u0142 z szyde\u0142kiem i w\u0142\u00f3czk\u0105 i nawet sko\u0144czy\u0142o si\u0119 to sukcesem. Zaj\u0119cia bardzo si\u0119 podoba\u0142y, seniorki z wielk\u0105 cierpliwo\u015bci\u0105 t\u0142umaczy\u0142y arkana tej trudnej sztuki. Serdecznie dzi\u0119kujemy za spotkanie.<\/span><\/p>\nngg_shortcode_0_placeholder\n\n\n","protected":false},"excerpt":{"rendered":"<p>9 pa\u017adziernika 2024 r. w naszej szkole mia\u0142o miejsce spotkanie z paniami z Klubu Seniora, w kt\u00f3rym uczestniczy\u0142y klasy 4a i 4c.&nbsp; Odby\u0142o si\u0119 ono w ramach innowacji \u201eJa i senior \u2013 \u0142\u0105czymy pokolenia\u201d. Pasj\u0105 naszych go\u015bci jest szyde\u0142kowanie i tym hobby panie pr\u00f3bowa\u0142y zarazi\u0107 naszych&nbsp; czwartoklasist\u00f3w. Niekt\u00f3rzy uczniowie z wielkim zaci\u0119ciem pr\u00f3bowali swoich si\u0142 [&hellip;]<\/p>\n","protected":false},"author":4,"featured_media":0,"parent":5983,"menu_order":0,"comment_status":"closed","ping_status":"closed","template":"","meta":{"ngg_post_thumbnail":0,"footnotes":""},"class_list":["post-27419","page","type-page","status-publish","hentry"],"_links":{"self":[{"href":"https:\/\/sp1hrubieszow.pl\/index.php\/wp-json\/wp\/v2\/pages\/27419","targetHints":{"allow":["GET"]}}],"collection":[{"href":"https:\/\/sp1hrubieszow.pl\/index.php\/wp-json\/wp\/v2\/pages"}],"about":[{"href":"https:\/\/sp1hrubieszow.pl\/index.php\/wp-json\/wp\/v2\/types\/page"}],"author":[{"embeddable":true,"href":"https:\/\/sp1hrubieszow.pl\/index.php\/wp-json\/wp\/v2\/users\/4"}],"replies":[{"embeddable":true,"href":"https:\/\/sp1hrubieszow.pl\/index.php\/wp-json\/wp\/v2\/comments?post=27419"}],"version-history":[{"count":1,"href":"https:\/\/sp1hrubieszow.pl\/index.php\/wp-json\/wp\/v2\/pages\/27419\/revisions"}],"predecessor-version":[{"id":27420,"href":"https:\/\/sp1hrubieszow.pl\/index.php\/wp-json\/wp\/v2\/pages\/27419\/revisions\/27420"}],"up":[{"embeddable":true,"href":"https:\/\/sp1hrubieszow.pl\/index.php\/wp-json\/wp\/v2\/pages\/5983"}],"wp:attachment":[{"href":"https:\/\/sp1hrubieszow.pl\/index.php\/wp-json\/wp\/v2\/media?parent=27419"}],"curies":[{"name":"wp","href":"https:\/\/api.w.org\/{rel}","templated":true}]}}