{"id":27398,"date":"2024-10-09T20:51:15","date_gmt":"2024-10-09T18:51:15","guid":{"rendered":"https:\/\/sp1hrubieszow.pl\/?page_id=27398"},"modified":"2024-10-09T20:51:28","modified_gmt":"2024-10-09T18:51:28","slug":"co-po-podstawowce-wybierz-szkole-w-tydzien","status":"publish","type":"page","link":"https:\/\/sp1hrubieszow.pl\/index.php\/kronika-2020-2021\/co-po-podstawowce-wybierz-szkole-w-tydzien\/","title":{"rendered":"Co po podstaw\u00f3wce? Wybierz szko\u0142\u0119 w tydzie\u0144"},"content":{"rendered":"\n<p><span style=\"color: #000080;\">Jeste\u015b w si\u00f3dmej lub \u00f3smej klasie i zastanawiasz si\u0119 co dalej? MAPA KARIER proponuje pomoc w postaci bezp\u0142atnego cyklu mailowego. Wejd\u017a na stron\u0119 mapakarier.org na stref\u0119 m\u0142odzie\u017cy (https:\/\/mapakarier.org\/strefa-mlodziezy\/), a tam znajdziesz zak\u0142adk\u0119: <strong>Co po podstaw\u00f3wce? Wybierz<\/strong> <strong>szko\u0142\u0119 w tydzie\u0144.<\/strong> Zostaw tam sw\u00f3j adres e-mail i przez 7 dni otrzymuj praktyczne wskaz\u00f3wki dotycz\u0105ce wyboru szko\u0142y ponadpodstawowej. Rejestracja jest bezp\u0142atna!<\/span><\/p>\n<p><span style=\"color: #000080;\">Dowiesz si\u0119 m.in.:<\/span><\/p>\n<ul>\n<li><span style=\"color: #000080;\">Jakie kryteria wzi\u0105\u0107 pod uwag\u0119 wybieraj\u0105c szko\u0142\u0119 ponadpodstawow\u0105?<\/span><\/li>\n<li><span style=\"color: #000080;\">Jakie s\u0105 r\u00f3\u017cnice mi\u0119dzy typami szk\u00f3\u0142 (liceum, technikum, szko\u0142a bran\u017cowa)<\/span><\/li>\n<li><span style=\"color: #000080;\">Jakie profile i kierunku kszta\u0142cenia masz do wyboru<\/span><\/li>\n<li><span style=\"color: #000080;\">Jak i kiedy przebiega rekrutacja<\/span><\/li>\n<\/ul>\n<p><span style=\"color: #000080;\">W ka\u017cdym mailu otrzymasz praktyczne \u0107wiczenie, kt\u00f3re pomo\u017ce Ci w wyborze szko\u0142y.<\/span><\/p>\n","protected":false},"excerpt":{"rendered":"<p>Jeste\u015b w si\u00f3dmej lub \u00f3smej klasie i zastanawiasz si\u0119 co dalej? MAPA KARIER proponuje pomoc w postaci bezp\u0142atnego cyklu mailowego. Wejd\u017a na stron\u0119 mapakarier.org na stref\u0119 m\u0142odzie\u017cy (https:\/\/mapakarier.org\/strefa-mlodziezy\/), a tam znajdziesz zak\u0142adk\u0119: Co po podstaw\u00f3wce? Wybierz szko\u0142\u0119 w tydzie\u0144. Zostaw tam sw\u00f3j adres e-mail i przez 7 dni otrzymuj praktyczne wskaz\u00f3wki dotycz\u0105ce wyboru szko\u0142y ponadpodstawowej. [&hellip;]<\/p>\n","protected":false},"author":2,"featured_media":0,"parent":5983,"menu_order":0,"comment_status":"closed","ping_status":"closed","template":"","meta":{"ngg_post_thumbnail":0,"footnotes":""},"class_list":["post-27398","page","type-page","status-publish","hentry"],"_links":{"self":[{"href":"https:\/\/sp1hrubieszow.pl\/index.php\/wp-json\/wp\/v2\/pages\/27398","targetHints":{"allow":["GET"]}}],"collection":[{"href":"https:\/\/sp1hrubieszow.pl\/index.php\/wp-json\/wp\/v2\/pages"}],"about":[{"href":"https:\/\/sp1hrubieszow.pl\/index.php\/wp-json\/wp\/v2\/types\/page"}],"author":[{"embeddable":true,"href":"https:\/\/sp1hrubieszow.pl\/index.php\/wp-json\/wp\/v2\/users\/2"}],"replies":[{"embeddable":true,"href":"https:\/\/sp1hrubieszow.pl\/index.php\/wp-json\/wp\/v2\/comments?post=27398"}],"version-history":[{"count":1,"href":"https:\/\/sp1hrubieszow.pl\/index.php\/wp-json\/wp\/v2\/pages\/27398\/revisions"}],"predecessor-version":[{"id":27399,"href":"https:\/\/sp1hrubieszow.pl\/index.php\/wp-json\/wp\/v2\/pages\/27398\/revisions\/27399"}],"up":[{"embeddable":true,"href":"https:\/\/sp1hrubieszow.pl\/index.php\/wp-json\/wp\/v2\/pages\/5983"}],"wp:attachment":[{"href":"https:\/\/sp1hrubieszow.pl\/index.php\/wp-json\/wp\/v2\/media?parent=27398"}],"curies":[{"name":"wp","href":"https:\/\/api.w.org\/{rel}","templated":true}]}}