{"id":2739,"date":"2019-10-30T20:19:53","date_gmt":"2019-10-30T19:19:53","guid":{"rendered":"http:\/\/sp1.hrubieszow.info\/?page_id=2739"},"modified":"2019-10-30T20:20:22","modified_gmt":"2019-10-30T19:20:22","slug":"podziekowania","status":"publish","type":"page","link":"https:\/\/sp1hrubieszow.pl\/index.php\/kronika-2019-2020\/podziekowania\/","title":{"rendered":"PODZI\u0118KOWANIA"},"content":{"rendered":"\n<h1 style=\"text-align: right;\">\u201e<span style=\"font-family: Arial, sans-serif;\"><span style=\"font-size: small;\"><i>Cz\u0142owiek jest wielki nie przez to, co posiada, lecz przez to, kim jest;<\/i><\/span><\/span><\/h1>\n<h1 style=\"text-align: right;\"><span style=\"font-family: Arial, sans-serif;\"><span style=\"font-size: small;\"><i>nie przez to, co ma, lecz przez to, czym dzieli si\u0119 z innymi.\u201d<\/i><\/span><\/span><\/h1>\n<h1 style=\"text-align: right;\"><span style=\"font-family: Arial, sans-serif;\"><span style=\"font-size: small;\"><i>Jan Pawe\u0142 II.<\/i><\/span><\/span><\/h1>\n<h1 align=\"CENTER\"><span style=\"font-family: Arial, sans-serif;\">Podzi\u0119kowanie za udzia\u0142 w g\u0142osowaniu do Bud\u017cetu Obywatelskiego <\/span><span style=\"font-family: Arial, sans-serif;\">uczniom, rodzicom, mieszka\u0144com osiedli. <\/span><\/h1>\n<p><span style=\"font-family: Arial, sans-serif;\"><span style=\"font-size: xx-large;\">Sk\u0142adamy serdeczne podzi\u0119kowanie, za wsparcie i okazan\u0105 bezinteresown\u0105 pomoc w tegorocznym g\u0142osowaniu do Bud\u017cetu Obywatelskiego Miasta Hrubiesz\u00f3w na <\/span><\/span><strong><span style=\"font-family: Arial, sans-serif;\"><span style=\"font-size: xx-large;\">Projekt nr 4:<\/span><\/span><\/strong> <span style=\"font-family: Arial, sans-serif;\"><span style=\"font-size: xx-large;\"><i><b>Centrum Multimedialne dla spo\u0142eczno\u015bci miasta<\/b><\/i><\/span><\/span><span style=\"font-family: Arial, sans-serif;\"><span style=\"font-size: xx-large;\"> \u2013 wsp\u00f3lnie zebrali\u015bmy <\/span><\/span><strong><span style=\"font-family: Arial, sans-serif;\"><span style=\"font-size: xx-large;\">1093 g\u0142osy<\/span><\/span><\/strong><span style=\"font-family: Arial, sans-serif;\"><span style=\"font-size: xx-large;\">. Tym samym projekt zosta\u0142 przyj\u0119ty do realizacji na 2020 rok. <\/span><\/span><\/p>\n<h1><span style=\"font-family: Arial, sans-serif;\"><span style=\"font-size: xx-large;\">Dzi\u0119kujemy za ogromn\u0105 wra\u017cliwo\u015b\u0107 i otwarto\u015b\u0107 na potrzeby drugiego cz\u0142owieka. Pragniemy wyrazi\u0107 ogromn\u0105 wdzi\u0119czno\u015b\u0107, wszystkim ludziom dobrej woli za oddany g\u0142os. <\/span><\/span><\/h1>\n<h1 style=\"text-align: right;\"><span style=\"font-family: Arial, sans-serif;\"><span style=\"font-size: xx-large;\">Z powa\u017caniem <\/span><\/span><\/h1>\n<h1 style=\"text-align: right;\"><span style=\"font-family: Arial, sans-serif;\"><span style=\"font-size: xx-large;\">dyrekcja, nauczyciele, uczniowie<\/span><\/span><\/h1>\n<h1 style=\"text-align: right;\"><span style=\"font-family: Arial, sans-serif;\"><span style=\"font-size: xx-large;\">pracownicy szko\u0142y. <\/span><\/span><\/h1>\n<h1>&nbsp;<\/h1>\n<h1>&nbsp;<\/h1>\n","protected":false},"excerpt":{"rendered":"<p>\u201eCz\u0142owiek jest wielki nie przez to, co posiada, lecz przez to, kim jest; nie przez to, co ma, lecz przez to, czym dzieli si\u0119 z innymi.\u201d Jan Pawe\u0142 II. Podzi\u0119kowanie za udzia\u0142 w g\u0142osowaniu do Bud\u017cetu Obywatelskiego uczniom, rodzicom, mieszka\u0144com osiedli. Sk\u0142adamy serdeczne podzi\u0119kowanie, za wsparcie i okazan\u0105 bezinteresown\u0105 pomoc w tegorocznym g\u0142osowaniu do Bud\u017cetu [&hellip;]<\/p>\n","protected":false},"author":2,"featured_media":0,"parent":2167,"menu_order":0,"comment_status":"closed","ping_status":"closed","template":"","meta":{"ngg_post_thumbnail":0,"footnotes":""},"class_list":["post-2739","page","type-page","status-publish","hentry"],"_links":{"self":[{"href":"https:\/\/sp1hrubieszow.pl\/index.php\/wp-json\/wp\/v2\/pages\/2739","targetHints":{"allow":["GET"]}}],"collection":[{"href":"https:\/\/sp1hrubieszow.pl\/index.php\/wp-json\/wp\/v2\/pages"}],"about":[{"href":"https:\/\/sp1hrubieszow.pl\/index.php\/wp-json\/wp\/v2\/types\/page"}],"author":[{"embeddable":true,"href":"https:\/\/sp1hrubieszow.pl\/index.php\/wp-json\/wp\/v2\/users\/2"}],"replies":[{"embeddable":true,"href":"https:\/\/sp1hrubieszow.pl\/index.php\/wp-json\/wp\/v2\/comments?post=2739"}],"version-history":[{"count":1,"href":"https:\/\/sp1hrubieszow.pl\/index.php\/wp-json\/wp\/v2\/pages\/2739\/revisions"}],"predecessor-version":[{"id":2740,"href":"https:\/\/sp1hrubieszow.pl\/index.php\/wp-json\/wp\/v2\/pages\/2739\/revisions\/2740"}],"up":[{"embeddable":true,"href":"https:\/\/sp1hrubieszow.pl\/index.php\/wp-json\/wp\/v2\/pages\/2167"}],"wp:attachment":[{"href":"https:\/\/sp1hrubieszow.pl\/index.php\/wp-json\/wp\/v2\/media?parent=2739"}],"curies":[{"name":"wp","href":"https:\/\/api.w.org\/{rel}","templated":true}]}}