{"id":27355,"date":"2024-10-07T21:51:29","date_gmt":"2024-10-07T19:51:29","guid":{"rendered":"https:\/\/sp1hrubieszow.pl\/?page_id=27355"},"modified":"2024-10-07T21:51:55","modified_gmt":"2024-10-07T19:51:55","slug":"dzien-chlopaka-3","status":"publish","type":"page","link":"https:\/\/sp1hrubieszow.pl\/index.php\/kronika-2020-2021\/dzien-chlopaka-3\/","title":{"rendered":"Dzie\u0144 Ch\u0142opaka"},"content":{"rendered":"\n<div class=\"xdj266r x11i5rnm xat24cr x1mh8g0r x1vvkbs x126k92a\">\n<div dir=\"auto\"><span style=\"color: #000080;\">Dzie\u0144 Ch\u0142opaka w klasie 7a zapowiada\u0142 si\u0119 wyj\u0105tkowo \u2013 pizza i kr\u0119gle brzmia\u0142y jak przepis na \u015bwietn\u0105 zabaw\u0119. Ju\u017c na pocz\u0105tku wychowawczyni mia\u0142a problem z policzeniem wszystkich uczni\u00f3w, kt\u00f3rzy magicznie znikali i pojawiali si\u0119 przy drzwiach szko\u0142y. Kiedy dotarli\u015bmy do restauracji GNIECKI i wszyscy usiedli przy stole, zacz\u0119\u0142o si\u0119 jedzenie pysznej pizzy, przy kt\u00f3rej wszyscy si\u0119 objedli do syta<span class=\"html-span xexx8yu x4uap5 x18d9i69 xkhd6sd x1hl2dhg x16tdsg8 x1vvkbs x3nfvp2 x1j61x8r x1fcty0u xdj266r xat24cr xgzva0m xhhsvwb xxymvpz xlup9mm x1kky2od\"><img loading=\"lazy\" decoding=\"async\" class=\"xz74otr\" src=\"https:\/\/static.xx.fbcdn.net\/images\/emoji.php\/v9\/t4c\/1\/16\/1f642.png\" alt=\"?\" width=\"16\" height=\"16\"><\/span><\/span><\/div>\n<div dir=\"auto\"><span style=\"color: #000080;\">Na kr\u0119gielni kule okaza\u0142y si\u0119 mie\u0107 w\u0142asne \u017cycie. Jeden z uczni\u00f3w prawie polecia\u0142 za ni\u0105, a jeden z rzut\u00f3w wygl\u0105da\u0142 bardziej jak olimpijski oszczep. Niewa\u017cne, kto wygra\u0142 \u2013 liczy\u0142y si\u0119 \u015bmiechy i dobra zabawa.<\/span><\/div>\n<div dir=\"auto\"><span style=\"color: #000080;\">Na zako\u0144czenie wszyscy wr\u00f3cili zm\u0119czeni, ale u\u015bmiechni\u0119ci, z poczuciem, \u017ce cho\u0107 kr\u0119gle to nie\u0142atwy sport, to wsp\u00f3lnie mo\u017cna prze\u017cy\u0107 naprawd\u0119 fajn\u0105 zabaw\u0119.<\/span><\/div>\n<div dir=\"auto\"><span style=\"color: #000080;\">To by\u0142 niezapomniany Dzie\u0144 Ch\u0142opaka pe\u0142en wsp\u00f3lnych przyg\u00f3d.<\/span><\/div>\n<\/div>\n<div class=\"x11i5rnm xat24cr x1mh8g0r x1vvkbs xtlvy1s x126k92a\">\n<div dir=\"auto\"><span style=\"color: #000080;\">Na kr\u0119gle do restauracji Gniecki wybra\u0142a si\u0119 tak\u017ce klasa 4a wraz z wychowawc\u0105 p. Magdalen\u0105 S\u0142owik. Uczniowie klasy 4 c oraz 7b z okazji \u015bwi\u0119ta ch\u0142opc\u00f3w wybrali si\u0119 na pyszn\u0105 pizz\u0119 do restauracji Valentino.<\/span><\/div>\n<div dir=\"auto\"><span style=\"color: #000080;\">Ma\u0142y Samorz\u0105d Uczniowski z okazji Dnia Ch\u0142opaka zorganizowa\u0142 dyskotek\u0119.<\/span><\/div>\n<div dir=\"auto\"><span style=\"color: #000080;\">Poza tym w tym dniu ch\u0142opcy otrzymywali drobne upominki oraz \u015bwi\u0119towali w swoich klasach.<\/span><\/div>\n<div dir=\"auto\"><span style=\"color: #000080;\">Z okazji Dnia Ch\u0142opaka w naszej szkole zorganizowali\u015bmy te\u017c Dzie\u0144 Krawata i Koszuli, aby ka\u017cdy (nie tylko ch\u0142opcy) by\u0142 elegancki i wygl\u0105da\u0142 od\u015bwi\u0119tnie.<\/span><\/div>\n<div dir=\"auto\">\nngg_shortcode_0_placeholder\n<\/div>\n<\/div>\n","protected":false},"excerpt":{"rendered":"<p>Dzie\u0144 Ch\u0142opaka w klasie 7a zapowiada\u0142 si\u0119 wyj\u0105tkowo \u2013 pizza i kr\u0119gle brzmia\u0142y jak przepis na \u015bwietn\u0105 zabaw\u0119. Ju\u017c na pocz\u0105tku wychowawczyni mia\u0142a problem z policzeniem wszystkich uczni\u00f3w, kt\u00f3rzy magicznie znikali i pojawiali si\u0119 przy drzwiach szko\u0142y. Kiedy dotarli\u015bmy do restauracji GNIECKI i wszyscy usiedli przy stole, zacz\u0119\u0142o si\u0119 jedzenie pysznej pizzy, przy kt\u00f3rej wszyscy [&hellip;]<\/p>\n","protected":false},"author":2,"featured_media":0,"parent":5983,"menu_order":0,"comment_status":"closed","ping_status":"closed","template":"","meta":{"ngg_post_thumbnail":0,"footnotes":""},"class_list":["post-27355","page","type-page","status-publish","hentry"],"_links":{"self":[{"href":"https:\/\/sp1hrubieszow.pl\/index.php\/wp-json\/wp\/v2\/pages\/27355","targetHints":{"allow":["GET"]}}],"collection":[{"href":"https:\/\/sp1hrubieszow.pl\/index.php\/wp-json\/wp\/v2\/pages"}],"about":[{"href":"https:\/\/sp1hrubieszow.pl\/index.php\/wp-json\/wp\/v2\/types\/page"}],"author":[{"embeddable":true,"href":"https:\/\/sp1hrubieszow.pl\/index.php\/wp-json\/wp\/v2\/users\/2"}],"replies":[{"embeddable":true,"href":"https:\/\/sp1hrubieszow.pl\/index.php\/wp-json\/wp\/v2\/comments?post=27355"}],"version-history":[{"count":1,"href":"https:\/\/sp1hrubieszow.pl\/index.php\/wp-json\/wp\/v2\/pages\/27355\/revisions"}],"predecessor-version":[{"id":27356,"href":"https:\/\/sp1hrubieszow.pl\/index.php\/wp-json\/wp\/v2\/pages\/27355\/revisions\/27356"}],"up":[{"embeddable":true,"href":"https:\/\/sp1hrubieszow.pl\/index.php\/wp-json\/wp\/v2\/pages\/5983"}],"wp:attachment":[{"href":"https:\/\/sp1hrubieszow.pl\/index.php\/wp-json\/wp\/v2\/media?parent=27355"}],"curies":[{"name":"wp","href":"https:\/\/api.w.org\/{rel}","templated":true}]}}