{"id":27313,"date":"2024-10-06T18:10:49","date_gmt":"2024-10-06T16:10:49","guid":{"rendered":"https:\/\/sp1hrubieszow.pl\/?page_id=27313"},"modified":"2024-10-06T18:10:49","modified_gmt":"2024-10-06T16:10:49","slug":"europejski-dzien-jezykow-obcych","status":"publish","type":"page","link":"https:\/\/sp1hrubieszow.pl\/index.php\/kronika-2020-2021\/europejski-dzien-jezykow-obcych\/","title":{"rendered":"EUROPEJSKI DZIE\u0143 J\u0118ZYK\u00d3W OBCYCH"},"content":{"rendered":"\n<p><span style=\"color: #000080;\">Dnia 26.09.2024 r. w naszej szkole \u015bwi\u0119towali\u015bmy Europejski Dzie\u0144 J\u0119zyk\u00f3w Obcych. <\/span><br><span style=\"color: #000080;\">Tego dnia szko\u0142a by\u0142a udekorowana gazetkami tematycznymi. Ch\u0119tni uczniowie przygotowali, a potem omawiali plakaty o krajach, kt\u00f3rych j\u0119zyk\u00f3w chcieliby si\u0119 uczy\u0107. Zach\u0119camy wszystkich do poszerzania swoich umiej\u0119tno\u015bci j\u0119zykowych!!!<\/span><\/p>\nngg_shortcode_0_placeholder\n","protected":false},"excerpt":{"rendered":"<p>Dnia 26.09.2024 r. w naszej szkole \u015bwi\u0119towali\u015bmy Europejski Dzie\u0144 J\u0119zyk\u00f3w Obcych. Tego dnia szko\u0142a by\u0142a udekorowana gazetkami tematycznymi. Ch\u0119tni uczniowie przygotowali, a potem omawiali plakaty o krajach, kt\u00f3rych j\u0119zyk\u00f3w chcieliby si\u0119 uczy\u0107. Zach\u0119camy wszystkich do poszerzania swoich umiej\u0119tno\u015bci j\u0119zykowych!!!<\/p>\n","protected":false},"author":4,"featured_media":0,"parent":5983,"menu_order":0,"comment_status":"closed","ping_status":"closed","template":"","meta":{"ngg_post_thumbnail":0,"footnotes":""},"class_list":["post-27313","page","type-page","status-publish","hentry"],"_links":{"self":[{"href":"https:\/\/sp1hrubieszow.pl\/index.php\/wp-json\/wp\/v2\/pages\/27313","targetHints":{"allow":["GET"]}}],"collection":[{"href":"https:\/\/sp1hrubieszow.pl\/index.php\/wp-json\/wp\/v2\/pages"}],"about":[{"href":"https:\/\/sp1hrubieszow.pl\/index.php\/wp-json\/wp\/v2\/types\/page"}],"author":[{"embeddable":true,"href":"https:\/\/sp1hrubieszow.pl\/index.php\/wp-json\/wp\/v2\/users\/4"}],"replies":[{"embeddable":true,"href":"https:\/\/sp1hrubieszow.pl\/index.php\/wp-json\/wp\/v2\/comments?post=27313"}],"version-history":[{"count":1,"href":"https:\/\/sp1hrubieszow.pl\/index.php\/wp-json\/wp\/v2\/pages\/27313\/revisions"}],"predecessor-version":[{"id":27314,"href":"https:\/\/sp1hrubieszow.pl\/index.php\/wp-json\/wp\/v2\/pages\/27313\/revisions\/27314"}],"up":[{"embeddable":true,"href":"https:\/\/sp1hrubieszow.pl\/index.php\/wp-json\/wp\/v2\/pages\/5983"}],"wp:attachment":[{"href":"https:\/\/sp1hrubieszow.pl\/index.php\/wp-json\/wp\/v2\/media?parent=27313"}],"curies":[{"name":"wp","href":"https:\/\/api.w.org\/{rel}","templated":true}]}}