{"id":27297,"date":"2024-10-03T19:12:59","date_gmt":"2024-10-03T17:12:59","guid":{"rendered":"https:\/\/sp1hrubieszow.pl\/?page_id=27297"},"modified":"2024-10-03T19:13:36","modified_gmt":"2024-10-03T17:13:36","slug":"klasy-5-w-zamosciu","status":"publish","type":"page","link":"https:\/\/sp1hrubieszow.pl\/index.php\/kronika-2020-2021\/klasy-5-w-zamosciu\/","title":{"rendered":"Klasy 5 w Zamo\u015bciu"},"content":{"rendered":"\n<p><span style=\"color: #000080;\">Z okazji Dnia Ch\u0142opaka klasy 5a i 5b wybra\u0142y si\u0119 3 pa\u017adziernika 2024r. na wycieczk\u0119 <\/span><br><span style=\"color: #000080;\">do Zamo\u015bcia. W\u015br\u00f3d atrakcji przewidzianych na ten dzie\u0144 by\u0142 m.in. Escape Room, <br>czyli pokoje zagadek, z kt\u00f3rych aby wyj\u015b\u0107, trzeba wykaza\u0107 si\u0119 nie lada spostrzegawczo\u015bci\u0105 <\/span><span style=\"color: #000080;\">i wiedz\u0105. Wiele przyjemno\u015bci sprawi\u0142y uczniom r\u00f3wnie\u017c warsztaty wyrobu \u015bwiec&nbsp; \u017celowych. Samodzielnie wykonane \u015bwiece b\u0119d\u0105 ozdob\u0105, kt\u00f3ra ucieszy oko i wype\u0142ni pomieszczenia mi\u0142ym aromatem. Kolejny punkt wycieczki to moc szale\u0144stwa &nbsp;w parku trampolin. Aby wyr\u00f3wna\u0107 spalone kalorie dzie\u0144 zako\u0144czyli\u015bmy wizyt\u0105 w zamojskim barze&nbsp; McDonald&#8217;s.<\/span><\/p>\nngg_shortcode_0_placeholder\n","protected":false},"excerpt":{"rendered":"<p>Z okazji Dnia Ch\u0142opaka klasy 5a i 5b wybra\u0142y si\u0119 3 pa\u017adziernika 2024r. na wycieczk\u0119 do Zamo\u015bcia. W\u015br\u00f3d atrakcji przewidzianych na ten dzie\u0144 by\u0142 m.in. Escape Room, czyli pokoje zagadek, z kt\u00f3rych aby wyj\u015b\u0107, trzeba wykaza\u0107 si\u0119 nie lada spostrzegawczo\u015bci\u0105 i wiedz\u0105. Wiele przyjemno\u015bci sprawi\u0142y uczniom r\u00f3wnie\u017c warsztaty wyrobu \u015bwiec&nbsp; \u017celowych. Samodzielnie wykonane \u015bwiece b\u0119d\u0105 [&hellip;]<\/p>\n","protected":false},"author":4,"featured_media":0,"parent":5983,"menu_order":0,"comment_status":"closed","ping_status":"closed","template":"","meta":{"ngg_post_thumbnail":0,"footnotes":""},"class_list":["post-27297","page","type-page","status-publish","hentry"],"_links":{"self":[{"href":"https:\/\/sp1hrubieszow.pl\/index.php\/wp-json\/wp\/v2\/pages\/27297","targetHints":{"allow":["GET"]}}],"collection":[{"href":"https:\/\/sp1hrubieszow.pl\/index.php\/wp-json\/wp\/v2\/pages"}],"about":[{"href":"https:\/\/sp1hrubieszow.pl\/index.php\/wp-json\/wp\/v2\/types\/page"}],"author":[{"embeddable":true,"href":"https:\/\/sp1hrubieszow.pl\/index.php\/wp-json\/wp\/v2\/users\/4"}],"replies":[{"embeddable":true,"href":"https:\/\/sp1hrubieszow.pl\/index.php\/wp-json\/wp\/v2\/comments?post=27297"}],"version-history":[{"count":3,"href":"https:\/\/sp1hrubieszow.pl\/index.php\/wp-json\/wp\/v2\/pages\/27297\/revisions"}],"predecessor-version":[{"id":27300,"href":"https:\/\/sp1hrubieszow.pl\/index.php\/wp-json\/wp\/v2\/pages\/27297\/revisions\/27300"}],"up":[{"embeddable":true,"href":"https:\/\/sp1hrubieszow.pl\/index.php\/wp-json\/wp\/v2\/pages\/5983"}],"wp:attachment":[{"href":"https:\/\/sp1hrubieszow.pl\/index.php\/wp-json\/wp\/v2\/media?parent=27297"}],"curies":[{"name":"wp","href":"https:\/\/api.w.org\/{rel}","templated":true}]}}