{"id":27280,"date":"2024-10-02T21:08:20","date_gmt":"2024-10-02T19:08:20","guid":{"rendered":"https:\/\/sp1hrubieszow.pl\/?page_id=27280"},"modified":"2024-10-02T21:08:20","modified_gmt":"2024-10-02T19:08:20","slug":"zaelektryzowani","status":"publish","type":"page","link":"https:\/\/sp1hrubieszow.pl\/index.php\/kronika-2020-2021\/zaelektryzowani\/","title":{"rendered":"&#8222;Zaelektryzowani&#8221;"},"content":{"rendered":"\n<p><span style=\"color: #000080;\">1 pa\u017adziernika 2024 r. nasz\u0105 szko\u0142\u0119 odwiedzi\u0142 animator z Lublina, przedstawiciel grupy \u201eZaelektryzowani\u201d, kt\u00f3ry w spos\u00f3b bardzo ciekawy, a zarazem zabawny przybli\u017cy\u0142 uczniom wiedz\u0119 z zakresu chemii i fizyki. Zaprezentowane zosta\u0142y eksperymenty dotycz\u0105ce m. in. mechaniki p\u0142yn\u00f3w, grawitacji, w\u0142a\u015bciwo\u015bci butanu czy ciek\u0142ego azotu. Prowadz\u0105cy podkre\u015bli\u0142, jak wa\u017cne jest bezpieczne obchodzenie si\u0119 z ogniem<\/span><br><span style=\"color: #000080;\">&nbsp;i korzystanie z gazu w gospodarstwie domowym. Nietypowe zaj\u0119cia spodoba\u0142y si\u0119 wszystkim uczestnikom.<\/span><br><span style=\"color: #000080;\">&nbsp;Nasi uczniowie na pewno poszerzyli swoj\u0105 wiedz\u0119 z zakresu chemii i fizyki.<\/span><\/p>\nngg_shortcode_0_placeholder\n\n\n\n\n","protected":false},"excerpt":{"rendered":"<p>1 pa\u017adziernika 2024 r. nasz\u0105 szko\u0142\u0119 odwiedzi\u0142 animator z Lublina, przedstawiciel grupy \u201eZaelektryzowani\u201d, kt\u00f3ry w spos\u00f3b bardzo ciekawy, a zarazem zabawny przybli\u017cy\u0142 uczniom wiedz\u0119 z zakresu chemii i fizyki. Zaprezentowane zosta\u0142y eksperymenty dotycz\u0105ce m. in. mechaniki p\u0142yn\u00f3w, grawitacji, w\u0142a\u015bciwo\u015bci butanu czy ciek\u0142ego azotu. Prowadz\u0105cy podkre\u015bli\u0142, jak wa\u017cne jest bezpieczne obchodzenie si\u0119 z ogniem&nbsp;i korzystanie z [&hellip;]<\/p>\n","protected":false},"author":4,"featured_media":0,"parent":5983,"menu_order":0,"comment_status":"closed","ping_status":"closed","template":"","meta":{"ngg_post_thumbnail":0,"footnotes":""},"class_list":["post-27280","page","type-page","status-publish","hentry"],"_links":{"self":[{"href":"https:\/\/sp1hrubieszow.pl\/index.php\/wp-json\/wp\/v2\/pages\/27280","targetHints":{"allow":["GET"]}}],"collection":[{"href":"https:\/\/sp1hrubieszow.pl\/index.php\/wp-json\/wp\/v2\/pages"}],"about":[{"href":"https:\/\/sp1hrubieszow.pl\/index.php\/wp-json\/wp\/v2\/types\/page"}],"author":[{"embeddable":true,"href":"https:\/\/sp1hrubieszow.pl\/index.php\/wp-json\/wp\/v2\/users\/4"}],"replies":[{"embeddable":true,"href":"https:\/\/sp1hrubieszow.pl\/index.php\/wp-json\/wp\/v2\/comments?post=27280"}],"version-history":[{"count":1,"href":"https:\/\/sp1hrubieszow.pl\/index.php\/wp-json\/wp\/v2\/pages\/27280\/revisions"}],"predecessor-version":[{"id":27281,"href":"https:\/\/sp1hrubieszow.pl\/index.php\/wp-json\/wp\/v2\/pages\/27280\/revisions\/27281"}],"up":[{"embeddable":true,"href":"https:\/\/sp1hrubieszow.pl\/index.php\/wp-json\/wp\/v2\/pages\/5983"}],"wp:attachment":[{"href":"https:\/\/sp1hrubieszow.pl\/index.php\/wp-json\/wp\/v2\/media?parent=27280"}],"curies":[{"name":"wp","href":"https:\/\/api.w.org\/{rel}","templated":true}]}}