{"id":27263,"date":"2024-10-01T21:49:19","date_gmt":"2024-10-01T19:49:19","guid":{"rendered":"https:\/\/sp1hrubieszow.pl\/?page_id=27263"},"modified":"2024-10-01T21:49:19","modified_gmt":"2024-10-01T19:49:19","slug":"klasy-2c-i-3b-na-wycieczce-w-zamosciu","status":"publish","type":"page","link":"https:\/\/sp1hrubieszow.pl\/index.php\/kronika-2020-2021\/klasy-2c-i-3b-na-wycieczce-w-zamosciu\/","title":{"rendered":"Klasy 2c i 3b na wycieczce w Zamo\u015bciu"},"content":{"rendered":"\n\n\n<p>&nbsp;&nbsp;&nbsp;<span style=\"color: #000080;\">&nbsp; Uczniowie&nbsp; klasy 2 c i 3 b&nbsp; wraz ze swoimi paniami: Renat\u0105 Pacza\u0142\u0105, Mart\u0105 Rutkowsk\u0105 <\/span><br><span style=\"color: #000080;\">i Angelik\u0105 Nowak wyruszyli na wycieczk\u0119 do Zamo\u015bcia, \u017ceby \u015bwi\u0119towa\u0107<strong> Dzie\u0144 Ch\u0142opaka<\/strong>. Na pocz\u0105tku zwiedzili\u015bmy Stare Miasto wraz z Katedr\u0105, gdzie poznali\u015bmy kr\u00f3tk\u0105 histori\u0119 Zamo\u015bcia. Nast\u0119pnym przystankiem wycieczki by\u0142a Manufaktura S\u0142odyczy \u201eT\u0119cza\u201d, gdzie odby\u0142y si\u0119 pokazy po\u0142\u0105czone z warsztatami z karmelem oraz w\u0142asnor\u0119czne wykonanie lizaka i degustacja s\u0142odyczy. Kolejnym punktem wycieczki by\u0142o zwiedzanie ZOO, gdzie mo\u017cna by\u0142o stan\u0105\u0107 oko w oko z tygrysem, pomacha\u0107 prawdziwemu nied\u017awiedziowi oraz podziwia\u0107 setki gatunk\u00f3w zwierz\u0105t.<\/span><\/p>\n<p><span style=\"color: #000080;\">Dzie\u0144 by\u0142 pe\u0142en wra\u017ce\u0144 i humoru. Cho\u0107 zm\u0119czeni, ale zadowoleni wr\u00f3cili\u015bmy do Hrubieszowa, gdzie czekali na nas spragnieni opowie\u015bci rodzice.<\/span><\/p>\nngg_shortcode_0_placeholder\n\n\n\n\n","protected":false},"excerpt":{"rendered":"<p>&nbsp;&nbsp;&nbsp;&nbsp; Uczniowie&nbsp; klasy 2 c i 3 b&nbsp; wraz ze swoimi paniami: Renat\u0105 Pacza\u0142\u0105, Mart\u0105 Rutkowsk\u0105 i Angelik\u0105 Nowak wyruszyli na wycieczk\u0119 do Zamo\u015bcia, \u017ceby \u015bwi\u0119towa\u0107 Dzie\u0144 Ch\u0142opaka. Na pocz\u0105tku zwiedzili\u015bmy Stare Miasto wraz z Katedr\u0105, gdzie poznali\u015bmy kr\u00f3tk\u0105 histori\u0119 Zamo\u015bcia. Nast\u0119pnym przystankiem wycieczki by\u0142a Manufaktura S\u0142odyczy \u201eT\u0119cza\u201d, gdzie odby\u0142y si\u0119 pokazy po\u0142\u0105czone z warsztatami [&hellip;]<\/p>\n","protected":false},"author":4,"featured_media":0,"parent":5983,"menu_order":0,"comment_status":"closed","ping_status":"closed","template":"","meta":{"ngg_post_thumbnail":0,"footnotes":""},"class_list":["post-27263","page","type-page","status-publish","hentry"],"_links":{"self":[{"href":"https:\/\/sp1hrubieszow.pl\/index.php\/wp-json\/wp\/v2\/pages\/27263","targetHints":{"allow":["GET"]}}],"collection":[{"href":"https:\/\/sp1hrubieszow.pl\/index.php\/wp-json\/wp\/v2\/pages"}],"about":[{"href":"https:\/\/sp1hrubieszow.pl\/index.php\/wp-json\/wp\/v2\/types\/page"}],"author":[{"embeddable":true,"href":"https:\/\/sp1hrubieszow.pl\/index.php\/wp-json\/wp\/v2\/users\/4"}],"replies":[{"embeddable":true,"href":"https:\/\/sp1hrubieszow.pl\/index.php\/wp-json\/wp\/v2\/comments?post=27263"}],"version-history":[{"count":1,"href":"https:\/\/sp1hrubieszow.pl\/index.php\/wp-json\/wp\/v2\/pages\/27263\/revisions"}],"predecessor-version":[{"id":27264,"href":"https:\/\/sp1hrubieszow.pl\/index.php\/wp-json\/wp\/v2\/pages\/27263\/revisions\/27264"}],"up":[{"embeddable":true,"href":"https:\/\/sp1hrubieszow.pl\/index.php\/wp-json\/wp\/v2\/pages\/5983"}],"wp:attachment":[{"href":"https:\/\/sp1hrubieszow.pl\/index.php\/wp-json\/wp\/v2\/media?parent=27263"}],"curies":[{"name":"wp","href":"https:\/\/api.w.org\/{rel}","templated":true}]}}