{"id":27231,"date":"2024-09-25T21:29:30","date_gmt":"2024-09-25T19:29:30","guid":{"rendered":"https:\/\/sp1hrubieszow.pl\/?page_id=27231"},"modified":"2024-09-25T21:29:47","modified_gmt":"2024-09-25T19:29:47","slug":"25-edycja-patriotycznych-biegow-przelajowych-bohaterom-wrzesnia-1939","status":"publish","type":"page","link":"https:\/\/sp1hrubieszow.pl\/index.php\/kronika-2020-2021\/25-edycja-patriotycznych-biegow-przelajowych-bohaterom-wrzesnia-1939\/","title":{"rendered":"25 edycja Patriotycznych Bieg\u00f3w Prze\u0142ajowych &#8222;Bohaterom Wrze\u015bnia 1939&#8221;"},"content":{"rendered":"\n<div class=\"xdj266r x11i5rnm xat24cr x1mh8g0r x1vvkbs x126k92a\">\n<div dir=\"auto\"><span style=\"color: #000080;\">18 wrze\u015bnia w naszej szkole odby\u0142a si\u0119 25 edycja Patriotycznych Bieg\u00f3w Prze\u0142ajowych ,,Bohaterom Wrze\u015bnia 1939\u201d. Wzi\u0119\u0142o w nich udzia\u0142 350 uczestnik\u00f3w, a ka\u017cdy z nich to prawdziwy wygrany <span class=\"html-span xexx8yu x4uap5 x18d9i69 xkhd6sd x1hl2dhg x16tdsg8 x1vvkbs x3nfvp2 x1j61x8r x1fcty0u xdj266r xat24cr xgzva0m xhhsvwb xxymvpz xlup9mm x1kky2od\"><img loading=\"lazy\" decoding=\"async\" class=\"xz74otr\" src=\"https:\/\/static.xx.fbcdn.net\/images\/emoji.php\/v9\/t6c\/1\/16\/1f4aa.png\" alt=\"?\" width=\"16\" height=\"16\"><\/span><span class=\"html-span xexx8yu x4uap5 x18d9i69 xkhd6sd x1hl2dhg x16tdsg8 x1vvkbs x3nfvp2 x1j61x8r x1fcty0u xdj266r xat24cr xgzva0m xhhsvwb xxymvpz xlup9mm x1kky2od\"><img loading=\"lazy\" decoding=\"async\" class=\"xz74otr\" src=\"https:\/\/static.xx.fbcdn.net\/images\/emoji.php\/v9\/tbe\/1\/16\/1f3c6.png\" alt=\"?\" width=\"16\" height=\"16\"><\/span>A oto lista nagrodzonych:<\/span><\/div>\n<div dir=\"auto\">&nbsp;<\/div>\n<div dir=\"auto\"><span style=\"color: #000080;\">Dziewcz\u0119ta<\/span><\/div>\n<div dir=\"auto\"><span style=\"color: #000080;\">przedszkolaki<\/span><\/div>\n<div dir=\"auto\"><span style=\"color: #000080;\">1 Burdzy Zofia<\/span><\/div>\n<div dir=\"auto\"><span style=\"color: #000080;\">2 Cegie\u0142ka Amelia<\/span><\/div>\n<div dir=\"auto\"><span style=\"color: #000080;\">3 Pietruszewska Lena<\/span><\/div>\n<\/div>\n<div class=\"x11i5rnm xat24cr x1mh8g0r x1vvkbs xtlvy1s x126k92a\">\n<div dir=\"auto\"><span style=\"color: #000080;\">Klasy I<\/span><\/div>\n<div dir=\"auto\"><span style=\"color: #000080;\">1 Go\u0142\u0119biowska Diana<\/span><\/div>\n<div dir=\"auto\"><span style=\"color: #000080;\">2 Nowak Blanka<\/span><\/div>\n<div dir=\"auto\"><span style=\"color: #000080;\">3 Wawryk Anna<\/span><\/div>\n<\/div>\n<div class=\"x11i5rnm xat24cr x1mh8g0r x1vvkbs xtlvy1s x126k92a\">\n<div dir=\"auto\"><span style=\"color: #000080;\">Klasy II<\/span><\/div>\n<div dir=\"auto\"><span style=\"color: #000080;\">1 Magdalena Socha<\/span><\/div>\n<div dir=\"auto\"><span style=\"color: #000080;\">2 Daciuk Eliza<\/span><\/div>\n<div dir=\"auto\"><span style=\"color: #000080;\">3 Zimon Luiza<\/span><\/div>\n<\/div>\n<div class=\"x11i5rnm xat24cr x1mh8g0r x1vvkbs xtlvy1s x126k92a\">\n<div dir=\"auto\"><span style=\"color: #000080;\">Klasy III<\/span><\/div>\n<div dir=\"auto\"><span style=\"color: #000080;\">1 Kusiak Laura<\/span><\/div>\n<div dir=\"auto\"><span style=\"color: #000080;\">2 Chabros magdalena<\/span><\/div>\n<div dir=\"auto\"><span style=\"color: #000080;\">3 Ufnal Ula<\/span><\/div>\n<\/div>\n<div class=\"x11i5rnm xat24cr x1mh8g0r x1vvkbs xtlvy1s x126k92a\">\n<div dir=\"auto\"><span style=\"color: #000080;\">Klasy IV<\/span><\/div>\n<div dir=\"auto\"><span style=\"color: #000080;\">1 Gruszka Zuzanna<\/span><\/div>\n<div dir=\"auto\"><span style=\"color: #000080;\">2 Lalik Zofia<\/span><\/div>\n<div dir=\"auto\"><span style=\"color: #000080;\">3 Pachniewska Pola<\/span><\/div>\n<\/div>\n<div class=\"x11i5rnm xat24cr x1mh8g0r x1vvkbs xtlvy1s x126k92a\">\n<div dir=\"auto\"><span style=\"color: #000080;\">Klasy V<\/span><\/div>\n<div dir=\"auto\"><span style=\"color: #000080;\">1 Lachowicz Helena<\/span><\/div>\n<div dir=\"auto\"><span style=\"color: #000080;\">2 Nowak Ula<\/span><\/div>\n<div dir=\"auto\"><span style=\"color: #000080;\">3 Strycharz Aleksandra<\/span><\/div>\n<\/div>\n<div class=\"x11i5rnm xat24cr x1mh8g0r x1vvkbs xtlvy1s x126k92a\">\n<div dir=\"auto\"><span style=\"color: #000080;\">Klasy VI<\/span><\/div>\n<div dir=\"auto\"><span style=\"color: #000080;\">1 Kie\u0142basa Anna<\/span><\/div>\n<div dir=\"auto\"><span style=\"color: #000080;\">2 Wi\u015bniewska Julia<\/span><\/div>\n<div dir=\"auto\"><span style=\"color: #000080;\">3 Flak Julia<\/span><\/div>\n<\/div>\n<div class=\"x11i5rnm xat24cr x1mh8g0r x1vvkbs xtlvy1s x126k92a\">\n<div dir=\"auto\"><span style=\"color: #000080;\">Klasy VII<\/span><\/div>\n<div dir=\"auto\"><span style=\"color: #000080;\">1 Magdziak Maja<\/span><\/div>\n<div dir=\"auto\"><span style=\"color: #000080;\">2 Mrozowska Kornelia<\/span><\/div>\n<div dir=\"auto\"><span style=\"color: #000080;\">3 Nowosad Iga<\/span><\/div>\n<\/div>\n<div class=\"x11i5rnm xat24cr x1mh8g0r x1vvkbs xtlvy1s x126k92a\">\n<div dir=\"auto\"><span style=\"color: #000080;\">Klasy VIII<\/span><\/div>\n<div dir=\"auto\"><span style=\"color: #000080;\">1 Duma Katarzyna<\/span><\/div>\n<div dir=\"auto\"><span style=\"color: #000080;\">2 Kosza\u0142ka Nikola<\/span><\/div>\n<div dir=\"auto\"><span style=\"color: #000080;\">3 S\u0142upska Diana<\/span><\/div>\n<div dir=\"auto\">&nbsp;<\/div>\n<\/div>\n<div class=\"x11i5rnm xat24cr x1mh8g0r x1vvkbs xtlvy1s x126k92a\">\n<div dir=\"auto\"><span style=\"color: #000080;\">Ch\u0142opcy<\/span><\/div>\n<div dir=\"auto\"><span style=\"color: #000080;\">Przedszkolaki<\/span><\/div>\n<div dir=\"auto\"><span style=\"color: #000080;\">1 Tor Karol<\/span><\/div>\n<div dir=\"auto\"><span style=\"color: #000080;\">2 Bojko Eryk<\/span><\/div>\n<div dir=\"auto\"><span style=\"color: #000080;\">3 Martyniuk Maksymilian<\/span><\/div>\n<\/div>\n<div class=\"x11i5rnm xat24cr x1mh8g0r x1vvkbs xtlvy1s x126k92a\">\n<div dir=\"auto\"><span style=\"color: #000080;\">Klasy I<\/span><\/div>\n<div dir=\"auto\"><span style=\"color: #000080;\">1 Bekier Jakub<\/span><\/div>\n<div dir=\"auto\"><span style=\"color: #000080;\">2 Gruszka Ksawery<\/span><\/div>\n<div dir=\"auto\"><span style=\"color: #000080;\">3 Szymczuk Wojciech<\/span><\/div>\n<\/div>\n<div class=\"x11i5rnm xat24cr x1mh8g0r x1vvkbs xtlvy1s x126k92a\">\n<div dir=\"auto\"><span style=\"color: #000080;\">Klasy II<\/span><\/div>\n<div dir=\"auto\"><span style=\"color: #000080;\">1 Pilu\u015b Antoni<\/span><\/div>\n<div dir=\"auto\"><span style=\"color: #000080;\">2 Kluczyk Alan<\/span><\/div>\n<div dir=\"auto\"><span style=\"color: #000080;\">3 Or\u0142owski Szymon<\/span><\/div>\n<\/div>\n<div class=\"x11i5rnm xat24cr x1mh8g0r x1vvkbs xtlvy1s x126k92a\">\n<div dir=\"auto\"><span style=\"color: #000080;\">Klasy III<\/span><\/div>\n<div dir=\"auto\"><span style=\"color: #000080;\">1 Kraj Dariusz<\/span><\/div>\n<div dir=\"auto\"><span style=\"color: #000080;\">2 Kawka Hubert<\/span><\/div>\n<div dir=\"auto\"><span style=\"color: #000080;\">3 Krawiec Szymon<\/span><\/div>\n<\/div>\n<div class=\"x11i5rnm xat24cr x1mh8g0r x1vvkbs xtlvy1s x126k92a\">\n<div dir=\"auto\"><span style=\"color: #000080;\">Klasy IV<\/span><\/div>\n<div dir=\"auto\"><span style=\"color: #000080;\">1 Or\u0142owski Piotr<\/span><\/div>\n<div dir=\"auto\"><span style=\"color: #000080;\">2 Tor Alan<\/span><\/div>\n<div dir=\"auto\"><span style=\"color: #000080;\">3 Korkosz Julian<\/span><\/div>\n<\/div>\n<div class=\"x11i5rnm xat24cr x1mh8g0r x1vvkbs xtlvy1s x126k92a\">\n<div dir=\"auto\"><span style=\"color: #000080;\">Klasy V<\/span><\/div>\n<div dir=\"auto\"><span style=\"color: #000080;\">1 D\u0105browski Bartosz<\/span><\/div>\n<div dir=\"auto\"><span style=\"color: #000080;\">2 Kenneth David<\/span><\/div>\n<div dir=\"auto\"><span style=\"color: #000080;\">3 Kornaszewski Dawid<\/span><\/div>\n<\/div>\n<div class=\"x11i5rnm xat24cr x1mh8g0r x1vvkbs xtlvy1s x126k92a\">\n<div dir=\"auto\"><span style=\"color: #000080;\">Klasy VI<\/span><\/div>\n<div dir=\"auto\"><span style=\"color: #000080;\">1 Korkosz Tomasz<\/span><\/div>\n<div dir=\"auto\"><span style=\"color: #000080;\">2 Bajek Brajan<\/span><\/div>\n<div dir=\"auto\"><span style=\"color: #000080;\">3 Rerak Tomasz<\/span><\/div>\n<\/div>\n<div class=\"x11i5rnm xat24cr x1mh8g0r x1vvkbs xtlvy1s x126k92a\">\n<div dir=\"auto\"><span style=\"color: #000080;\">Klasy VII<\/span><\/div>\n<div dir=\"auto\"><span style=\"color: #000080;\">1 Macheta Aleksander<\/span><\/div>\n<div dir=\"auto\"><span style=\"color: #000080;\">2 Z\u0105bek Aleksander<\/span><\/div>\n<div dir=\"auto\"><span style=\"color: #000080;\">3 Ivanov Daniel<\/span><\/div>\n<\/div>\n<div class=\"x11i5rnm xat24cr x1mh8g0r x1vvkbs xtlvy1s x126k92a\">\n<div dir=\"auto\"><span style=\"color: #000080;\">Klasy VIII<\/span><\/div>\n<div dir=\"auto\"><span style=\"color: #000080;\">1 Malinowski Wojciech<\/span><\/div>\n<div dir=\"auto\"><span style=\"color: #000080;\">2 Miko\u0142aj Gardzio\u0142a<\/span><\/div>\n<div dir=\"auto\"><span style=\"color: #000080;\">3 Krajewski Karol<\/span><\/div>\n<div dir=\"auto\">&nbsp;<\/div>\n<\/div>\n<div class=\"x11i5rnm xat24cr x1mh8g0r x1vvkbs xtlvy1s x126k92a\">\n<div dir=\"auto\"><span style=\"color: #000080;\">Wszystkim serdecznie gratulujemy <span class=\"html-span xexx8yu x4uap5 x18d9i69 xkhd6sd x1hl2dhg x16tdsg8 x1vvkbs x3nfvp2 x1j61x8r x1fcty0u xdj266r xat24cr xgzva0m xhhsvwb xxymvpz xlup9mm x1kky2od\"><img loading=\"lazy\" decoding=\"async\" class=\"xz74otr\" src=\"https:\/\/static.xx.fbcdn.net\/images\/emoji.php\/v9\/tfe\/1\/16\/1f44f.png\" alt=\"?\" width=\"16\" height=\"16\"><\/span><\/span><\/div>\n<div dir=\"auto\"><span style=\"color: #000080;\">Podzi\u0119kowania sk\u0142adamy Panu Burmistrzowi Paw\u0142owi Wojciechowskiemu oraz Panu Andrzejowi Podlewskiemu &#8211; inicjatorowi Bieg\u00f3w ,,Bohaterom Wrze\u015bnia 1939\u201d &#8211; za niezast\u0105pion\u0105 obecno\u015b\u0107<\/span> <span class=\"html-span xexx8yu x4uap5 x18d9i69 xkhd6sd x1hl2dhg x16tdsg8 x1vvkbs x3nfvp2 x1j61x8r x1fcty0u xdj266r xat24cr xgzva0m xhhsvwb xxymvpz xlup9mm x1kky2od\"><img loading=\"lazy\" decoding=\"async\" class=\"xz74otr\" src=\"https:\/\/static.xx.fbcdn.net\/images\/emoji.php\/v9\/t49\/1\/16\/1faf6.png\" alt=\"?\" width=\"16\" height=\"16\"><\/span><\/div>\n<div dir=\"auto\">\nngg_shortcode_0_placeholder\n<\/div>\n<\/div>\n","protected":false},"excerpt":{"rendered":"<p>18 wrze\u015bnia w naszej szkole odby\u0142a si\u0119 25 edycja Patriotycznych Bieg\u00f3w Prze\u0142ajowych ,,Bohaterom Wrze\u015bnia 1939\u201d. Wzi\u0119\u0142o w nich udzia\u0142 350 uczestnik\u00f3w, a ka\u017cdy z nich to prawdziwy wygrany A oto lista nagrodzonych: &nbsp; Dziewcz\u0119ta przedszkolaki 1 Burdzy Zofia 2 Cegie\u0142ka Amelia 3 Pietruszewska Lena Klasy I 1 Go\u0142\u0119biowska Diana 2 Nowak Blanka 3 Wawryk Anna [&hellip;]<\/p>\n","protected":false},"author":2,"featured_media":0,"parent":5983,"menu_order":0,"comment_status":"closed","ping_status":"closed","template":"","meta":{"ngg_post_thumbnail":0,"footnotes":""},"class_list":["post-27231","page","type-page","status-publish","hentry"],"_links":{"self":[{"href":"https:\/\/sp1hrubieszow.pl\/index.php\/wp-json\/wp\/v2\/pages\/27231","targetHints":{"allow":["GET"]}}],"collection":[{"href":"https:\/\/sp1hrubieszow.pl\/index.php\/wp-json\/wp\/v2\/pages"}],"about":[{"href":"https:\/\/sp1hrubieszow.pl\/index.php\/wp-json\/wp\/v2\/types\/page"}],"author":[{"embeddable":true,"href":"https:\/\/sp1hrubieszow.pl\/index.php\/wp-json\/wp\/v2\/users\/2"}],"replies":[{"embeddable":true,"href":"https:\/\/sp1hrubieszow.pl\/index.php\/wp-json\/wp\/v2\/comments?post=27231"}],"version-history":[{"count":1,"href":"https:\/\/sp1hrubieszow.pl\/index.php\/wp-json\/wp\/v2\/pages\/27231\/revisions"}],"predecessor-version":[{"id":27232,"href":"https:\/\/sp1hrubieszow.pl\/index.php\/wp-json\/wp\/v2\/pages\/27231\/revisions\/27232"}],"up":[{"embeddable":true,"href":"https:\/\/sp1hrubieszow.pl\/index.php\/wp-json\/wp\/v2\/pages\/5983"}],"wp:attachment":[{"href":"https:\/\/sp1hrubieszow.pl\/index.php\/wp-json\/wp\/v2\/media?parent=27231"}],"curies":[{"name":"wp","href":"https:\/\/api.w.org\/{rel}","templated":true}]}}