{"id":27197,"date":"2024-09-25T19:30:30","date_gmt":"2024-09-25T17:30:30","guid":{"rendered":"https:\/\/sp1hrubieszow.pl\/?page_id=27197"},"modified":"2024-09-25T19:30:44","modified_gmt":"2024-09-25T17:30:44","slug":"czytam-na-7-2","status":"publish","type":"page","link":"https:\/\/sp1hrubieszow.pl\/index.php\/kronika-2020-2021\/czytam-na-7-2\/","title":{"rendered":"&#8222;Czytam na 7&#8221;"},"content":{"rendered":"\n<p><span style=\"color: #000080;\">W mijaj\u0105cym tygodniu wszystkie klasy pierwsze naszej szko\u0142y uczestniczy\u0142y w projekcie realizowanym przez MBP dzia\u0142aj\u0105c\u0105 w Hrubieszowskim Centrum Dziedzictwa Kultury pod has\u0142em &#8221; Czytam na 7&#8243;. Zaj\u0119cia prowadzi\u0142a pani Beata Panasiewicz, kt\u00f3ra zapozna\u0142a uczni\u00f3w z celem, przebiegiem oraz sposobem udzia\u0142u w tej wspania\u0142ej promocji czytelnictwa w\u015br\u00f3d dzieci. Wszyscy otrzymali pami\u0105tkowe zak\u0142adki do ksi\u0105\u017cek i wynie\u015bli postanowienie systematycznego odwiedzania biblioteki.<\/span><\/p>\nngg_shortcode_0_placeholder\n","protected":false},"excerpt":{"rendered":"<p>W mijaj\u0105cym tygodniu wszystkie klasy pierwsze naszej szko\u0142y uczestniczy\u0142y w projekcie realizowanym przez MBP dzia\u0142aj\u0105c\u0105 w Hrubieszowskim Centrum Dziedzictwa Kultury pod has\u0142em &#8221; Czytam na 7&#8243;. Zaj\u0119cia prowadzi\u0142a pani Beata Panasiewicz, kt\u00f3ra zapozna\u0142a uczni\u00f3w z celem, przebiegiem oraz sposobem udzia\u0142u w tej wspania\u0142ej promocji czytelnictwa w\u015br\u00f3d dzieci. Wszyscy otrzymali pami\u0105tkowe zak\u0142adki do ksi\u0105\u017cek i wynie\u015bli [&hellip;]<\/p>\n","protected":false},"author":2,"featured_media":0,"parent":5983,"menu_order":0,"comment_status":"closed","ping_status":"closed","template":"","meta":{"ngg_post_thumbnail":0,"footnotes":""},"class_list":["post-27197","page","type-page","status-publish","hentry"],"_links":{"self":[{"href":"https:\/\/sp1hrubieszow.pl\/index.php\/wp-json\/wp\/v2\/pages\/27197","targetHints":{"allow":["GET"]}}],"collection":[{"href":"https:\/\/sp1hrubieszow.pl\/index.php\/wp-json\/wp\/v2\/pages"}],"about":[{"href":"https:\/\/sp1hrubieszow.pl\/index.php\/wp-json\/wp\/v2\/types\/page"}],"author":[{"embeddable":true,"href":"https:\/\/sp1hrubieszow.pl\/index.php\/wp-json\/wp\/v2\/users\/2"}],"replies":[{"embeddable":true,"href":"https:\/\/sp1hrubieszow.pl\/index.php\/wp-json\/wp\/v2\/comments?post=27197"}],"version-history":[{"count":1,"href":"https:\/\/sp1hrubieszow.pl\/index.php\/wp-json\/wp\/v2\/pages\/27197\/revisions"}],"predecessor-version":[{"id":27198,"href":"https:\/\/sp1hrubieszow.pl\/index.php\/wp-json\/wp\/v2\/pages\/27197\/revisions\/27198"}],"up":[{"embeddable":true,"href":"https:\/\/sp1hrubieszow.pl\/index.php\/wp-json\/wp\/v2\/pages\/5983"}],"wp:attachment":[{"href":"https:\/\/sp1hrubieszow.pl\/index.php\/wp-json\/wp\/v2\/media?parent=27197"}],"curies":[{"name":"wp","href":"https:\/\/api.w.org\/{rel}","templated":true}]}}