{"id":27178,"date":"2024-09-24T19:38:58","date_gmt":"2024-09-24T17:38:58","guid":{"rendered":"https:\/\/sp1hrubieszow.pl\/?page_id=27178"},"modified":"2024-09-24T19:39:37","modified_gmt":"2024-09-24T17:39:37","slug":"wybory-do-msu-3","status":"publish","type":"page","link":"https:\/\/sp1hrubieszow.pl\/index.php\/kronika-2020-2021\/wybory-do-msu-3\/","title":{"rendered":"WYBORY DO MSU"},"content":{"rendered":"\n<p>&nbsp;<span style=\"color: #000080;\">23.09.2024r. odby\u0142y si\u0119 wybory do Ma\u0142ego Samorz\u0105du Uczniowskiego. W obecno\u015bci opiekun\u00f3w p. Katarzyny Sztuk, p. Moniki Korneluk, p. Marty Rutkowskiej oraz go\u015bcia specjalnego p. Ma\u0142gorzaty Sidorskiej &#8211; uczniowie klas 2 i 3 pi\u0119knie zaprezentowali swoje kandydatury. W wyst\u0105pieniach proponowali wiele ciekawych dzia\u0142a\u0144 i atrakcyjnych przedsi\u0119wzi\u0119\u0107 na rzecz naszej szko\u0142y. Niekt\u00f3rzy przygotowali kolorowe plakaty wyborcze. <\/span><br><span style=\"color: #000080;\">W wyniku tajnego g\u0142osowania do prezydium MSU zostali wybrani nast\u0119puj\u0105cy uczniowie:<\/span><\/p>\n<p><span style=\"color: #000080;\"><strong>PRZEWODNICZ\u0104CA: Pola Tor &#8211; kl. 2a<\/strong><\/span><\/p>\n<p><span style=\"color: #000080;\"><strong>ZAST\u0118PCY: Antoni Pilu\u015b \u2013 kl. 2c, Lilianna Malinowska \u2013 kl. 3a<\/strong><\/span><\/p>\n<p><span style=\"color: #000080;\">Do rady MSU weszli tak\u017ce:<\/span><\/p>\n<ol>\n<li><span style=\"color: #000080;\">Patrycja Pawlos \u2013 kl. 2a<\/span><\/li>\n<li><span style=\"color: #000080;\">Nikola G\u0142owacz \u2013 kl. 2b<\/span><\/li>\n<li><span style=\"color: #000080;\">Anna B\u0142aszczy\u0144ska &#8211; kl. 2b<\/span><\/li>\n<li><span style=\"color: #000080;\">Micha\u0142 Zaj\u0105c \u2013 kl. 2c<\/span><\/li>\n<li><span style=\"color: #000080;\">Emilia Ple\u015bnierowicz \u2013 kl. 3a<\/span><\/li>\n<li><span style=\"color: #000080;\">Laura Kusiak \u2013 kl. 3b<\/span><\/li>\n<li><span style=\"color: #000080;\">Lena Kula \u2013 kl. 3b<\/span><\/li>\n<\/ol>\n<p><span style=\"color: #000080;\">Gratulujemy i \u017cyczymy owocnej pracy w roku szkolnym 2024\/2025.<\/span><\/p>\nngg_shortcode_0_placeholder\n","protected":false},"excerpt":{"rendered":"<p>&nbsp;23.09.2024r. odby\u0142y si\u0119 wybory do Ma\u0142ego Samorz\u0105du Uczniowskiego. W obecno\u015bci opiekun\u00f3w p. Katarzyny Sztuk, p. Moniki Korneluk, p. Marty Rutkowskiej oraz go\u015bcia specjalnego p. Ma\u0142gorzaty Sidorskiej &#8211; uczniowie klas 2 i 3 pi\u0119knie zaprezentowali swoje kandydatury. W wyst\u0105pieniach proponowali wiele ciekawych dzia\u0142a\u0144 i atrakcyjnych przedsi\u0119wzi\u0119\u0107 na rzecz naszej szko\u0142y. Niekt\u00f3rzy przygotowali kolorowe plakaty wyborcze. W [&hellip;]<\/p>\n","protected":false},"author":2,"featured_media":0,"parent":5983,"menu_order":0,"comment_status":"closed","ping_status":"closed","template":"","meta":{"ngg_post_thumbnail":0,"footnotes":""},"class_list":["post-27178","page","type-page","status-publish","hentry"],"_links":{"self":[{"href":"https:\/\/sp1hrubieszow.pl\/index.php\/wp-json\/wp\/v2\/pages\/27178","targetHints":{"allow":["GET"]}}],"collection":[{"href":"https:\/\/sp1hrubieszow.pl\/index.php\/wp-json\/wp\/v2\/pages"}],"about":[{"href":"https:\/\/sp1hrubieszow.pl\/index.php\/wp-json\/wp\/v2\/types\/page"}],"author":[{"embeddable":true,"href":"https:\/\/sp1hrubieszow.pl\/index.php\/wp-json\/wp\/v2\/users\/2"}],"replies":[{"embeddable":true,"href":"https:\/\/sp1hrubieszow.pl\/index.php\/wp-json\/wp\/v2\/comments?post=27178"}],"version-history":[{"count":1,"href":"https:\/\/sp1hrubieszow.pl\/index.php\/wp-json\/wp\/v2\/pages\/27178\/revisions"}],"predecessor-version":[{"id":27179,"href":"https:\/\/sp1hrubieszow.pl\/index.php\/wp-json\/wp\/v2\/pages\/27178\/revisions\/27179"}],"up":[{"embeddable":true,"href":"https:\/\/sp1hrubieszow.pl\/index.php\/wp-json\/wp\/v2\/pages\/5983"}],"wp:attachment":[{"href":"https:\/\/sp1hrubieszow.pl\/index.php\/wp-json\/wp\/v2\/media?parent=27178"}],"curies":[{"name":"wp","href":"https:\/\/api.w.org\/{rel}","templated":true}]}}