{"id":27163,"date":"2024-09-21T18:42:52","date_gmt":"2024-09-21T16:42:52","guid":{"rendered":"https:\/\/sp1hrubieszow.pl\/?page_id=27163"},"modified":"2024-09-21T18:43:09","modified_gmt":"2024-09-21T16:43:09","slug":"na-strazy-czystej-ziemi","status":"publish","type":"page","link":"https:\/\/sp1hrubieszow.pl\/index.php\/kronika-2020-2021\/na-strazy-czystej-ziemi\/","title":{"rendered":"&#8222;Na stra\u017cy czystej Ziemi&#8221;"},"content":{"rendered":"\n<div dir=\"auto\"><span style=\"background-color: #ffffff; color: #000080;\">&#8222;Na stra\u017cy czystej Ziemi&#8221; Uczniowie klas 5b,6a i 8b z wielkim zaanga\u017cowaniem wzi\u0119li udzia\u0142 w tegorocznej 31 Akcji Sprz\u0105tania \u015awiata.<\/span><\/div>\n<div dir=\"auto\"><span style=\"background-color: #ffffff; color: #000080;\">M\u0141ODZI STRA\u017bNICY ZIEMI spisali si\u0119 na 5+!! Dzi\u0119kujemy im za udzia\u0142 i zapraszamy za rok.<\/span><\/div>\n<div dir=\"auto\">\nngg_shortcode_0_placeholder\n<\/div>\n\n\n","protected":false},"excerpt":{"rendered":"<p>&#8222;Na stra\u017cy czystej Ziemi&#8221; Uczniowie klas 5b,6a i 8b z wielkim zaanga\u017cowaniem wzi\u0119li udzia\u0142 w tegorocznej 31 Akcji Sprz\u0105tania \u015awiata. M\u0141ODZI STRA\u017bNICY ZIEMI spisali si\u0119 na 5+!! Dzi\u0119kujemy im za udzia\u0142 i zapraszamy za rok.<\/p>\n","protected":false},"author":2,"featured_media":0,"parent":5983,"menu_order":0,"comment_status":"closed","ping_status":"closed","template":"","meta":{"ngg_post_thumbnail":0,"footnotes":""},"class_list":["post-27163","page","type-page","status-publish","hentry"],"_links":{"self":[{"href":"https:\/\/sp1hrubieszow.pl\/index.php\/wp-json\/wp\/v2\/pages\/27163","targetHints":{"allow":["GET"]}}],"collection":[{"href":"https:\/\/sp1hrubieszow.pl\/index.php\/wp-json\/wp\/v2\/pages"}],"about":[{"href":"https:\/\/sp1hrubieszow.pl\/index.php\/wp-json\/wp\/v2\/types\/page"}],"author":[{"embeddable":true,"href":"https:\/\/sp1hrubieszow.pl\/index.php\/wp-json\/wp\/v2\/users\/2"}],"replies":[{"embeddable":true,"href":"https:\/\/sp1hrubieszow.pl\/index.php\/wp-json\/wp\/v2\/comments?post=27163"}],"version-history":[{"count":1,"href":"https:\/\/sp1hrubieszow.pl\/index.php\/wp-json\/wp\/v2\/pages\/27163\/revisions"}],"predecessor-version":[{"id":27164,"href":"https:\/\/sp1hrubieszow.pl\/index.php\/wp-json\/wp\/v2\/pages\/27163\/revisions\/27164"}],"up":[{"embeddable":true,"href":"https:\/\/sp1hrubieszow.pl\/index.php\/wp-json\/wp\/v2\/pages\/5983"}],"wp:attachment":[{"href":"https:\/\/sp1hrubieszow.pl\/index.php\/wp-json\/wp\/v2\/media?parent=27163"}],"curies":[{"name":"wp","href":"https:\/\/api.w.org\/{rel}","templated":true}]}}