{"id":27159,"date":"2024-09-21T18:33:16","date_gmt":"2024-09-21T16:33:16","guid":{"rendered":"https:\/\/sp1hrubieszow.pl\/?page_id=27159"},"modified":"2024-09-21T18:33:29","modified_gmt":"2024-09-21T16:33:29","slug":"bezpieczenstwo-najmlodszych-spotkanie-z-przedstawicielami-policji","status":"publish","type":"page","link":"https:\/\/sp1hrubieszow.pl\/index.php\/kronika-2020-2021\/bezpieczenstwo-najmlodszych-spotkanie-z-przedstawicielami-policji\/","title":{"rendered":"Bezpiecze\u0144stwo najm\u0142odszych- spotkanie z przedstawicielami Policji"},"content":{"rendered":"\n\n\n<p><span style=\"color: #000080;\">W dniu 18.09.2024r., uczni\u00f3w klas pierwszych odwiedzili przedstawiciele KPP w Hrubieszowie wraz z policyjn\u0105 maskotk\u0105- sier\u017cantem Lwem. Spotkanie by\u0142o okazj\u0105 do nauki oraz utrwalenia prawid\u0142owych zachowa\u0144 pierwszoklasist\u00f3w w zakresie dbania o bezpiecze\u0144stwo na co dzie\u0144. Szczeg\u00f3ln\u0105 uwag\u0119 zwr\u00f3cono na aspekt bezpiecznego poruszania si\u0119 dzieci po drogach i korzystania z przej\u015bcia dla pieszych. Uczniowie mieli okazj\u0119 prze\u0107wiczy\u0107 prawid\u0142owe przechodzenie po pasach nieopodal szko\u0142y. W bie\u017c\u0105cym roku szkolnym uczniowie klas: 1a,1b i 1c b\u0119d\u0105 uczestnikami XVI edycji og\u00f3lnopolskiego programu \u201e Akademia Bezpiecznego Puchatka\u201d, edukuj\u0105cego najm\u0142odszych w zakresie bezpiecze\u0144stwa w drodze do szko\u0142y, w szkole, w domu, w Internecie oraz w kontaktach z nieznajomymi.<\/span><\/p>\nngg_shortcode_0_placeholder\n","protected":false},"excerpt":{"rendered":"<p>W dniu 18.09.2024r., uczni\u00f3w klas pierwszych odwiedzili przedstawiciele KPP w Hrubieszowie wraz z policyjn\u0105 maskotk\u0105- sier\u017cantem Lwem. Spotkanie by\u0142o okazj\u0105 do nauki oraz utrwalenia prawid\u0142owych zachowa\u0144 pierwszoklasist\u00f3w w zakresie dbania o bezpiecze\u0144stwo na co dzie\u0144. Szczeg\u00f3ln\u0105 uwag\u0119 zwr\u00f3cono na aspekt bezpiecznego poruszania si\u0119 dzieci po drogach i korzystania z przej\u015bcia dla pieszych. Uczniowie mieli okazj\u0119 [&hellip;]<\/p>\n","protected":false},"author":2,"featured_media":0,"parent":5983,"menu_order":0,"comment_status":"closed","ping_status":"closed","template":"","meta":{"ngg_post_thumbnail":0,"footnotes":""},"class_list":["post-27159","page","type-page","status-publish","hentry"],"_links":{"self":[{"href":"https:\/\/sp1hrubieszow.pl\/index.php\/wp-json\/wp\/v2\/pages\/27159","targetHints":{"allow":["GET"]}}],"collection":[{"href":"https:\/\/sp1hrubieszow.pl\/index.php\/wp-json\/wp\/v2\/pages"}],"about":[{"href":"https:\/\/sp1hrubieszow.pl\/index.php\/wp-json\/wp\/v2\/types\/page"}],"author":[{"embeddable":true,"href":"https:\/\/sp1hrubieszow.pl\/index.php\/wp-json\/wp\/v2\/users\/2"}],"replies":[{"embeddable":true,"href":"https:\/\/sp1hrubieszow.pl\/index.php\/wp-json\/wp\/v2\/comments?post=27159"}],"version-history":[{"count":1,"href":"https:\/\/sp1hrubieszow.pl\/index.php\/wp-json\/wp\/v2\/pages\/27159\/revisions"}],"predecessor-version":[{"id":27160,"href":"https:\/\/sp1hrubieszow.pl\/index.php\/wp-json\/wp\/v2\/pages\/27159\/revisions\/27160"}],"up":[{"embeddable":true,"href":"https:\/\/sp1hrubieszow.pl\/index.php\/wp-json\/wp\/v2\/pages\/5983"}],"wp:attachment":[{"href":"https:\/\/sp1hrubieszow.pl\/index.php\/wp-json\/wp\/v2\/media?parent=27159"}],"curies":[{"name":"wp","href":"https:\/\/api.w.org\/{rel}","templated":true}]}}