{"id":27121,"date":"2024-09-20T17:42:06","date_gmt":"2024-09-20T15:42:06","guid":{"rendered":"https:\/\/sp1hrubieszow.pl\/?page_id=27121"},"modified":"2024-09-23T14:30:39","modified_gmt":"2024-09-23T12:30:39","slug":"miedzynarodowy-dzien-ksiazki","status":"publish","type":"page","link":"https:\/\/sp1hrubieszow.pl\/index.php\/kronika-2020-2021\/miedzynarodowy-dzien-ksiazki\/","title":{"rendered":"Mi\u0119dzynarodowy Dzie\u0144 Kropki"},"content":{"rendered":"\n\n\n\n\n<p><span style=\"color: #000080;\">Dnia 16.09.2024 r.&nbsp; nasza szko\u0142a aktywnie w\u0142\u0105czy\u0142a si\u0119 w obchody Mi\u0119dzynarodowego Dnia Kropki. &nbsp;Uczniowie oraz nauczyciele za\u0142o\u017cyli ubrania w kropki, pomalowali twarze, pojawi\u0142y si\u0119 kropkowane dekoracje oraz gazetki tematyczne. Ponadto, uczniowie rozwi\u0105zywali quiz kreatywno\u015bci zwi\u0105zany z obchodami tego dnia. Przeprowadzony zosta\u0142 konkurs na najciekawsze przebranie w kropki z motywem literackim, w kt\u00f3rym wy\u0142oniono nast\u0119puj\u0105cych&nbsp; laureat\u00f3w:<\/span><\/p>\n<p><span style=\"color: #000080;\"><u>W kategorii klas 1-3:<\/u><\/span><\/p>\n<p><span style=\"color: #000080;\">I miejsce&nbsp; &#8211;&nbsp; Filip Fr\u0105c kl. I c<\/span><\/p>\n<p><span style=\"color: #000080;\">II miejsce &#8211; Jan J\u0119drzejewski kl. 1b<\/span><\/p>\n<p><span style=\"color: #000080;\">III miejsce &#8211; Eryk Kr\u00f3l kl. 2b<\/span><\/p>\n<p><span style=\"color: #000080;\"><u>Wyr\u00f3\u017cnienia:<\/u><\/span><\/p>\n<p><span style=\"color: #000080;\">Nikola G\u0142owacz kl.2b<\/span><\/p>\n<p><span style=\"color: #000080;\">Hanna Jasi\u0144ska kl. 1b<\/span><\/p>\n<p><span style=\"color: #000080;\">Laura Kusiak kl. 3b<\/span><\/p>\n<p><span style=\"color: #000080;\">Maciej Opa\u0142a kl. 1b<\/span><\/p>\n<p><span style=\"color: #000080;\">R\u00f3\u017ca R\u00f3\u017ca\u0144ska kl. 2b<\/span><\/p>\n<p><span style=\"color: #000080;\">Nina Wi\u015bniewska kl. 2a<\/span><\/p>\n<p><span style=\"color: #000080;\"><u>W kategorii klas 4-8:<\/u><\/span><\/p>\n<p><span style=\"color: #000080;\">I miejsce \u2013 Karolina Kosel kl. 4c<\/span><\/p>\n<p><span style=\"color: #000080;\">II miejsce Zuzanna Gruszka kl. 4c ex aequo Aleksandra Dragun kl. 4c<\/span><\/p>\n<p><span style=\"color: #000080;\">III miejsce Angelika Przybysz kl. 6c<\/span><\/p>\n<p><span style=\"color: #000080;\"><strong>Gratulujemy wszystkim uczestnikom!!!<\/strong><\/span><\/p>\nngg_shortcode_0_placeholder\n\n\n\n\n","protected":false},"excerpt":{"rendered":"<p>Dnia 16.09.2024 r.&nbsp; nasza szko\u0142a aktywnie w\u0142\u0105czy\u0142a si\u0119 w obchody Mi\u0119dzynarodowego Dnia Kropki. &nbsp;Uczniowie oraz nauczyciele za\u0142o\u017cyli ubrania w kropki, pomalowali twarze, pojawi\u0142y si\u0119 kropkowane dekoracje oraz gazetki tematyczne. Ponadto, uczniowie rozwi\u0105zywali quiz kreatywno\u015bci zwi\u0105zany z obchodami tego dnia. Przeprowadzony zosta\u0142 konkurs na najciekawsze przebranie w kropki z motywem literackim, w kt\u00f3rym wy\u0142oniono nast\u0119puj\u0105cych&nbsp; laureat\u00f3w: [&hellip;]<\/p>\n","protected":false},"author":4,"featured_media":0,"parent":5983,"menu_order":0,"comment_status":"closed","ping_status":"closed","template":"","meta":{"ngg_post_thumbnail":0,"footnotes":""},"class_list":["post-27121","page","type-page","status-publish","hentry"],"_links":{"self":[{"href":"https:\/\/sp1hrubieszow.pl\/index.php\/wp-json\/wp\/v2\/pages\/27121","targetHints":{"allow":["GET"]}}],"collection":[{"href":"https:\/\/sp1hrubieszow.pl\/index.php\/wp-json\/wp\/v2\/pages"}],"about":[{"href":"https:\/\/sp1hrubieszow.pl\/index.php\/wp-json\/wp\/v2\/types\/page"}],"author":[{"embeddable":true,"href":"https:\/\/sp1hrubieszow.pl\/index.php\/wp-json\/wp\/v2\/users\/4"}],"replies":[{"embeddable":true,"href":"https:\/\/sp1hrubieszow.pl\/index.php\/wp-json\/wp\/v2\/comments?post=27121"}],"version-history":[{"count":4,"href":"https:\/\/sp1hrubieszow.pl\/index.php\/wp-json\/wp\/v2\/pages\/27121\/revisions"}],"predecessor-version":[{"id":27168,"href":"https:\/\/sp1hrubieszow.pl\/index.php\/wp-json\/wp\/v2\/pages\/27121\/revisions\/27168"}],"up":[{"embeddable":true,"href":"https:\/\/sp1hrubieszow.pl\/index.php\/wp-json\/wp\/v2\/pages\/5983"}],"wp:attachment":[{"href":"https:\/\/sp1hrubieszow.pl\/index.php\/wp-json\/wp\/v2\/media?parent=27121"}],"curies":[{"name":"wp","href":"https:\/\/api.w.org\/{rel}","templated":true}]}}