{"id":27072,"date":"2024-09-15T17:01:16","date_gmt":"2024-09-15T15:01:16","guid":{"rendered":"https:\/\/sp1hrubieszow.pl\/?page_id=27072"},"modified":"2024-09-15T17:01:34","modified_gmt":"2024-09-15T15:01:34","slug":"25-edycja-patriotycznych-biegow-wrzesniowych","status":"publish","type":"page","link":"https:\/\/sp1hrubieszow.pl\/index.php\/kronika-2020-2021\/25-edycja-patriotycznych-biegow-wrzesniowych\/","title":{"rendered":"25 edycja Patriotycznych Bieg\u00f3w Wrze\u015bniowych"},"content":{"rendered":"\n\n\n<div class=\"xdj266r x11i5rnm xat24cr x1mh8g0r x1vvkbs x126k92a\">\n<div dir=\"auto\"><span style=\"color: #000080;\">Przed nami 25 edycja Patriotycznych Bieg\u00f3w Wrze\u015bniowych, kt\u00f3rych pomys\u0142odawc\u0105 jest Pan Andrzej Podlewski. Zapraszamy ju\u017c w najbli\u017csz\u0105 \u015brod\u0119 tj. 18.09.2024r.- start 9.30<\/span><\/div>\n<\/div>\n<div class=\"x11i5rnm xat24cr x1mh8g0r x1vvkbs xtlvy1s x126k92a\">\n<div dir=\"auto\"><span style=\"color: #000080;\">Regulamin:<\/span><\/div>\n<\/div>\n<div class=\"x11i5rnm xat24cr x1mh8g0r x1vvkbs xtlvy1s x126k92a\">\n<div dir=\"auto\"><span style=\"color: #000080;\">\u201eBOHATEROM WRZE\u015aNIA 1939 ROKU\u201d<\/span><\/div>\n<div dir=\"auto\"><span style=\"color: #000080;\">XXIII DOROCZNE PATRIOTYCZNE BIEGI PRZE\u0141AJOWE<\/span><\/div>\n<\/div>\n<div class=\"x11i5rnm xat24cr x1mh8g0r x1vvkbs xtlvy1s x126k92a\">\n<div dir=\"auto\"><span style=\"color: #000080;\">1. Cel imprezy:<\/span><\/div>\n<div dir=\"auto\"><span style=\"color: #000080;\">\u2022 Patriotyczny:<\/span><\/div>\n<div dir=\"auto\"><span style=\"color: #000080;\">o Upami\u0119tnienie rocznicy wrze\u015bnia 1939 roku;<\/span><\/div>\n<div dir=\"auto\"><span style=\"color: #000080;\">o kszta\u0142towanie to\u017csamo\u015bci narodowej;<\/span><\/div>\n<div dir=\"auto\"><span style=\"color: #000080;\">o szacunek do symboli narodowych;<\/span><\/div>\n<div dir=\"auto\"><span style=\"color: #000080;\">o budowanie wi\u0119zi spo\u0142ecznych na fundamencie wydarze\u0144 historycznych.<\/span><\/div>\n<div dir=\"auto\"><span style=\"color: #000080;\">\u2022 Zdrowotny \u2013 propagowanie zdrowego stylu \u017cycia.<\/span><\/div>\n<div dir=\"auto\"><span style=\"color: #000080;\">\u2022 Popularyzacja czynnego wypoczynku.<\/span><\/div>\n<div dir=\"auto\"><span style=\"color: #000080;\">\u2022 Integracja \u015brodowiska szkolnego i szerszego spo\u0142ecznie;<\/span><\/div>\n<div dir=\"auto\"><span style=\"color: #000080;\">\u2022 Przysposobienie do wsp\u00f3\u0142zawodnictwa w duchu sportowej walki.<\/span><\/div>\n<\/div>\n<div class=\"x11i5rnm xat24cr x1mh8g0r x1vvkbs xtlvy1s x126k92a\">\n<div dir=\"auto\"><span style=\"color: #000080;\">2. Organizator \u2013 Szkolny Klub Sportowy, UKS ,,Jedynka\u201d, HOSiR<\/span><\/div>\n<div dir=\"auto\"><span style=\"color: #000080;\">3. Termin &#8211; 18.09.2024 r. rozpocz\u0119cie &#8211; godzina 9.30<\/span><\/div>\n<div dir=\"auto\"><span style=\"color: #000080;\">4. Miejsce \u2013 boisko Hrubieszowskiej Sp\u00f3\u0142dzielni Mieszkaniowej z przyleg\u0142ymi terenami (ko\u0142o przedszkola kolejowego)<\/span><\/div>\n<div dir=\"auto\"><span style=\"color: #000080;\">5. Uczestnicy \u2013 mo\u017cliwo\u015b\u0107 udzia\u0142u maj\u0105 wszyscy uczniowie Szko\u0142y Podstawowej nr 1, przedszkolaki z hrubieszowskich przedszkoli &#8211; nie posiadaj\u0105cy przeciwwskaza\u0144 zdrowotnych.<\/span><\/div>\n<div dir=\"auto\"><span style=\"color: #000080;\">7. Finansowanie \u2013 Urz\u0105d Miasta Hrubieszowa, Rada Rodzic\u00f3w przy Szkole Podstawowej nr 1 w Hrubieszowie.<\/span><\/div>\n<div dir=\"auto\"><span style=\"color: #000080;\">6. Regulamin<\/span><\/div>\n<div dir=\"auto\"><span style=\"color: #000080;\">a. bieg zostanie przeprowadzony w kategoriach wiekowych z podzia\u0142em na dziewcz\u0119ta i ch\u0142opc\u00f3w;<\/span><\/div>\n<div dir=\"auto\"><span style=\"color: #000080;\">b. dystans<\/span><\/div>\n<div dir=\"auto\"><span style=\"color: #000080;\">\u2022 przedszkolaki 150 m;<\/span><\/div>\n<div dir=\"auto\"><span style=\"color: #000080;\">\u2022 nauczanie zintegrowane 150 m;<\/span><\/div>\n<div dir=\"auto\"><span style=\"color: #000080;\">\u2022 ch\u0142opcy starsi i m\u0142odsi 1000m z pokonaniem g\u00f3rki;<\/span><\/div>\n<div dir=\"auto\"><span style=\"color: #000080;\">\u2022 dziewcz\u0119ta m\u0142odsze -600 m z pokonaniem g\u00f3rki;<\/span><\/div>\n<div dir=\"auto\"><span style=\"color: #000080;\">\u2022 dziewcz\u0119ta starsze -800 m z pokonaniem g\u00f3rki.<\/span><\/div>\n<div dir=\"auto\"><span style=\"color: #000080;\">b. zwyci\u0119zcy w swoich kategoriach wiekowych nagradzani pucharem, za drugie i trzecie miejsce \u2013 medale i dyplomy.;<\/span><\/div>\n<div dir=\"auto\"><span style=\"color: #000080;\">d. wszyscy uczestnicy, kt\u00f3rzy uko\u0144cz\u0105 bieg otrzymuj\u0105 cz\u0105stkow\u0105 ocen\u0119 celuj\u0105c\u0105 z wychowania fizycznego.<\/span><\/div>\n<\/div>\n<div class=\"x11i5rnm xat24cr x1mh8g0r x1vvkbs xtlvy1s x126k92a\">\n<div dir=\"auto\"><span style=\"color: #000080;\">7. Terminarz szczeg\u00f3\u0142owy:<\/span><\/div>\n<div dir=\"auto\"><span style=\"color: #000080;\">9.30 oficjalne otwarcie zawod\u00f3w (plac rekreacyjny), kr\u00f3tki apel po\u015bwi\u0119cony 85 rocznicy wrze\u015bnia 1939 \u2013 z\u0142o\u017cenie kwiat\u00f3w przez delegacj\u0119 na cmentarzu wojskowym.<\/span><\/div>\n<div dir=\"auto\"><span style=\"color: #000080;\">10.00 bieg \u2013 przedszkolaki<\/span><\/div>\n<div dir=\"auto\"><span style=\"color: #000080;\">10.15 bieg \u2013 nauczanie zintegrowane \u2013 klasy 1-3<\/span><\/div>\n<div dir=\"auto\"><span style=\"color: #000080;\">dziewcz\u0119ta i ch\u0142opcy (podzia\u0142 na kategorie wiekowe)<\/span><\/div>\n<div dir=\"auto\"><span style=\"color: #000080;\">11.15 bieg \u2013 dziewcz\u0119ta 4 \u2013 8; ch\u0142opcy 4 &#8211; 8 (podzia\u0142 na kategorie wiekowe)<\/span><\/div>\n<\/div>\n","protected":false},"excerpt":{"rendered":"<p>Przed nami 25 edycja Patriotycznych Bieg\u00f3w Wrze\u015bniowych, kt\u00f3rych pomys\u0142odawc\u0105 jest Pan Andrzej Podlewski. Zapraszamy ju\u017c w najbli\u017csz\u0105 \u015brod\u0119 tj. 18.09.2024r.- start 9.30 Regulamin: \u201eBOHATEROM WRZE\u015aNIA 1939 ROKU\u201d XXIII DOROCZNE PATRIOTYCZNE BIEGI PRZE\u0141AJOWE 1. Cel imprezy: \u2022 Patriotyczny: o Upami\u0119tnienie rocznicy wrze\u015bnia 1939 roku; o kszta\u0142towanie to\u017csamo\u015bci narodowej; o szacunek do symboli narodowych; o budowanie wi\u0119zi [&hellip;]<\/p>\n","protected":false},"author":2,"featured_media":0,"parent":5983,"menu_order":0,"comment_status":"closed","ping_status":"closed","template":"","meta":{"ngg_post_thumbnail":0,"footnotes":""},"class_list":["post-27072","page","type-page","status-publish","hentry"],"_links":{"self":[{"href":"https:\/\/sp1hrubieszow.pl\/index.php\/wp-json\/wp\/v2\/pages\/27072","targetHints":{"allow":["GET"]}}],"collection":[{"href":"https:\/\/sp1hrubieszow.pl\/index.php\/wp-json\/wp\/v2\/pages"}],"about":[{"href":"https:\/\/sp1hrubieszow.pl\/index.php\/wp-json\/wp\/v2\/types\/page"}],"author":[{"embeddable":true,"href":"https:\/\/sp1hrubieszow.pl\/index.php\/wp-json\/wp\/v2\/users\/2"}],"replies":[{"embeddable":true,"href":"https:\/\/sp1hrubieszow.pl\/index.php\/wp-json\/wp\/v2\/comments?post=27072"}],"version-history":[{"count":1,"href":"https:\/\/sp1hrubieszow.pl\/index.php\/wp-json\/wp\/v2\/pages\/27072\/revisions"}],"predecessor-version":[{"id":27073,"href":"https:\/\/sp1hrubieszow.pl\/index.php\/wp-json\/wp\/v2\/pages\/27072\/revisions\/27073"}],"up":[{"embeddable":true,"href":"https:\/\/sp1hrubieszow.pl\/index.php\/wp-json\/wp\/v2\/pages\/5983"}],"wp:attachment":[{"href":"https:\/\/sp1hrubieszow.pl\/index.php\/wp-json\/wp\/v2\/media?parent=27072"}],"curies":[{"name":"wp","href":"https:\/\/api.w.org\/{rel}","templated":true}]}}