{"id":27057,"date":"2024-09-11T22:01:46","date_gmt":"2024-09-11T20:01:46","guid":{"rendered":"https:\/\/sp1hrubieszow.pl\/?page_id=27057"},"modified":"2024-09-11T22:02:32","modified_gmt":"2024-09-11T20:02:32","slug":"mamy-laureatow-zachowaj-trzezwy-umysl","status":"publish","type":"page","link":"https:\/\/sp1hrubieszow.pl\/index.php\/kronika-2020-2021\/mamy-laureatow-zachowaj-trzezwy-umysl\/","title":{"rendered":"Mamy laureat\u00f3w! Zachowaj Trze\u017awy Umys\u0142"},"content":{"rendered":"\n\n\n<p><img loading=\"lazy\" decoding=\"async\" class=\"alignnone size-medium wp-image-27056 aligncenter\" src=\"http:\/\/sp1hrubieszow.pl\/wp-content\/uploads\/2024\/09\/ztu-300x192.jpg\" alt=\"\" width=\"300\" height=\"192\" srcset=\"https:\/\/sp1hrubieszow.pl\/wp-content\/uploads\/2024\/09\/ztu-300x192.jpg 300w, https:\/\/sp1hrubieszow.pl\/wp-content\/uploads\/2024\/09\/ztu.jpg 600w\" sizes=\"auto, (max-width: 300px) 100vw, 300px\" \/><\/p>\n<div class=\"xdj266r x11i5rnm xat24cr x1mh8g0r x1vvkbs x126k92a\">\n<div dir=\"auto\"><span style=\"color: #000080;\">Z dum\u0105 og\u0142aszamy, \u017ce nasi uczniowie zostali nagrodzeni i wyr\u00f3\u017cnieni w og\u00f3lnopolskich konkursach, przebiegaj\u0105cych w ramach kampanii Zachowaj Trze\u017awy Umys\u0142&#8217;2024.&nbsp;<\/span><\/div>\n<div dir=\"auto\"><span style=\"color: #000080;\">Na uwag\u0119 zas\u0142uguje fakt rekordowej liczby tegorocznych laureat\u00f3w z naszej szko\u0142y, co jest powodem do dumy!<span class=\"html-span xexx8yu x4uap5 x18d9i69 xkhd6sd x1hl2dhg x16tdsg8 x1vvkbs x3nfvp2 x1j61x8r x1fcty0u xdj266r xat24cr xgzva0m xhhsvwb xxymvpz xlup9mm x1kky2od\"><img loading=\"lazy\" decoding=\"async\" class=\"xz74otr\" src=\"https:\/\/static.xx.fbcdn.net\/images\/emoji.php\/v9\/t6f\/1\/16\/1f337.png\" alt=\"?\" width=\"16\" height=\"16\"><\/span><\/span><\/div>\n<\/div>\n<div class=\"x11i5rnm xat24cr x1mh8g0r x1vvkbs xtlvy1s x126k92a\">\n<div dir=\"auto\"><span style=\"color: #000080;\">Laureatem og\u00f3lnopolskiego konkursu logicznego- wykre\u015blanka &#8222;Nie czas na nud\u0119&#8221; zosta\u0142a:<\/span><\/div>\n<div dir=\"auto\"><span style=\"color: #000080;\">Karolina Danilczuk, uczennica klasy 7b<\/span><\/div>\n<\/div>\n<div class=\"x11i5rnm xat24cr x1mh8g0r x1vvkbs xtlvy1s x126k92a\">\n<div dir=\"auto\"><span style=\"color: #000080;\">Zdobywcami og\u00f3lnopolskich wyr\u00f3\u017cnie\u0144 w konkursie plastyczno-literackim pt. &#8222;Bli\u017cej siebie, z dala od u\u017cywek&#8221; zostali:<\/span><\/div>\n<\/div>\n<div class=\"x11i5rnm xat24cr x1mh8g0r x1vvkbs xtlvy1s x126k92a\">\n<div dir=\"auto\"><span style=\"color: #000080;\">1. Nina Wi\u015bniewska, kl. 2a, opiekun p. Katarzyna Sztuk<\/span><\/div>\n<div dir=\"auto\"><span style=\"color: #000080;\">2. Julia Woraczek, kl. 3b, opiekun p. Renata Pacza\u0142a<\/span><\/div>\n<div dir=\"auto\"><span style=\"color: #000080;\">3. Zuzanna Korneluk, kl. 4a, opiekun p. Ma\u0142gorzata Serafin<\/span><\/div>\n<div dir=\"auto\"><span style=\"color: #000080;\">5. Zuzanna Przybylak, kl. 4a,opiekun p. Ma\u0142gorzata Serafin<\/span><\/div>\n<div dir=\"auto\"><span style=\"color: #000080;\">6. Dawid Go\u0142\u0119biowski, kl. 4b, opiekun: p. Monika Korneluk<\/span><\/div>\n<div dir=\"auto\"><span style=\"color: #000080;\">7. Szymon Krawiec, kl. 3a, opiekun: p. Joanna Bartnik<\/span><\/div>\n<div dir=\"auto\"><span style=\"color: #000080;\">8. Micha\u0142 Zaj\u0105c, kl. 2c, opiekun: p. Marta Rutkowska<\/span><\/div>\n<div dir=\"auto\"><span style=\"color: #000080;\">9. Jagoda Szczepaniak, kl. 5a, opiekun: p. Ewa Filipowicz-Sidorczuk<\/span><\/div>\n<div dir=\"auto\"><span style=\"color: #000080;\">10. \u0141ucja Karmen Dorman, kl. 6b, opiekun: p. Ewa Filipowicz-Sidorczuk<\/span><\/div>\n<div dir=\"auto\"><span style=\"color: #000080;\">11.Lena Ni\u017anikowska, kl. 6c, opiekun: p. Ewa Filipowicz-Sidorczuk<\/span><\/div>\n<div dir=\"auto\"><span style=\"color: #000080;\">12.Maja Klimkowska, kl. 7a, opiekun: p. Ewa Filipowicz-Sidorczuk<\/span><\/div>\n<div dir=\"auto\"><span style=\"color: #000080;\">13.Paula Wilczy\u0144ska, kl. 7a, opiekun: p. Ewa Filipowicz-Sidorczuk<\/span><\/div>\n<div dir=\"auto\"><span style=\"color: #000080;\">14. Marcelina Olizarowska, kl. 7a, opiekun p. Anna Karkuszewska<\/span><\/div>\n<div dir=\"auto\"><span style=\"color: #000080;\">15.Karolina Danilczuk, kl. 7b, opiekun: p. Ewa Filipowicz-Sidorczuk<\/span><\/div>\n<div dir=\"auto\"><span style=\"color: #000080;\">16. Nikola Dorosz, kl. 8c, opiekun: p. Ewa Filipowicz-Sidorczuk<\/span><\/div>\n<div dir=\"auto\"><span style=\"color: #000080;\">17. Ma\u0142gorzata Korneluk, kl. 8a, opiekun: p. Ewa Filipowicz-Sidorczuk<\/span><\/div>\n<\/div>\n<div class=\"x11i5rnm xat24cr x1mh8g0r x1vvkbs xtlvy1s x126k92a\">\n<div dir=\"auto\"><span style=\"color: #000080;\">Serdecznie gratulujemy Uczniom, ich Rodzicom i Opiekunom<\/span><\/div>\n<div dir=\"auto\"><span style=\"color: #000080;\">z ramienia szko\u0142y<span class=\"html-span xexx8yu x4uap5 x18d9i69 xkhd6sd x1hl2dhg x16tdsg8 x1vvkbs x3nfvp2 x1j61x8r x1fcty0u xdj266r xat24cr xgzva0m xhhsvwb xxymvpz xlup9mm x1kky2od\"><img loading=\"lazy\" decoding=\"async\" class=\"xz74otr\" src=\"https:\/\/static.xx.fbcdn.net\/images\/emoji.php\/v9\/t6f\/1\/16\/1f337.png\" alt=\"?\" width=\"16\" height=\"16\"><\/span><span class=\"html-span xexx8yu x4uap5 x18d9i69 xkhd6sd x1hl2dhg x16tdsg8 x1vvkbs x3nfvp2 x1j61x8r x1fcty0u xdj266r xat24cr xgzva0m xhhsvwb xxymvpz xlup9mm x1kky2od\"><img loading=\"lazy\" decoding=\"async\" class=\"xz74otr\" src=\"https:\/\/static.xx.fbcdn.net\/images\/emoji.php\/v9\/t6f\/1\/16\/1f337.png\" alt=\"?\" width=\"16\" height=\"16\"><\/span><span class=\"html-span xexx8yu x4uap5 x18d9i69 xkhd6sd x1hl2dhg x16tdsg8 x1vvkbs x3nfvp2 x1j61x8r x1fcty0u xdj266r xat24cr xgzva0m xhhsvwb xxymvpz xlup9mm x1kky2od\"><img loading=\"lazy\" decoding=\"async\" class=\"xz74otr\" src=\"https:\/\/static.xx.fbcdn.net\/images\/emoji.php\/v9\/t6f\/1\/16\/1f337.png\" alt=\"?\" width=\"16\" height=\"16\"><\/span><\/span><\/div>\n<div dir=\"auto\"><span style=\"color: #000080;\">Zapraszamy do udzia\u0142u w dzia\u0142aniach i konkursach w ramach kolejnej edycji kampanii &#8222;Zachowaj Trze\u017awy Umys\u0142&#8221;, o kt\u00f3rych b\u0119dziemy Was informowa\u0107 na bie\u017c\u0105co.<\/span><\/div>\n<\/div>\n<div class=\"x11i5rnm xat24cr x1mh8g0r x1vvkbs xtlvy1s x126k92a\">\n<div dir=\"auto\"><span style=\"color: #000080;\">Koordynatorzy ZTU w SP Nr 1 w Hrubieszowie, pedagodzy szkolni: Marta Kuczy\u0144ska i Anna Karkuszewska<\/span><\/div>\n<\/div>\n","protected":false},"excerpt":{"rendered":"<p>Z dum\u0105 og\u0142aszamy, \u017ce nasi uczniowie zostali nagrodzeni i wyr\u00f3\u017cnieni w og\u00f3lnopolskich konkursach, przebiegaj\u0105cych w ramach kampanii Zachowaj Trze\u017awy Umys\u0142&#8217;2024.&nbsp; Na uwag\u0119 zas\u0142uguje fakt rekordowej liczby tegorocznych laureat\u00f3w z naszej szko\u0142y, co jest powodem do dumy! Laureatem og\u00f3lnopolskiego konkursu logicznego- wykre\u015blanka &#8222;Nie czas na nud\u0119&#8221; zosta\u0142a: Karolina Danilczuk, uczennica klasy 7b Zdobywcami og\u00f3lnopolskich wyr\u00f3\u017cnie\u0144 w [&hellip;]<\/p>\n","protected":false},"author":2,"featured_media":0,"parent":5983,"menu_order":0,"comment_status":"closed","ping_status":"closed","template":"","meta":{"ngg_post_thumbnail":0,"footnotes":""},"class_list":["post-27057","page","type-page","status-publish","hentry"],"_links":{"self":[{"href":"https:\/\/sp1hrubieszow.pl\/index.php\/wp-json\/wp\/v2\/pages\/27057","targetHints":{"allow":["GET"]}}],"collection":[{"href":"https:\/\/sp1hrubieszow.pl\/index.php\/wp-json\/wp\/v2\/pages"}],"about":[{"href":"https:\/\/sp1hrubieszow.pl\/index.php\/wp-json\/wp\/v2\/types\/page"}],"author":[{"embeddable":true,"href":"https:\/\/sp1hrubieszow.pl\/index.php\/wp-json\/wp\/v2\/users\/2"}],"replies":[{"embeddable":true,"href":"https:\/\/sp1hrubieszow.pl\/index.php\/wp-json\/wp\/v2\/comments?post=27057"}],"version-history":[{"count":1,"href":"https:\/\/sp1hrubieszow.pl\/index.php\/wp-json\/wp\/v2\/pages\/27057\/revisions"}],"predecessor-version":[{"id":27058,"href":"https:\/\/sp1hrubieszow.pl\/index.php\/wp-json\/wp\/v2\/pages\/27057\/revisions\/27058"}],"up":[{"embeddable":true,"href":"https:\/\/sp1hrubieszow.pl\/index.php\/wp-json\/wp\/v2\/pages\/5983"}],"wp:attachment":[{"href":"https:\/\/sp1hrubieszow.pl\/index.php\/wp-json\/wp\/v2\/media?parent=27057"}],"curies":[{"name":"wp","href":"https:\/\/api.w.org\/{rel}","templated":true}]}}