{"id":27043,"date":"2024-09-09T17:09:50","date_gmt":"2024-09-09T15:09:50","guid":{"rendered":"https:\/\/sp1hrubieszow.pl\/?page_id=27043"},"modified":"2024-09-09T17:53:01","modified_gmt":"2024-09-09T15:53:01","slug":"v-edycja-miedzyszkolnego-konkursu-mediacja-sposobem-na-konflikt","status":"publish","type":"page","link":"https:\/\/sp1hrubieszow.pl\/index.php\/kronika-2020-2021\/v-edycja-miedzyszkolnego-konkursu-mediacja-sposobem-na-konflikt\/","title":{"rendered":"IV edycja mi\u0119dzyszkolnego konkursu &#8222;Mediacja sposobem na konflikt&#8221;"},"content":{"rendered":"\n\n\n<p><span style=\"color: #000080;\">IV edycja mi\u0119dzyszkolnego konkursu &#8222;Mediacja sposobem na konflikt&#8221; pod patronatem Burmistrza Miasta Hrubieszowa i Prezesa S\u0105du Rejonowego w Hrubieszowie.<\/span><br><span style=\"color: #000080;\">Zapraszamy do udzia\u0142u w konkursie promuj\u0105cym mediacj\u0119:<\/span><\/p>\n<p><strong><span style=\"color: #000080;\"><a style=\"color: #000080;\" href=\"http:\/\/sp1hrubieszow.pl\/wp-content\/uploads\/2024\/09\/Regulamin-konkursu-plastycznego-pt.-Mediacja-sposobem-na-konflikt-edycja-IV-2024r.docx\">Regulamin konkursu plastycznego pt. Mediacja sposobem na konflikt-edycja IV-2024r.<\/a><\/span><\/strong><\/p>\n","protected":false},"excerpt":{"rendered":"<p>IV edycja mi\u0119dzyszkolnego konkursu &#8222;Mediacja sposobem na konflikt&#8221; pod patronatem Burmistrza Miasta Hrubieszowa i Prezesa S\u0105du Rejonowego w Hrubieszowie.Zapraszamy do udzia\u0142u w konkursie promuj\u0105cym mediacj\u0119: Regulamin konkursu plastycznego pt. Mediacja sposobem na konflikt-edycja IV-2024r.<\/p>\n","protected":false},"author":2,"featured_media":0,"parent":5983,"menu_order":0,"comment_status":"closed","ping_status":"closed","template":"","meta":{"ngg_post_thumbnail":0,"footnotes":""},"class_list":["post-27043","page","type-page","status-publish","hentry"],"_links":{"self":[{"href":"https:\/\/sp1hrubieszow.pl\/index.php\/wp-json\/wp\/v2\/pages\/27043","targetHints":{"allow":["GET"]}}],"collection":[{"href":"https:\/\/sp1hrubieszow.pl\/index.php\/wp-json\/wp\/v2\/pages"}],"about":[{"href":"https:\/\/sp1hrubieszow.pl\/index.php\/wp-json\/wp\/v2\/types\/page"}],"author":[{"embeddable":true,"href":"https:\/\/sp1hrubieszow.pl\/index.php\/wp-json\/wp\/v2\/users\/2"}],"replies":[{"embeddable":true,"href":"https:\/\/sp1hrubieszow.pl\/index.php\/wp-json\/wp\/v2\/comments?post=27043"}],"version-history":[{"count":2,"href":"https:\/\/sp1hrubieszow.pl\/index.php\/wp-json\/wp\/v2\/pages\/27043\/revisions"}],"predecessor-version":[{"id":27048,"href":"https:\/\/sp1hrubieszow.pl\/index.php\/wp-json\/wp\/v2\/pages\/27043\/revisions\/27048"}],"up":[{"embeddable":true,"href":"https:\/\/sp1hrubieszow.pl\/index.php\/wp-json\/wp\/v2\/pages\/5983"}],"wp:attachment":[{"href":"https:\/\/sp1hrubieszow.pl\/index.php\/wp-json\/wp\/v2\/media?parent=27043"}],"curies":[{"name":"wp","href":"https:\/\/api.w.org\/{rel}","templated":true}]}}