{"id":2702,"date":"2019-10-29T20:59:28","date_gmt":"2019-10-29T19:59:28","guid":{"rendered":"http:\/\/sp1.hrubieszow.info\/?page_id=2702"},"modified":"2019-10-29T21:00:01","modified_gmt":"2019-10-29T20:00:01","slug":"spotkanie-z-pania-burmistrz","status":"publish","type":"page","link":"https:\/\/sp1hrubieszow.pl\/index.php\/kronika-2019-2020\/spotkanie-z-pania-burmistrz\/","title":{"rendered":"Spotkanie z pani\u0105 Burmistrz"},"content":{"rendered":"\n<p align=\"JUSTIFY\"><span style=\"color: #000066;\"><span style=\"font-family: Arial, sans-serif;\">24 pa\u017adziernika uczniowie klasy 7c wraz z pani\u0105 Dyrektor Edyt\u0105 Kucharsk\u0105 oraz z ksi\u0119dzem Witoldem Badnarzem i wychowawc\u0105 p. Mart\u0105 Lackowsk\u0105 odwiedzili Urz\u0105d Miasta Hrubiesz\u00f3w. Uczniowie go\u015bcili u Burmistrz &#8211; pani Marty Majewskiej oraz u zast\u0119pcy Burmistrza \u2013 pana Paw\u0142a Wojciechowskiego. M\u0142odzie\u017c mia\u0142a okazj\u0119 us\u0142ysze\u0107 wiele ciekawych i po\u017cytecznych informacji o funkcjonowaniu urz\u0119du i pracy burmistrza. Poza tym ochotnicy mieli mo\u017cliwo\u015b\u0107 zasi\u0105\u015b\u0107 w fotelu pani Burmistrz. Uczniowie odwiedzili te\u017c Urz\u0105d Stanu Cywilnego oraz sal\u0119 konferencyjn\u0105. <\/span><\/span><\/p>\n<p align=\"JUSTIFY\"><span style=\"color: #000066;\"><span style=\"font-family: Arial, sans-serif;\">To by\u0142o interesuj\u0105ce spotkanie i niezwyk\u0142a lekcja wychowania obywatelskiego. Serdecznie dzi\u0119kujemy pani Burmistrz za zaproszenie i bardzo mi\u0142e przyj\u0119cie.<\/span><\/span><\/p>\nngg_shortcode_0_placeholder\n","protected":false},"excerpt":{"rendered":"<p>24 pa\u017adziernika uczniowie klasy 7c wraz z pani\u0105 Dyrektor Edyt\u0105 Kucharsk\u0105 oraz z ksi\u0119dzem Witoldem Badnarzem i wychowawc\u0105 p. Mart\u0105 Lackowsk\u0105 odwiedzili Urz\u0105d Miasta Hrubiesz\u00f3w. Uczniowie go\u015bcili u Burmistrz &#8211; pani Marty Majewskiej oraz u zast\u0119pcy Burmistrza \u2013 pana Paw\u0142a Wojciechowskiego. M\u0142odzie\u017c mia\u0142a okazj\u0119 us\u0142ysze\u0107 wiele ciekawych i po\u017cytecznych informacji o funkcjonowaniu urz\u0119du i pracy [&hellip;]<\/p>\n","protected":false},"author":2,"featured_media":0,"parent":2167,"menu_order":0,"comment_status":"closed","ping_status":"closed","template":"","meta":{"ngg_post_thumbnail":0,"footnotes":""},"class_list":["post-2702","page","type-page","status-publish","hentry"],"_links":{"self":[{"href":"https:\/\/sp1hrubieszow.pl\/index.php\/wp-json\/wp\/v2\/pages\/2702","targetHints":{"allow":["GET"]}}],"collection":[{"href":"https:\/\/sp1hrubieszow.pl\/index.php\/wp-json\/wp\/v2\/pages"}],"about":[{"href":"https:\/\/sp1hrubieszow.pl\/index.php\/wp-json\/wp\/v2\/types\/page"}],"author":[{"embeddable":true,"href":"https:\/\/sp1hrubieszow.pl\/index.php\/wp-json\/wp\/v2\/users\/2"}],"replies":[{"embeddable":true,"href":"https:\/\/sp1hrubieszow.pl\/index.php\/wp-json\/wp\/v2\/comments?post=2702"}],"version-history":[{"count":1,"href":"https:\/\/sp1hrubieszow.pl\/index.php\/wp-json\/wp\/v2\/pages\/2702\/revisions"}],"predecessor-version":[{"id":2703,"href":"https:\/\/sp1hrubieszow.pl\/index.php\/wp-json\/wp\/v2\/pages\/2702\/revisions\/2703"}],"up":[{"embeddable":true,"href":"https:\/\/sp1hrubieszow.pl\/index.php\/wp-json\/wp\/v2\/pages\/2167"}],"wp:attachment":[{"href":"https:\/\/sp1hrubieszow.pl\/index.php\/wp-json\/wp\/v2\/media?parent=2702"}],"curies":[{"name":"wp","href":"https:\/\/api.w.org\/{rel}","templated":true}]}}