{"id":26929,"date":"2024-09-04T10:03:10","date_gmt":"2024-09-04T08:03:10","guid":{"rendered":"https:\/\/sp1hrubieszow.pl\/?page_id=26929"},"modified":"2024-09-04T10:06:50","modified_gmt":"2024-09-04T08:06:50","slug":"ogloszenie-o-platnosci-za-obiady","status":"publish","type":"page","link":"https:\/\/sp1hrubieszow.pl\/index.php\/kronika-2020-2021\/ogloszenie-o-platnosci-za-obiady\/","title":{"rendered":"OG\u0141OSZENIE O P\u0141ATNO\u015aCI ZA OBIADY"},"content":{"rendered":"\n<p><strong>&nbsp;&nbsp;&nbsp;&nbsp;&nbsp;&nbsp;&nbsp;&nbsp;&nbsp;&nbsp;&nbsp;&nbsp;&nbsp;&nbsp;&nbsp; <\/strong><span style=\"color: #000080;\">W miesi\u0105cu wrze\u015bniu ca\u0142kowity koszt obiad\u00f3w dla ucznia w dniach<\/span><\/p>\n<p><span style=\"color: #000080;\">od 09.09.2024r &#8211; do 30.09.2024r<\/span><\/p>\n<p><span style=\"color: #000080;\">(16 dni obiadowych x 4z\u0142 50gr jednostkowa cena obiadu)<\/span><\/p>\n<p><span style=\"color: #000080;\">&nbsp;<strong>Wynosi :&nbsp;&nbsp; 72 z\u0142<\/strong><\/span><\/p>\n<p><span style=\"color: #000080;\">&nbsp;&nbsp;&nbsp; &#8211;&nbsp; Tak\u0105 kwot\u0119 wp\u0142acaj\u0105 wszyscy zaczynaj\u0105cy sto\u0142owanie w podanym wy\u017cej terminie.<\/span><\/p>\n<p><span style=\"color: #000080;\">&nbsp;&nbsp; &#8211;&nbsp; &nbsp;<strong>Wp\u0142aty nale\u017cy dokona\u0107 do 10.09.2024r .<\/strong><strong>&nbsp;&nbsp;&nbsp; <\/strong>&nbsp;&nbsp;&nbsp;&nbsp;&nbsp;&nbsp;&nbsp;&nbsp;&nbsp;&nbsp;&nbsp;&nbsp;&nbsp;&nbsp;&nbsp;&nbsp;&nbsp;&nbsp;&nbsp;&nbsp;&nbsp;&nbsp;&nbsp;&nbsp;&nbsp;&nbsp;&nbsp;&nbsp;&nbsp;&nbsp;&nbsp;&nbsp;&nbsp;&nbsp;&nbsp;&nbsp;&nbsp;&nbsp;&nbsp;&nbsp;&nbsp;&nbsp;&nbsp;&nbsp;&nbsp;&nbsp;&nbsp;&nbsp;&nbsp;&nbsp;&nbsp;&nbsp;&nbsp;&nbsp;&#8211;&nbsp;&nbsp;&nbsp; Odpisy z miesi\u0105ca czerwca uwzgl\u0119dnione b\u0119d\u0105 w p\u0142atno\u015bci&nbsp; za obiady w miesi\u0105cu pa\u017adzierniku.<\/span><\/p>\n<p><span style=\"color: #000080;\">&nbsp;&nbsp;&nbsp; -Informacje o kwocie do wp\u0142aty za m-c X rodzice otrzymaj\u0105 w wiadomo\u015bci na konto w dzienniku elektronicznym.<\/span><\/p>\n","protected":false},"excerpt":{"rendered":"<p>&nbsp;&nbsp;&nbsp;&nbsp;&nbsp;&nbsp;&nbsp;&nbsp;&nbsp;&nbsp;&nbsp;&nbsp;&nbsp;&nbsp;&nbsp; W miesi\u0105cu wrze\u015bniu ca\u0142kowity koszt obiad\u00f3w dla ucznia w dniach od 09.09.2024r &#8211; do 30.09.2024r (16 dni obiadowych x 4z\u0142 50gr jednostkowa cena obiadu) &nbsp;Wynosi :&nbsp;&nbsp; 72 z\u0142 &nbsp;&nbsp;&nbsp; &#8211;&nbsp; Tak\u0105 kwot\u0119 wp\u0142acaj\u0105 wszyscy zaczynaj\u0105cy sto\u0142owanie w podanym wy\u017cej terminie. &nbsp;&nbsp; &#8211;&nbsp; &nbsp;Wp\u0142aty nale\u017cy dokona\u0107 do 10.09.2024r .&nbsp;&nbsp;&nbsp; &nbsp;&nbsp;&nbsp;&nbsp;&nbsp;&nbsp;&nbsp;&nbsp;&nbsp;&nbsp;&nbsp;&nbsp;&nbsp;&nbsp;&nbsp;&nbsp;&nbsp;&nbsp;&nbsp;&nbsp;&nbsp;&nbsp;&nbsp;&nbsp;&nbsp;&nbsp;&nbsp;&nbsp;&nbsp;&nbsp;&nbsp;&nbsp;&nbsp;&nbsp;&nbsp;&nbsp;&nbsp;&nbsp;&nbsp;&nbsp;&nbsp;&nbsp;&nbsp;&nbsp;&nbsp;&nbsp;&nbsp;&nbsp;&nbsp;&nbsp;&nbsp;&nbsp;&nbsp;&nbsp;&#8211;&nbsp;&nbsp;&nbsp; Odpisy z miesi\u0105ca czerwca uwzgl\u0119dnione [&hellip;]<\/p>\n","protected":false},"author":2,"featured_media":0,"parent":5983,"menu_order":0,"comment_status":"closed","ping_status":"closed","template":"","meta":{"ngg_post_thumbnail":0,"footnotes":""},"class_list":["post-26929","page","type-page","status-publish","hentry"],"_links":{"self":[{"href":"https:\/\/sp1hrubieszow.pl\/index.php\/wp-json\/wp\/v2\/pages\/26929","targetHints":{"allow":["GET"]}}],"collection":[{"href":"https:\/\/sp1hrubieszow.pl\/index.php\/wp-json\/wp\/v2\/pages"}],"about":[{"href":"https:\/\/sp1hrubieszow.pl\/index.php\/wp-json\/wp\/v2\/types\/page"}],"author":[{"embeddable":true,"href":"https:\/\/sp1hrubieszow.pl\/index.php\/wp-json\/wp\/v2\/users\/2"}],"replies":[{"embeddable":true,"href":"https:\/\/sp1hrubieszow.pl\/index.php\/wp-json\/wp\/v2\/comments?post=26929"}],"version-history":[{"count":1,"href":"https:\/\/sp1hrubieszow.pl\/index.php\/wp-json\/wp\/v2\/pages\/26929\/revisions"}],"predecessor-version":[{"id":26930,"href":"https:\/\/sp1hrubieszow.pl\/index.php\/wp-json\/wp\/v2\/pages\/26929\/revisions\/26930"}],"up":[{"embeddable":true,"href":"https:\/\/sp1hrubieszow.pl\/index.php\/wp-json\/wp\/v2\/pages\/5983"}],"wp:attachment":[{"href":"https:\/\/sp1hrubieszow.pl\/index.php\/wp-json\/wp\/v2\/media?parent=26929"}],"curies":[{"name":"wp","href":"https:\/\/api.w.org\/{rel}","templated":true}]}}