{"id":26891,"date":"2024-08-31T18:24:06","date_gmt":"2024-08-31T16:24:06","guid":{"rendered":"https:\/\/sp1hrubieszow.pl\/?page_id=26891"},"modified":"2024-08-31T18:24:22","modified_gmt":"2024-08-31T16:24:22","slug":"budzet-obywatelski-zapraszamy-do-glosowania","status":"publish","type":"page","link":"https:\/\/sp1hrubieszow.pl\/index.php\/kronika-2020-2021\/budzet-obywatelski-zapraszamy-do-glosowania\/","title":{"rendered":"Bud\u017cet Obywatelski &#8211; zapraszamy do g\u0142osowania!"},"content":{"rendered":"\n\n\n<p><span style=\"color: #000080;\">Zach\u0119camy do g\u0142osowania na nasz projekt: Linowy plac zabaw &#8211; Linarium.<\/span><\/p>\n<div dir=\"auto\"><span style=\"color: #000080;\">Linowy plac zabaw to niezawodny spos\u00f3b na rozwijanie r\u00f3wnowagi, si\u0142y i koordynacji, a tak\u017ce na zwi\u0119kszenie pewno\u015bci siebie u nie\u015bmia\u0142ych dzieci.&nbsp;<\/span><\/div>\n<div dir=\"auto\"><span style=\"color: #000080;\">Planowanym miejscem do powstania linarium s\u0105 obiekty \u201ezielone&#8221; nale\u017c\u0105ce do naszej szko\u0142y.&nbsp;<\/span><\/div>\n<div dir=\"auto\"><span style=\"color: #000080;\">Plac b\u0119dzie dost\u0119pny dla wszystkich mieszka\u0144c\u00f3w Hrubieszowa od poniedzia\u0142ku do pi\u0105tku w godz. 15:30 \u2013 19:30. Dost\u0119pno\u015b\u0107 w weekendy b\u0119dzie uzale\u017cniona od harmonogramu innych aktywno\u015bci na terenie szko\u0142y.<\/span><\/div>\n<div dir=\"auto\">&nbsp;<\/div>\n<div dir=\"auto\"><span style=\"color: #000080;\">Link do g\u0142osowania:<\/span><\/div>\n<div dir=\"auto\"><strong><span style=\"color: #000080;\"><a style=\"color: #000080;\" href=\"https:\/\/konsultacje.miasto.hrubieszow.pl\/projekty?field_project_status_target_id=31&amp;field_project_price_value%5Bmin%5D&amp;field_project_price_value%5Bmax%5D&amp;combine&amp;fbclid=IwY2xjawFAIZpleHRuA2FlbQIxMAABHTw1vERE2OveK1Cd3lOZ4uqaxubO2eigGeFnq2eWzdmSLisas4p5FEit2w_aem_WLDCYzy8dQGjxFpLJdSVOg\">Projekty | Platforma Hrubiesz\u00f3w (hrubieszow.pl)<\/a><\/span><\/strong><\/div>\n<div dir=\"auto\">&nbsp;<\/div>\n<p>&nbsp;<\/p>\n","protected":false},"excerpt":{"rendered":"<p>Zach\u0119camy do g\u0142osowania na nasz projekt: Linowy plac zabaw &#8211; Linarium. Linowy plac zabaw to niezawodny spos\u00f3b na rozwijanie r\u00f3wnowagi, si\u0142y i koordynacji, a tak\u017ce na zwi\u0119kszenie pewno\u015bci siebie u nie\u015bmia\u0142ych dzieci.&nbsp; Planowanym miejscem do powstania linarium s\u0105 obiekty \u201ezielone&#8221; nale\u017c\u0105ce do naszej szko\u0142y.&nbsp; Plac b\u0119dzie dost\u0119pny dla wszystkich mieszka\u0144c\u00f3w Hrubieszowa od poniedzia\u0142ku do pi\u0105tku [&hellip;]<\/p>\n","protected":false},"author":2,"featured_media":0,"parent":5983,"menu_order":0,"comment_status":"closed","ping_status":"closed","template":"","meta":{"ngg_post_thumbnail":0,"footnotes":""},"class_list":["post-26891","page","type-page","status-publish","hentry"],"_links":{"self":[{"href":"https:\/\/sp1hrubieszow.pl\/index.php\/wp-json\/wp\/v2\/pages\/26891","targetHints":{"allow":["GET"]}}],"collection":[{"href":"https:\/\/sp1hrubieszow.pl\/index.php\/wp-json\/wp\/v2\/pages"}],"about":[{"href":"https:\/\/sp1hrubieszow.pl\/index.php\/wp-json\/wp\/v2\/types\/page"}],"author":[{"embeddable":true,"href":"https:\/\/sp1hrubieszow.pl\/index.php\/wp-json\/wp\/v2\/users\/2"}],"replies":[{"embeddable":true,"href":"https:\/\/sp1hrubieszow.pl\/index.php\/wp-json\/wp\/v2\/comments?post=26891"}],"version-history":[{"count":1,"href":"https:\/\/sp1hrubieszow.pl\/index.php\/wp-json\/wp\/v2\/pages\/26891\/revisions"}],"predecessor-version":[{"id":26892,"href":"https:\/\/sp1hrubieszow.pl\/index.php\/wp-json\/wp\/v2\/pages\/26891\/revisions\/26892"}],"up":[{"embeddable":true,"href":"https:\/\/sp1hrubieszow.pl\/index.php\/wp-json\/wp\/v2\/pages\/5983"}],"wp:attachment":[{"href":"https:\/\/sp1hrubieszow.pl\/index.php\/wp-json\/wp\/v2\/media?parent=26891"}],"curies":[{"name":"wp","href":"https:\/\/api.w.org\/{rel}","templated":true}]}}