{"id":26878,"date":"2024-07-08T14:09:18","date_gmt":"2024-07-08T12:09:18","guid":{"rendered":"https:\/\/sp1hrubieszow.pl\/?page_id=26878"},"modified":"2024-07-08T14:09:45","modified_gmt":"2024-07-08T12:09:45","slug":"wykaz-podrecznikow-2024-2025","status":"publish","type":"page","link":"https:\/\/sp1hrubieszow.pl\/index.php\/kronika-2020-2021\/wykaz-podrecznikow-2024-2025\/","title":{"rendered":"Wykaz podr\u0119cznik\u00f3w 2024\/2025"},"content":{"rendered":"\n<p><span style=\"color: #000080;\">Wykaz podr\u0119cznik\u00f3w do zakupu przez rodzica (bez dotacji)<\/span><\/p>\n<p><strong><span style=\"color: #000080;\"><a style=\"color: #000080;\" href=\"http:\/\/sp1hrubieszow.pl\/wp-content\/uploads\/2024\/07\/WYKAZ-PODRECZNIKOW-W-SZKOLE-PODSTAWOWEJ-Nr-1-na-rok-szkolny-2024.docx\">WYKAZ PODR\u0118CZNIK\u00d3W W SZKOLE PODSTAWOWEJ Nr 1 na rok szkolny 2024<\/a><\/span><\/strong><\/p>\n","protected":false},"excerpt":{"rendered":"<p>Wykaz podr\u0119cznik\u00f3w do zakupu przez rodzica (bez dotacji) WYKAZ PODR\u0118CZNIK\u00d3W W SZKOLE PODSTAWOWEJ Nr 1 na rok szkolny 2024<\/p>\n","protected":false},"author":2,"featured_media":0,"parent":5983,"menu_order":0,"comment_status":"closed","ping_status":"closed","template":"","meta":{"ngg_post_thumbnail":0,"footnotes":""},"class_list":["post-26878","page","type-page","status-publish","hentry"],"_links":{"self":[{"href":"https:\/\/sp1hrubieszow.pl\/index.php\/wp-json\/wp\/v2\/pages\/26878","targetHints":{"allow":["GET"]}}],"collection":[{"href":"https:\/\/sp1hrubieszow.pl\/index.php\/wp-json\/wp\/v2\/pages"}],"about":[{"href":"https:\/\/sp1hrubieszow.pl\/index.php\/wp-json\/wp\/v2\/types\/page"}],"author":[{"embeddable":true,"href":"https:\/\/sp1hrubieszow.pl\/index.php\/wp-json\/wp\/v2\/users\/2"}],"replies":[{"embeddable":true,"href":"https:\/\/sp1hrubieszow.pl\/index.php\/wp-json\/wp\/v2\/comments?post=26878"}],"version-history":[{"count":1,"href":"https:\/\/sp1hrubieszow.pl\/index.php\/wp-json\/wp\/v2\/pages\/26878\/revisions"}],"predecessor-version":[{"id":26879,"href":"https:\/\/sp1hrubieszow.pl\/index.php\/wp-json\/wp\/v2\/pages\/26878\/revisions\/26879"}],"up":[{"embeddable":true,"href":"https:\/\/sp1hrubieszow.pl\/index.php\/wp-json\/wp\/v2\/pages\/5983"}],"wp:attachment":[{"href":"https:\/\/sp1hrubieszow.pl\/index.php\/wp-json\/wp\/v2\/media?parent=26878"}],"curies":[{"name":"wp","href":"https:\/\/api.w.org\/{rel}","templated":true}]}}