{"id":26822,"date":"2024-06-20T20:36:43","date_gmt":"2024-06-20T18:36:43","guid":{"rendered":"https:\/\/sp1hrubieszow.pl\/?page_id=26822"},"modified":"2024-06-20T20:37:06","modified_gmt":"2024-06-20T18:37:06","slug":"udanych-wakacji","status":"publish","type":"page","link":"https:\/\/sp1hrubieszow.pl\/index.php\/kronika-2020-2021\/udanych-wakacji\/","title":{"rendered":"Udanych WAKACJI!"},"content":{"rendered":"\n<p><img loading=\"lazy\" decoding=\"async\" class=\"alignnone size-medium wp-image-26821 aligncenter\" src=\"http:\/\/sp1hrubieszow.pl\/wp-content\/uploads\/2024\/06\/wakacje-300x200.jpg\" alt=\"\" width=\"300\" height=\"200\"><\/p>\n<p style=\"text-align: center;\"><span style=\"color: #000080;\">Wszystkim uczniom, nauczycielom i pracownikom naszej szko\u0142y&nbsp;<\/span><\/p>\n<p style=\"text-align: center;\"><span style=\"color: #000080;\">\u017cycz\u0119 wspania\u0142ych wakacji, obfituj\u0105cych w s\u0142o\u0144ce i rado\u015bci.&nbsp;&nbsp;<\/span><\/p>\n<p style=\"text-align: center;\"><span style=\"color: #000080;\">Niech ten wakacyjny czas b\u0119dzie pe\u0142en wspania\u0142ych przyg\u00f3d, <\/span><\/p>\n<p style=\"text-align: center;\"><span style=\"color: #000080;\">spotka\u0144 z ciekawymi lud\u017ami&nbsp;<\/span><\/p>\n<p style=\"text-align: center;\"><span style=\"color: #000080;\">oraz niezapomnianych wspomnie\u0144.<\/span><\/p>\n<p style=\"text-align: center;\"><span style=\"color: #000080;\">Wracajcie do nas bezpiecznie!&nbsp;<\/span><\/p>\n<p style=\"text-align: center;\"><span style=\"color: #000080;\">Do zobaczenia w nowym roku szkolnym!<\/span><\/p>\n<p style=\"text-align: right;\"><span style=\"color: #000080;\">Dyrektor Edyta Kucharska&nbsp;<\/span><\/p>\n<p style=\"text-align: right;\">&nbsp;<\/p>\n<p style=\"text-align: center;\">&nbsp;<\/p>\n","protected":false},"excerpt":{"rendered":"<p>Wszystkim uczniom, nauczycielom i pracownikom naszej szko\u0142y&nbsp; \u017cycz\u0119 wspania\u0142ych wakacji, obfituj\u0105cych w s\u0142o\u0144ce i rado\u015bci.&nbsp;&nbsp; Niech ten wakacyjny czas b\u0119dzie pe\u0142en wspania\u0142ych przyg\u00f3d, spotka\u0144 z ciekawymi lud\u017ami&nbsp; oraz niezapomnianych wspomnie\u0144. Wracajcie do nas bezpiecznie!&nbsp; Do zobaczenia w nowym roku szkolnym! Dyrektor Edyta Kucharska&nbsp; &nbsp; &nbsp;<\/p>\n","protected":false},"author":2,"featured_media":0,"parent":5983,"menu_order":0,"comment_status":"closed","ping_status":"closed","template":"","meta":{"ngg_post_thumbnail":0,"footnotes":""},"class_list":["post-26822","page","type-page","status-publish","hentry"],"_links":{"self":[{"href":"https:\/\/sp1hrubieszow.pl\/index.php\/wp-json\/wp\/v2\/pages\/26822","targetHints":{"allow":["GET"]}}],"collection":[{"href":"https:\/\/sp1hrubieszow.pl\/index.php\/wp-json\/wp\/v2\/pages"}],"about":[{"href":"https:\/\/sp1hrubieszow.pl\/index.php\/wp-json\/wp\/v2\/types\/page"}],"author":[{"embeddable":true,"href":"https:\/\/sp1hrubieszow.pl\/index.php\/wp-json\/wp\/v2\/users\/2"}],"replies":[{"embeddable":true,"href":"https:\/\/sp1hrubieszow.pl\/index.php\/wp-json\/wp\/v2\/comments?post=26822"}],"version-history":[{"count":1,"href":"https:\/\/sp1hrubieszow.pl\/index.php\/wp-json\/wp\/v2\/pages\/26822\/revisions"}],"predecessor-version":[{"id":26823,"href":"https:\/\/sp1hrubieszow.pl\/index.php\/wp-json\/wp\/v2\/pages\/26822\/revisions\/26823"}],"up":[{"embeddable":true,"href":"https:\/\/sp1hrubieszow.pl\/index.php\/wp-json\/wp\/v2\/pages\/5983"}],"wp:attachment":[{"href":"https:\/\/sp1hrubieszow.pl\/index.php\/wp-json\/wp\/v2\/media?parent=26822"}],"curies":[{"name":"wp","href":"https:\/\/api.w.org\/{rel}","templated":true}]}}