{"id":26817,"date":"2024-06-20T20:00:04","date_gmt":"2024-06-20T18:00:04","guid":{"rendered":"https:\/\/sp1hrubieszow.pl\/?page_id=26817"},"modified":"2024-06-20T20:00:30","modified_gmt":"2024-06-20T18:00:30","slug":"stypendia-za-wybitne-osiagniecia-sportowe-oraz-naukowe-dla-naszych-uczniow","status":"publish","type":"page","link":"https:\/\/sp1hrubieszow.pl\/index.php\/kronika-2020-2021\/stypendia-za-wybitne-osiagniecia-sportowe-oraz-naukowe-dla-naszych-uczniow\/","title":{"rendered":"Stypendia za wybitne osi\u0105gni\u0119cia sportowe oraz naukowe dla naszych uczni\u00f3w"},"content":{"rendered":"\n<div class=\"x11i5rnm xat24cr x1mh8g0r x1vvkbs xtlvy1s x126k92a\">\n<div dir=\"auto\"><span style=\"color: #000080;\">20 czerwca Burmistrz Miasta <span class=\"html-span xdj266r x11i5rnm xat24cr x1mh8g0r xexx8yu x4uap5 x18d9i69 xkhd6sd x1hl2dhg x16tdsg8 x1vvkbs\"><span class=\"xt0psk2\">Marta Majewska<\/span><\/span> wr\u0119czy\u0142a stypendia za wybitne osi\u0105gni\u0119cia sportowe, naukowe oraz artystyczne. W\u015br\u00f3d stypendyst\u00f3w nie zabrak\u0142o uczni\u00f3w naszej szko\u0142y.<\/span><\/div>\n<\/div>\n<div class=\"x11i5rnm xat24cr x1mh8g0r x1vvkbs xtlvy1s x126k92a\">\n<div dir=\"auto\"><span style=\"color: #000080;\">Wyr\u00f3\u017cnieni zostali:<\/span><\/div>\n<div dir=\"auto\"><span style=\"color: #000080;\">Miko\u0142aj Czerkawski- sport<\/span><\/div>\n<div dir=\"auto\"><span style=\"color: #000080;\">Wiktor Konopko- sport<\/span><\/div>\n<div dir=\"auto\"><span style=\"color: #000080;\">Kajetan Szewc- sport<\/span><\/div>\n<div dir=\"auto\"><span style=\"color: #000080;\">Tomasz Pawlos-sport<\/span><\/div>\n<div dir=\"auto\"><span style=\"color: #000080;\">Mateusz Bodnar-sport<\/span><\/div>\n<div dir=\"auto\"><span style=\"color: #000080;\">Wojciech Malinowski- sport<\/span><\/div>\n<div dir=\"auto\"><span style=\"color: #000080;\">Karol Krajewski- sport<\/span><\/div>\n<div dir=\"auto\"><span style=\"color: #000080;\">Maja Klimkowska- nauka<\/span><\/div>\n<div dir=\"auto\"><span style=\"color: #000080;\">Lena Ni\u017anikowska -nauka<\/span><\/div>\n<div dir=\"auto\"><span style=\"color: #000080;\">Szymon Paw\u0142owski &#8211; nauka<\/span><\/div>\n<div dir=\"auto\"><span style=\"color: #000080;\">Micha\u0142 Dziedzic- sport<\/span><\/div>\n<div dir=\"auto\"><span style=\"color: #000080;\">Aleksander Z\u0105bek- sport<\/span><\/div>\n<div dir=\"auto\"><span style=\"color: #000080;\">Jakub Cierech- sport<\/span><\/div>\n<div dir=\"auto\">&nbsp;<\/div>\n<\/div>\n<div class=\"x11i5rnm xat24cr x1mh8g0r x1vvkbs xtlvy1s x126k92a\">\n<div dir=\"auto\"><span style=\"color: #000080;\">Gratulujemy wszystkim stypendystom<\/span> <span class=\"html-span xexx8yu x4uap5 x18d9i69 xkhd6sd x1hl2dhg x16tdsg8 x1vvkbs x3nfvp2 x1j61x8r x1fcty0u xdj266r xat24cr xgzva0m xhhsvwb xxymvpz xlup9mm x1kky2od\"><img loading=\"lazy\" decoding=\"async\" class=\"xz74otr\" src=\"https:\/\/static.xx.fbcdn.net\/images\/emoji.php\/v9\/tfe\/1\/16\/1f44f.png\" alt=\"?\" width=\"16\" height=\"16\"><\/span><\/div>\n<div dir=\"auto\">\nngg_shortcode_0_placeholder\n<\/div>\n<\/div>\n","protected":false},"excerpt":{"rendered":"<p>20 czerwca Burmistrz Miasta Marta Majewska wr\u0119czy\u0142a stypendia za wybitne osi\u0105gni\u0119cia sportowe, naukowe oraz artystyczne. W\u015br\u00f3d stypendyst\u00f3w nie zabrak\u0142o uczni\u00f3w naszej szko\u0142y. Wyr\u00f3\u017cnieni zostali: Miko\u0142aj Czerkawski- sport Wiktor Konopko- sport Kajetan Szewc- sport Tomasz Pawlos-sport Mateusz Bodnar-sport Wojciech Malinowski- sport Karol Krajewski- sport Maja Klimkowska- nauka Lena Ni\u017anikowska -nauka Szymon Paw\u0142owski &#8211; nauka Micha\u0142 Dziedzic- [&hellip;]<\/p>\n","protected":false},"author":2,"featured_media":0,"parent":5983,"menu_order":0,"comment_status":"closed","ping_status":"closed","template":"","meta":{"ngg_post_thumbnail":0,"footnotes":""},"class_list":["post-26817","page","type-page","status-publish","hentry"],"_links":{"self":[{"href":"https:\/\/sp1hrubieszow.pl\/index.php\/wp-json\/wp\/v2\/pages\/26817","targetHints":{"allow":["GET"]}}],"collection":[{"href":"https:\/\/sp1hrubieszow.pl\/index.php\/wp-json\/wp\/v2\/pages"}],"about":[{"href":"https:\/\/sp1hrubieszow.pl\/index.php\/wp-json\/wp\/v2\/types\/page"}],"author":[{"embeddable":true,"href":"https:\/\/sp1hrubieszow.pl\/index.php\/wp-json\/wp\/v2\/users\/2"}],"replies":[{"embeddable":true,"href":"https:\/\/sp1hrubieszow.pl\/index.php\/wp-json\/wp\/v2\/comments?post=26817"}],"version-history":[{"count":1,"href":"https:\/\/sp1hrubieszow.pl\/index.php\/wp-json\/wp\/v2\/pages\/26817\/revisions"}],"predecessor-version":[{"id":26818,"href":"https:\/\/sp1hrubieszow.pl\/index.php\/wp-json\/wp\/v2\/pages\/26817\/revisions\/26818"}],"up":[{"embeddable":true,"href":"https:\/\/sp1hrubieszow.pl\/index.php\/wp-json\/wp\/v2\/pages\/5983"}],"wp:attachment":[{"href":"https:\/\/sp1hrubieszow.pl\/index.php\/wp-json\/wp\/v2\/media?parent=26817"}],"curies":[{"name":"wp","href":"https:\/\/api.w.org\/{rel}","templated":true}]}}