{"id":26811,"date":"2024-06-20T19:52:53","date_gmt":"2024-06-20T17:52:53","guid":{"rendered":"https:\/\/sp1hrubieszow.pl\/?page_id=26811"},"modified":"2024-06-20T19:53:20","modified_gmt":"2024-06-20T17:53:20","slug":"podsumowanie-projektow","status":"publish","type":"page","link":"https:\/\/sp1hrubieszow.pl\/index.php\/kronika-2020-2021\/podsumowanie-projektow\/","title":{"rendered":"Podsumowanie projekt\u00f3w"},"content":{"rendered":"\n<p><span style=\"color: #000080;\">20 czerwca odby\u0142o si\u0119 w naszej szkole uroczyste podsumowanie projekt\u00f3w: \u201eZagraniczna mobilno\u015b\u0107 edukacyjna uczni\u00f3w i kadry edukacji szkolnej\u201d realizowanego ze \u015brodk\u00f3w programu FERS na zasadach Programu Erasmus+ sektor Edukacja szkolna, nr projektu: 2022-2-PL01-KA122-SCH-000096582 oraz \u201eERASMUS+ \u201eHola Espa\u00f1a! Rozwijanie kompetencji uczni\u00f3w Szko\u0142y Podstawowej im. B. Prusa w Hrubieszowie\u201d, nr projektu: 2023-1-PL01-KA122-SCH-000119355.<\/span><\/p>\n<p><span style=\"color: #000080;\">Uroczysto\u015b\u0107 prowadzi\u0142a Pani Dyrektor Edyta Kucharska. Na spotkaniu go\u015bcili\u015bmy Pana Wiceburmistrza Paw\u0142a Wojciechowskiego oraz Pani\u0105 Agnieszk\u0119 Zaj\u0105c z fundacji, z kt\u00f3r\u0105 wsp\u00f3\u0142pracujemy przy realizacji naszych projekt\u00f3w i kt\u00f3ra wspiera wszystkie nasze dzia\u0142ania.<\/span><\/p>\n<p><span style=\"color: #000080;\">Podczas podsumowania by\u0142 czas na podzi\u0119kowania, wspomnienia i \u017cyczenia dalszej wsp\u00f3\u0142pracy. Zosta\u0142y tak\u017ce wr\u0119czone dyplomy i certyfikaty dla uczestnik\u00f3w projekt\u00f3w. Po cz\u0119\u015bci oficjalnej mo\u017cna by\u0142o spr\u00f3bowa\u0107 przysmak\u00f3w kuchni hiszpa\u0144skiej, obejrze\u0107 zdj\u0119cia, a tak\u017ce przywiezione z Hiszpanii pami\u0105tki.<\/span><\/p>\n<p><span style=\"color: #000080;\">Za nami trzy wspania\u0142e wyjazdy do przepi\u0119knej Hiszpanii, kt\u00f3re b\u0119dziemy wspomina\u0107 jeszcze d\u0142ugo. A co przed nami? Czas poka\u017ce! Mamy jednak nadziej\u0119, \u017ce to nie koniec i przed nami jeszcze wiele takich projekt\u00f3w i edukacyjnych wyjazd\u00f3w.<\/span><\/p>\nngg_shortcode_0_placeholder\n","protected":false},"excerpt":{"rendered":"<p>20 czerwca odby\u0142o si\u0119 w naszej szkole uroczyste podsumowanie projekt\u00f3w: \u201eZagraniczna mobilno\u015b\u0107 edukacyjna uczni\u00f3w i kadry edukacji szkolnej\u201d realizowanego ze \u015brodk\u00f3w programu FERS na zasadach Programu Erasmus+ sektor Edukacja szkolna, nr projektu: 2022-2-PL01-KA122-SCH-000096582 oraz \u201eERASMUS+ \u201eHola Espa\u00f1a! Rozwijanie kompetencji uczni\u00f3w Szko\u0142y Podstawowej im. B. Prusa w Hrubieszowie\u201d, nr projektu: 2023-1-PL01-KA122-SCH-000119355. Uroczysto\u015b\u0107 prowadzi\u0142a Pani Dyrektor Edyta [&hellip;]<\/p>\n","protected":false},"author":2,"featured_media":0,"parent":5983,"menu_order":0,"comment_status":"closed","ping_status":"closed","template":"","meta":{"ngg_post_thumbnail":0,"footnotes":""},"class_list":["post-26811","page","type-page","status-publish","hentry"],"_links":{"self":[{"href":"https:\/\/sp1hrubieszow.pl\/index.php\/wp-json\/wp\/v2\/pages\/26811","targetHints":{"allow":["GET"]}}],"collection":[{"href":"https:\/\/sp1hrubieszow.pl\/index.php\/wp-json\/wp\/v2\/pages"}],"about":[{"href":"https:\/\/sp1hrubieszow.pl\/index.php\/wp-json\/wp\/v2\/types\/page"}],"author":[{"embeddable":true,"href":"https:\/\/sp1hrubieszow.pl\/index.php\/wp-json\/wp\/v2\/users\/2"}],"replies":[{"embeddable":true,"href":"https:\/\/sp1hrubieszow.pl\/index.php\/wp-json\/wp\/v2\/comments?post=26811"}],"version-history":[{"count":1,"href":"https:\/\/sp1hrubieszow.pl\/index.php\/wp-json\/wp\/v2\/pages\/26811\/revisions"}],"predecessor-version":[{"id":26812,"href":"https:\/\/sp1hrubieszow.pl\/index.php\/wp-json\/wp\/v2\/pages\/26811\/revisions\/26812"}],"up":[{"embeddable":true,"href":"https:\/\/sp1hrubieszow.pl\/index.php\/wp-json\/wp\/v2\/pages\/5983"}],"wp:attachment":[{"href":"https:\/\/sp1hrubieszow.pl\/index.php\/wp-json\/wp\/v2\/media?parent=26811"}],"curies":[{"name":"wp","href":"https:\/\/api.w.org\/{rel}","templated":true}]}}