{"id":26761,"date":"2024-06-19T18:57:55","date_gmt":"2024-06-19T16:57:55","guid":{"rendered":"https:\/\/sp1hrubieszow.pl\/?page_id=26761"},"modified":"2024-06-19T18:58:23","modified_gmt":"2024-06-19T16:58:23","slug":"sukcesy-matematyczne-uczniow-w-roku-szkolnym-2023-2024","status":"publish","type":"page","link":"https:\/\/sp1hrubieszow.pl\/index.php\/kronika-2020-2021\/sukcesy-matematyczne-uczniow-w-roku-szkolnym-2023-2024\/","title":{"rendered":"SUKCESY MATEMATYCZNE UCZNI\u00d3W W ROKU SZKOLNYM 2023\/2024"},"content":{"rendered":"\n<div class=\"x11i5rnm xat24cr x1mh8g0r x1vvkbs xtlvy1s x126k92a\">\n<div dir=\"auto\"><span style=\"color: #000080;\">Og\u00f3lnopolsko konkurs matematyczno \u2013 informatyczny InstaLogik:<\/span><\/div>\n<div dir=\"auto\"><span style=\"color: #000080;\">1. Szymon Paw\u0142owski- 5a, Laureat I miejsca<\/span><\/div>\n<div dir=\"auto\"><span style=\"color: #000080;\">2. Dawid Kornaszewski \u2013 4b, Laureat II miejsca<\/span><\/div>\n<div dir=\"auto\"><span style=\"color: #000080;\">3. Lena Ni\u017anikowska \u2013 5c, Finalistka na szczeblu og\u00f3lnopolskim<\/span><\/div>\n<div dir=\"auto\"><span style=\"color: #000080;\">4. Maja Klimkowska \u2013 6a, Finalistka na szczeblu og\u00f3lnopolskim<\/span><\/div>\n<div dir=\"auto\"><span style=\"color: #000080;\">5. Dawid Ka\u0144ski \u2013 7c, Finalista na szczeblu og\u00f3lnopolskim<\/span><\/div>\n<div dir=\"auto\">&nbsp;<\/div>\n<\/div>\n<div class=\"x11i5rnm xat24cr x1mh8g0r x1vvkbs xtlvy1s x126k92a\">\n<div dir=\"auto\"><span style=\"color: #000080;\">Og\u00f3lnopolski Konkurs \u201eOrze\u0142 Matematyczny\u201d:<\/span><\/div>\n<div dir=\"auto\"><span style=\"color: #000080;\">1. Szymon Krawiec klasa 2, laureat, 25 miejsce w kraju<\/span><\/div>\n<div dir=\"auto\"><span style=\"color: #000080;\">2. Franciszek Socha klasa 3, laureat, 10 miejsce w kraju<\/span><\/div>\n<div dir=\"auto\"><span style=\"color: #000080;\">3. Nina Lewandowska klasa 3, laureat, 23 miejsce w kraju<\/span><\/div>\n<div dir=\"auto\"><span style=\"color: #000080;\">4. Eryk Badaszczuk klasa 4, laureat, 22 miejsce w kraju<\/span><\/div>\n<div dir=\"auto\"><span style=\"color: #000080;\">5. Filip Kaniosz klasa 4, laureat, 25 miejsce w kraju<\/span><\/div>\n<div dir=\"auto\"><span style=\"color: #000080;\">6. Szymon Paw\u0142owski klasa 5, laureat, 22 miejsce w kraju<\/span><\/div>\n<div dir=\"auto\"><span style=\"color: #000080;\">7. Maja Klimkowska klasa 6, laureat, 20 miejsce w kraju<\/span><\/div>\n<div dir=\"auto\">&nbsp;<\/div>\n<\/div>\n<div class=\"x11i5rnm xat24cr x1mh8g0r x1vvkbs xtlvy1s x126k92a\">\n<div dir=\"auto\"><span style=\"color: #000080;\">Mi\u0119dzynarodowy konkurs matematyczny Kangur:<\/span><\/div>\n<div dir=\"auto\"><span style=\"color: #000080;\">1. Franciszek Socha \u2013 3a, wynik bardzo dobry<\/span><\/div>\n<div dir=\"auto\"><span style=\"color: #000080;\">2. Aleksandra Strycharz \u2013 4b, wyr\u00f3\u017cnienie<\/span><\/div>\n<div dir=\"auto\"><span style=\"color: #000080;\">3. Adam Szczur \u2013 5b, wyr\u00f3\u017cnienie<\/span><\/div>\n<div dir=\"auto\"><span style=\"color: #000080;\">4. Szymon Paw\u0142owski \u2013 5a, wyr\u00f3\u017cnienie<\/span><\/div>\n<div dir=\"auto\"><span style=\"color: #000080;\">5. Dawid Ka\u0144ski \u2013 7c, wyr\u00f3\u017cnienie<\/span><\/div>\n<div dir=\"auto\"><span style=\"color: #000080;\">6. Jakub Lackowski \u2013 7c, wyr\u00f3\u017cnienie<\/span><\/div>\n<div dir=\"auto\">&nbsp;<\/div>\n<\/div>\n<div class=\"x11i5rnm xat24cr x1mh8g0r x1vvkbs xtlvy1s x126k92a\">\n<div dir=\"auto\"><span style=\"color: #000080;\">Wszystkim nagrodzonym i wyr\u00f3\u017cnionym uczniom w konkursach matematycznych gratulujemy i \u017cyczymy dalszych sukces\u00f3w w nowym roku szkolnym.<\/span><\/div>\n<\/div>\n<div class=\"x11i5rnm xat24cr x1mh8g0r x1vvkbs xtlvy1s x126k92a\">\n<div dir=\"auto\"><span style=\"color: #000080;\">Monika Jako\u015b-W\u00f3r<\/span><\/div>\n<div dir=\"auto\"><span style=\"color: #000080;\">Anna Suwa\u0142a<\/span><\/div>\n<div dir=\"auto\"><span style=\"color: #000080;\">Edyta Miller-Wiatrowska<\/span><\/div>\n<div dir=\"auto\"><span style=\"color: #000080;\">Ma\u0142gorzta Szumiata<\/span><\/div>\n<div dir=\"auto\">\nngg_shortcode_0_placeholder\n<\/div>\n<\/div>\n","protected":false},"excerpt":{"rendered":"<p>Og\u00f3lnopolsko konkurs matematyczno \u2013 informatyczny InstaLogik: 1. Szymon Paw\u0142owski- 5a, Laureat I miejsca 2. Dawid Kornaszewski \u2013 4b, Laureat II miejsca 3. Lena Ni\u017anikowska \u2013 5c, Finalistka na szczeblu og\u00f3lnopolskim 4. Maja Klimkowska \u2013 6a, Finalistka na szczeblu og\u00f3lnopolskim 5. Dawid Ka\u0144ski \u2013 7c, Finalista na szczeblu og\u00f3lnopolskim &nbsp; Og\u00f3lnopolski Konkurs \u201eOrze\u0142 Matematyczny\u201d: 1. Szymon [&hellip;]<\/p>\n","protected":false},"author":2,"featured_media":0,"parent":5983,"menu_order":0,"comment_status":"closed","ping_status":"closed","template":"","meta":{"ngg_post_thumbnail":0,"footnotes":""},"class_list":["post-26761","page","type-page","status-publish","hentry"],"_links":{"self":[{"href":"https:\/\/sp1hrubieszow.pl\/index.php\/wp-json\/wp\/v2\/pages\/26761","targetHints":{"allow":["GET"]}}],"collection":[{"href":"https:\/\/sp1hrubieszow.pl\/index.php\/wp-json\/wp\/v2\/pages"}],"about":[{"href":"https:\/\/sp1hrubieszow.pl\/index.php\/wp-json\/wp\/v2\/types\/page"}],"author":[{"embeddable":true,"href":"https:\/\/sp1hrubieszow.pl\/index.php\/wp-json\/wp\/v2\/users\/2"}],"replies":[{"embeddable":true,"href":"https:\/\/sp1hrubieszow.pl\/index.php\/wp-json\/wp\/v2\/comments?post=26761"}],"version-history":[{"count":1,"href":"https:\/\/sp1hrubieszow.pl\/index.php\/wp-json\/wp\/v2\/pages\/26761\/revisions"}],"predecessor-version":[{"id":26762,"href":"https:\/\/sp1hrubieszow.pl\/index.php\/wp-json\/wp\/v2\/pages\/26761\/revisions\/26762"}],"up":[{"embeddable":true,"href":"https:\/\/sp1hrubieszow.pl\/index.php\/wp-json\/wp\/v2\/pages\/5983"}],"wp:attachment":[{"href":"https:\/\/sp1hrubieszow.pl\/index.php\/wp-json\/wp\/v2\/media?parent=26761"}],"curies":[{"name":"wp","href":"https:\/\/api.w.org\/{rel}","templated":true}]}}