{"id":2676,"date":"2019-10-29T20:26:08","date_gmt":"2019-10-29T19:26:08","guid":{"rendered":"http:\/\/sp1.hrubieszow.info\/?page_id=2676"},"modified":"2019-10-29T20:28:48","modified_gmt":"2019-10-29T19:28:48","slug":"wycieczka-klas-osmych","status":"publish","type":"page","link":"https:\/\/sp1hrubieszow.pl\/index.php\/kronika-2019-2020\/wycieczka-klas-osmych\/","title":{"rendered":"WYCIECZKA KLAS \u00d3SMYCH"},"content":{"rendered":"\n<p><span style=\"color: #000066;\"><span style=\"font-family: Arial, sans-serif;\"><span style=\"font-size: medium;\">W dniach 17, 18 pa\u017cdziernika 2019 roku klasy \u00f3sme z opiekunami p. I. Tarcz, p. E. Miller- Wiatrowsk\u0105, <\/span><\/span><\/span><span style=\"color: #000066;\"><span style=\"font-family: Arial, sans-serif;\"><span style=\"font-size: medium;\">A. Karkuszewsk\u0105 i A. Lewandowsk\u0105 wyjecha\u0142y na wycieczk\u0119. Pierwszego dnia zwiedzili\u015bmy Kopalni\u0119 Soli w Bochni oraz Krak\u00f3w.<\/span><\/span><\/span><\/p>\n<p><span style=\"color: #000066;\"><span style=\"font-family: Arial, sans-serif;\"><span style=\"font-size: medium;\">Drugiego dnia udali\u015bmy si\u0119 do O\u015bwi\u0119cimia.<\/span><\/span><\/span><\/p>\nngg_shortcode_0_placeholder\n","protected":false},"excerpt":{"rendered":"<p>W dniach 17, 18 pa\u017cdziernika 2019 roku klasy \u00f3sme z opiekunami p. I. Tarcz, p. E. Miller- Wiatrowsk\u0105, A. Karkuszewsk\u0105 i A. Lewandowsk\u0105 wyjecha\u0142y na wycieczk\u0119. Pierwszego dnia zwiedzili\u015bmy Kopalni\u0119 Soli w Bochni oraz Krak\u00f3w. Drugiego dnia udali\u015bmy si\u0119 do O\u015bwi\u0119cimia.<\/p>\n","protected":false},"author":2,"featured_media":0,"parent":2167,"menu_order":0,"comment_status":"closed","ping_status":"closed","template":"","meta":{"ngg_post_thumbnail":0,"footnotes":""},"class_list":["post-2676","page","type-page","status-publish","hentry"],"_links":{"self":[{"href":"https:\/\/sp1hrubieszow.pl\/index.php\/wp-json\/wp\/v2\/pages\/2676","targetHints":{"allow":["GET"]}}],"collection":[{"href":"https:\/\/sp1hrubieszow.pl\/index.php\/wp-json\/wp\/v2\/pages"}],"about":[{"href":"https:\/\/sp1hrubieszow.pl\/index.php\/wp-json\/wp\/v2\/types\/page"}],"author":[{"embeddable":true,"href":"https:\/\/sp1hrubieszow.pl\/index.php\/wp-json\/wp\/v2\/users\/2"}],"replies":[{"embeddable":true,"href":"https:\/\/sp1hrubieszow.pl\/index.php\/wp-json\/wp\/v2\/comments?post=2676"}],"version-history":[{"count":2,"href":"https:\/\/sp1hrubieszow.pl\/index.php\/wp-json\/wp\/v2\/pages\/2676\/revisions"}],"predecessor-version":[{"id":2680,"href":"https:\/\/sp1hrubieszow.pl\/index.php\/wp-json\/wp\/v2\/pages\/2676\/revisions\/2680"}],"up":[{"embeddable":true,"href":"https:\/\/sp1hrubieszow.pl\/index.php\/wp-json\/wp\/v2\/pages\/2167"}],"wp:attachment":[{"href":"https:\/\/sp1hrubieszow.pl\/index.php\/wp-json\/wp\/v2\/media?parent=2676"}],"curies":[{"name":"wp","href":"https:\/\/api.w.org\/{rel}","templated":true}]}}