{"id":26643,"date":"2024-06-15T21:45:33","date_gmt":"2024-06-15T19:45:33","guid":{"rendered":"https:\/\/sp1hrubieszow.pl\/?page_id=26643"},"modified":"2024-06-15T21:46:05","modified_gmt":"2024-06-15T19:46:05","slug":"gory-swietokrzyskie","status":"publish","type":"page","link":"https:\/\/sp1hrubieszow.pl\/index.php\/kronika-2020-2021\/gory-swietokrzyskie\/","title":{"rendered":"G\u00f3ry \u015awi\u0119tokrzyskie"},"content":{"rendered":"\n<p><span style=\"color: #000080;\">W dniu 13.06.2024r. uczniowie z klas: 5a, 5b, 7b i 7c odwiedzili Kielce i Ch\u0119ciny. Plany wycieczkowe, pomimo niesprzyjaj\u0105cej aury, zosta\u0142y zrealizowane w 100% a w\u015br\u00f3d odwiedzonych miejsc znalaz\u0142y si\u0119; Centrum Nauki Leonardo Da Vinci z ciekawymi warsztatami, Karcz\u00f3wka &#8211; najwy\u017csze wzniesienie pasma Kadzielnia\u0144skiego, rezerwat krajobrazowy, usytuowany na malowniczym wzg\u00f3rzu z zabytkowym kompleksem klasztornym, Rezerwat Geologiczny Kadzielnia oraz Muzeum Zabawek i Zabawy w Kielcach. Po dniu pe\u0142nym wra\u017ce\u0144 grupa uda\u0142a si\u0119 na nocleg do uroczej miejscowo\u015bci o nazwie \u015awi\u0119ta Katarzyna.&nbsp;<\/span><\/p>\n<p><span style=\"color: #000080;\">14.06 uczniowie mieli dzie\u0144 pe\u0142en wra\u017ce\u0144 zapewnionych przez atrakcje w Parku Rozrywki i Miniatur Sabat Krajno. Wszyscy uczestnicy wycieczki byli&nbsp; pod wra\u017ceniem budowli z r\u00f3\u017cnych stron \u015bwiata w Parku Miniatur, seansu filmowego w kinie 6D, parku linowego , toru z pontonami i wielu innych atrakcji. Potem jeszcze by\u0142 posi\u0142ek w przepi\u0119knym Sandomierzu i droga powrotna do naszego Hrubieszowa. By\u0142o super!<span class=\"html-span xexx8yu x4uap5 x18d9i69 xkhd6sd x1hl2dhg x16tdsg8 x1vvkbs x3nfvp2 x1j61x8r x1fcty0u xdj266r xat24cr xgzva0m xhhsvwb xxymvpz xlup9mm x1kky2od\"><img loading=\"lazy\" decoding=\"async\" class=\"xz74otr\" src=\"https:\/\/static.xx.fbcdn.net\/images\/emoji.php\/v9\/t4c\/1\/16\/1f642.png\" alt=\"?\" width=\"16\" height=\"16\"><\/span><\/span><\/p>\nngg_shortcode_0_placeholder\n","protected":false},"excerpt":{"rendered":"<p>W dniu 13.06.2024r. uczniowie z klas: 5a, 5b, 7b i 7c odwiedzili Kielce i Ch\u0119ciny. Plany wycieczkowe, pomimo niesprzyjaj\u0105cej aury, zosta\u0142y zrealizowane w 100% a w\u015br\u00f3d odwiedzonych miejsc znalaz\u0142y si\u0119; Centrum Nauki Leonardo Da Vinci z ciekawymi warsztatami, Karcz\u00f3wka &#8211; najwy\u017csze wzniesienie pasma Kadzielnia\u0144skiego, rezerwat krajobrazowy, usytuowany na malowniczym wzg\u00f3rzu z zabytkowym kompleksem klasztornym, Rezerwat [&hellip;]<\/p>\n","protected":false},"author":2,"featured_media":0,"parent":5983,"menu_order":0,"comment_status":"closed","ping_status":"closed","template":"","meta":{"ngg_post_thumbnail":0,"footnotes":""},"class_list":["post-26643","page","type-page","status-publish","hentry"],"_links":{"self":[{"href":"https:\/\/sp1hrubieszow.pl\/index.php\/wp-json\/wp\/v2\/pages\/26643","targetHints":{"allow":["GET"]}}],"collection":[{"href":"https:\/\/sp1hrubieszow.pl\/index.php\/wp-json\/wp\/v2\/pages"}],"about":[{"href":"https:\/\/sp1hrubieszow.pl\/index.php\/wp-json\/wp\/v2\/types\/page"}],"author":[{"embeddable":true,"href":"https:\/\/sp1hrubieszow.pl\/index.php\/wp-json\/wp\/v2\/users\/2"}],"replies":[{"embeddable":true,"href":"https:\/\/sp1hrubieszow.pl\/index.php\/wp-json\/wp\/v2\/comments?post=26643"}],"version-history":[{"count":1,"href":"https:\/\/sp1hrubieszow.pl\/index.php\/wp-json\/wp\/v2\/pages\/26643\/revisions"}],"predecessor-version":[{"id":26644,"href":"https:\/\/sp1hrubieszow.pl\/index.php\/wp-json\/wp\/v2\/pages\/26643\/revisions\/26644"}],"up":[{"embeddable":true,"href":"https:\/\/sp1hrubieszow.pl\/index.php\/wp-json\/wp\/v2\/pages\/5983"}],"wp:attachment":[{"href":"https:\/\/sp1hrubieszow.pl\/index.php\/wp-json\/wp\/v2\/media?parent=26643"}],"curies":[{"name":"wp","href":"https:\/\/api.w.org\/{rel}","templated":true}]}}