{"id":26515,"date":"2024-06-11T20:04:28","date_gmt":"2024-06-11T18:04:28","guid":{"rendered":"https:\/\/sp1hrubieszow.pl\/?page_id=26515"},"modified":"2024-06-11T20:04:28","modified_gmt":"2024-06-11T18:04:28","slug":"ja-i-senior-laczymy-pokolenia-2","status":"publish","type":"page","link":"https:\/\/sp1hrubieszow.pl\/index.php\/kronika-2019-2020\/ja-i-senior-laczymy-pokolenia-2\/","title":{"rendered":"Ja i senior &#8211; \u0142\u0105czymy pokolenia"},"content":{"rendered":"\n<p><span style=\"color: #000080;\">W dniu 06.06.2024 r. w ramach realizowania innowacji pedagogicznej pt. \u201eJa i senior &#8211; \u0142\u0105czymy pokolenia\u201d go\u015bcili\u015bmy w naszej szkole p. Barbar\u0119 Wierzchowsk\u0105 &#8211; wieloletni\u0105 nauczycielk\u0119 j\u0119zyka polskiego w I Liceum im. ks. Stanis\u0142awa Staszica w Hrubieszowie. <br>W spotkaniu wzi\u0119\u0142y udzia\u0142 klasy 4a i 4b. Pani Barbara z wielkim zami\u0142owaniem opowiada\u0142a o swojej pracy w szkole, o pasji do j\u0119zyka polskiego, pi\u0119knie podsumowuj\u0105c, i\u017c nauki humanistyczne traktuj\u0105 o duszy cz\u0142owieka. Nasz go\u015b\u0107 cz\u0119sto podkre\u015bla\u0142, <br>\u017ce zdobywanie wiedzy i praca nad sob\u0105 to kluczowe zadania, kt\u00f3re powinny by\u0107 najwa\u017cniejsze w \u017cyciu m\u0142odego cz\u0142owieka.<\/span><\/p>\nngg_shortcode_0_placeholder\n","protected":false},"excerpt":{"rendered":"<p>W dniu 06.06.2024 r. w ramach realizowania innowacji pedagogicznej pt. \u201eJa i senior &#8211; \u0142\u0105czymy pokolenia\u201d go\u015bcili\u015bmy w naszej szkole p. Barbar\u0119 Wierzchowsk\u0105 &#8211; wieloletni\u0105 nauczycielk\u0119 j\u0119zyka polskiego w I Liceum im. ks. Stanis\u0142awa Staszica w Hrubieszowie. W spotkaniu wzi\u0119\u0142y udzia\u0142 klasy 4a i 4b. Pani Barbara z wielkim zami\u0142owaniem opowiada\u0142a o swojej pracy w [&hellip;]<\/p>\n","protected":false},"author":4,"featured_media":0,"parent":2167,"menu_order":0,"comment_status":"closed","ping_status":"closed","template":"","meta":{"ngg_post_thumbnail":0,"footnotes":""},"class_list":["post-26515","page","type-page","status-publish","hentry"],"_links":{"self":[{"href":"https:\/\/sp1hrubieszow.pl\/index.php\/wp-json\/wp\/v2\/pages\/26515","targetHints":{"allow":["GET"]}}],"collection":[{"href":"https:\/\/sp1hrubieszow.pl\/index.php\/wp-json\/wp\/v2\/pages"}],"about":[{"href":"https:\/\/sp1hrubieszow.pl\/index.php\/wp-json\/wp\/v2\/types\/page"}],"author":[{"embeddable":true,"href":"https:\/\/sp1hrubieszow.pl\/index.php\/wp-json\/wp\/v2\/users\/4"}],"replies":[{"embeddable":true,"href":"https:\/\/sp1hrubieszow.pl\/index.php\/wp-json\/wp\/v2\/comments?post=26515"}],"version-history":[{"count":1,"href":"https:\/\/sp1hrubieszow.pl\/index.php\/wp-json\/wp\/v2\/pages\/26515\/revisions"}],"predecessor-version":[{"id":26516,"href":"https:\/\/sp1hrubieszow.pl\/index.php\/wp-json\/wp\/v2\/pages\/26515\/revisions\/26516"}],"up":[{"embeddable":true,"href":"https:\/\/sp1hrubieszow.pl\/index.php\/wp-json\/wp\/v2\/pages\/2167"}],"wp:attachment":[{"href":"https:\/\/sp1hrubieszow.pl\/index.php\/wp-json\/wp\/v2\/media?parent=26515"}],"curies":[{"name":"wp","href":"https:\/\/api.w.org\/{rel}","templated":true}]}}