{"id":26472,"date":"2024-06-11T17:18:24","date_gmt":"2024-06-11T15:18:24","guid":{"rendered":"https:\/\/sp1hrubieszow.pl\/?page_id=26472"},"modified":"2024-06-11T17:26:13","modified_gmt":"2024-06-11T15:26:13","slug":"rajd-rowerowy-i-ognisko-uczniow-klasy-6c","status":"publish","type":"page","link":"https:\/\/sp1hrubieszow.pl\/index.php\/kronika-2020-2021\/rajd-rowerowy-i-ognisko-uczniow-klasy-6c\/","title":{"rendered":"Rajd rowerowy i ognisko uczni\u00f3w klasy 6c"},"content":{"rendered":"\n\n\n<div class=\"x11i5rnm xat24cr x1mh8g0r x1vvkbs xtlvy1s x126k92a\">\n<div dir=\"auto\"><span style=\"color: #000080;\">Pi\u0119kne widoki, s\u0142oneczna aura, doskona\u0142e towarzystwo, \u015bwietne humory, towarzyszy\u0142y nam przez ca\u0142y dzie\u0144. Dodatkow\u0105 atrakcj\u0105 w czasie rajdu by\u0142 odpoczynek na ognisko i zabawy integracyjne w miejscowo\u015bci \u0141otoszyny u pani Moniki-polecamy!!!<\/span><\/div>\n<\/div>\n<div class=\"x11i5rnm xat24cr x1mh8g0r x1vvkbs xtlvy1s x126k92a\">\n<div dir=\"auto\"><span style=\"color: #000080;\">Dzi\u0119kuj\u0119 bardzo rodzicom za ich obecno\u015b\u0107 <span class=\"html-span xexx8yu x4uap5 x18d9i69 xkhd6sd x1hl2dhg x16tdsg8 x1vvkbs x3nfvp2 x1j61x8r x1fcty0u xdj266r xat24cr xgzva0m xhhsvwb xxymvpz xlup9mm x1kky2od\"><img loading=\"lazy\" decoding=\"async\" class=\"xz74otr\" src=\"https:\/\/static.xx.fbcdn.net\/images\/emoji.php\/v9\/t75\/1\/16\/1f618.png\" alt=\"?\" width=\"16\" height=\"16\"><\/span><\/span><\/div>\n<\/div>\n<div class=\"x11i5rnm xat24cr x1mh8g0r x1vvkbs xtlvy1s x126k92a\">\n<div dir=\"auto\"><span style=\"color: #000080;\">Monika Jako\u015b-W\u00f3r<\/span><\/div>\n<div dir=\"auto\">&nbsp;<\/div>\n<\/div>\n\n\n\nngg_shortcode_0_placeholder\n","protected":false},"excerpt":{"rendered":"<p>Pi\u0119kne widoki, s\u0142oneczna aura, doskona\u0142e towarzystwo, \u015bwietne humory, towarzyszy\u0142y nam przez ca\u0142y dzie\u0144. Dodatkow\u0105 atrakcj\u0105 w czasie rajdu by\u0142 odpoczynek na ognisko i zabawy integracyjne w miejscowo\u015bci \u0141otoszyny u pani Moniki-polecamy!!! Dzi\u0119kuj\u0119 bardzo rodzicom za ich obecno\u015b\u0107 Monika Jako\u015b-W\u00f3r &nbsp;<\/p>\n","protected":false},"author":2,"featured_media":0,"parent":5983,"menu_order":0,"comment_status":"closed","ping_status":"closed","template":"","meta":{"ngg_post_thumbnail":0,"footnotes":""},"class_list":["post-26472","page","type-page","status-publish","hentry"],"_links":{"self":[{"href":"https:\/\/sp1hrubieszow.pl\/index.php\/wp-json\/wp\/v2\/pages\/26472","targetHints":{"allow":["GET"]}}],"collection":[{"href":"https:\/\/sp1hrubieszow.pl\/index.php\/wp-json\/wp\/v2\/pages"}],"about":[{"href":"https:\/\/sp1hrubieszow.pl\/index.php\/wp-json\/wp\/v2\/types\/page"}],"author":[{"embeddable":true,"href":"https:\/\/sp1hrubieszow.pl\/index.php\/wp-json\/wp\/v2\/users\/2"}],"replies":[{"embeddable":true,"href":"https:\/\/sp1hrubieszow.pl\/index.php\/wp-json\/wp\/v2\/comments?post=26472"}],"version-history":[{"count":3,"href":"https:\/\/sp1hrubieszow.pl\/index.php\/wp-json\/wp\/v2\/pages\/26472\/revisions"}],"predecessor-version":[{"id":26494,"href":"https:\/\/sp1hrubieszow.pl\/index.php\/wp-json\/wp\/v2\/pages\/26472\/revisions\/26494"}],"up":[{"embeddable":true,"href":"https:\/\/sp1hrubieszow.pl\/index.php\/wp-json\/wp\/v2\/pages\/5983"}],"wp:attachment":[{"href":"https:\/\/sp1hrubieszow.pl\/index.php\/wp-json\/wp\/v2\/media?parent=26472"}],"curies":[{"name":"wp","href":"https:\/\/api.w.org\/{rel}","templated":true}]}}