{"id":26321,"date":"2024-06-06T21:52:17","date_gmt":"2024-06-06T19:52:17","guid":{"rendered":"https:\/\/sp1hrubieszow.pl\/?page_id=26321"},"modified":"2024-06-10T19:43:25","modified_gmt":"2024-06-10T17:43:25","slug":"wizyta-w-baltowie","status":"publish","type":"page","link":"https:\/\/sp1hrubieszow.pl\/index.php\/kronika-2019-2020\/wizyta-w-baltowie\/","title":{"rendered":"Wizyta w Ba\u0142towie"},"content":{"rendered":"\n<p><span style=\"color: #000080;\">4 czerwca dwie grupy uczni\u00f3w z naszej szko\u0142y uda\u0142y si\u0119 na wycieczk\u0119 do Ba\u0142towa.<br>Jedn\u0105 grup\u0119 stanowili uczniowie klasy 4a i b, a drug\u0105 uczniowie z klasy 2a.&nbsp; <br>Ba\u0142towski Kompleks Turystyczny przywita\u0142 nas \u0142adn\u0105 pogod\u0105 i ciekawymi miejscami.&nbsp; Jednym z nich by\u0142 Jurapark z imponuj\u0105cymi dinozaurami, kt\u00f3re wywar\u0142y na nas wielkie wra\u017cenie. Czwartoklasi\u015bci&nbsp; podzieleni na kilka zespo\u0142\u00f3w wzi\u0119li udzia\u0142 w grze terenowej (Questing), krocz\u0105c uliczkami parku i wyszukuj\u0105c&nbsp; istotnych&nbsp; informacji na temat dinozaur\u00f3w. Po obiedzie nast\u0105pi\u0142o podziwianie zwierz\u0105t ze wszystkich kontynent\u00f3w, czyli Zwierzy\u0144ca Ba\u0142towskiego. Dodatkow\u0105 atrakcj\u0119 przysporzy\u0142a nam aura, poniewa\u017c&nbsp; <br>w trakcie przeja\u017cd\u017cki po Zwierzy\u0144cu nast\u0105pi\u0142a gwa\u0142towna ulewa. Deszcz jednak <br>nie zdo\u0142a\u0142 pokrzy\u017cowa\u0107 nam plan\u00f3w, gdy\u017c uda\u0142o nam si\u0119 jeszcze wzi\u0105\u0107 udzia\u0142 <br>w warsztatach zdobniczych w Sabat\u00f3wce, a tak\u017ce, co wywo\u0142a\u0142o wiele emocji i \u015bmiechu \u2013 je\u017adzili\u015bmy samochodzikami zderzakami. Posileni kie\u0142bask\u0105 z grilla i zaopatrzeni <br>w pami\u0105tki wybrali\u015bmy si\u0119 w drog\u0119 powrotn\u0105.<\/span><\/p>\nngg_shortcode_0_placeholder\n","protected":false},"excerpt":{"rendered":"<p>4 czerwca dwie grupy uczni\u00f3w z naszej szko\u0142y uda\u0142y si\u0119 na wycieczk\u0119 do Ba\u0142towa.Jedn\u0105 grup\u0119 stanowili uczniowie klasy 4a i b, a drug\u0105 uczniowie z klasy 2a.&nbsp; Ba\u0142towski Kompleks Turystyczny przywita\u0142 nas \u0142adn\u0105 pogod\u0105 i ciekawymi miejscami.&nbsp; Jednym z nich by\u0142 Jurapark z imponuj\u0105cymi dinozaurami, kt\u00f3re wywar\u0142y na nas wielkie wra\u017cenie. Czwartoklasi\u015bci&nbsp; podzieleni na kilka [&hellip;]<\/p>\n","protected":false},"author":4,"featured_media":0,"parent":2167,"menu_order":0,"comment_status":"closed","ping_status":"closed","template":"","meta":{"ngg_post_thumbnail":0,"footnotes":""},"class_list":["post-26321","page","type-page","status-publish","hentry"],"_links":{"self":[{"href":"https:\/\/sp1hrubieszow.pl\/index.php\/wp-json\/wp\/v2\/pages\/26321","targetHints":{"allow":["GET"]}}],"collection":[{"href":"https:\/\/sp1hrubieszow.pl\/index.php\/wp-json\/wp\/v2\/pages"}],"about":[{"href":"https:\/\/sp1hrubieszow.pl\/index.php\/wp-json\/wp\/v2\/types\/page"}],"author":[{"embeddable":true,"href":"https:\/\/sp1hrubieszow.pl\/index.php\/wp-json\/wp\/v2\/users\/4"}],"replies":[{"embeddable":true,"href":"https:\/\/sp1hrubieszow.pl\/index.php\/wp-json\/wp\/v2\/comments?post=26321"}],"version-history":[{"count":2,"href":"https:\/\/sp1hrubieszow.pl\/index.php\/wp-json\/wp\/v2\/pages\/26321\/revisions"}],"predecessor-version":[{"id":26362,"href":"https:\/\/sp1hrubieszow.pl\/index.php\/wp-json\/wp\/v2\/pages\/26321\/revisions\/26362"}],"up":[{"embeddable":true,"href":"https:\/\/sp1hrubieszow.pl\/index.php\/wp-json\/wp\/v2\/pages\/2167"}],"wp:attachment":[{"href":"https:\/\/sp1hrubieszow.pl\/index.php\/wp-json\/wp\/v2\/media?parent=26321"}],"curies":[{"name":"wp","href":"https:\/\/api.w.org\/{rel}","templated":true}]}}