{"id":26291,"date":"2024-06-05T14:39:07","date_gmt":"2024-06-05T12:39:07","guid":{"rendered":"https:\/\/sp1hrubieszow.pl\/?page_id=26291"},"modified":"2024-06-05T14:39:07","modified_gmt":"2024-06-05T12:39:07","slug":"bezpieczni-nad-woda","status":"publish","type":"page","link":"https:\/\/sp1hrubieszow.pl\/index.php\/kronika-2019-2020\/bezpieczni-nad-woda\/","title":{"rendered":"\u201eBezpieczni nad wod\u0105\u201d"},"content":{"rendered":"\n<p><span style=\"color: #000080;\">03 czerwca w ramach akcja \u201eBezpieczni nad wod\u0105\u201d uczni\u00f3w naszej szko\u0142y odwiedzi\u0142 <\/span><br><span style=\"color: #000080;\">pan Mateusz, kt\u00f3ry jest pracownikiem WOPR. Celem spotkania by\u0142a edukacja dzieci<\/span><br><span style=\"color: #000080;\"> i m\u0142odzie\u017cy w zakresie bezpiecznego zachowania si\u0119 podczas pobytu nad wod\u0105. Uczniowie dowiedzieli si\u0119, jak bezpiecznie korzysta\u0107 z k\u0105pielisk oraz gdzie, <br>w razie potrzeby, uzyska\u0107 pomoc. Cenne wskaz\u00f3wki na pewno przydadz\u0105 si\u0119 naszym uczniom podczas zbli\u017caj\u0105cych si\u0119 wakacji.<\/span><\/p>\nngg_shortcode_0_placeholder\n","protected":false},"excerpt":{"rendered":"<p>03 czerwca w ramach akcja \u201eBezpieczni nad wod\u0105\u201d uczni\u00f3w naszej szko\u0142y odwiedzi\u0142 pan Mateusz, kt\u00f3ry jest pracownikiem WOPR. Celem spotkania by\u0142a edukacja dzieci i m\u0142odzie\u017cy w zakresie bezpiecznego zachowania si\u0119 podczas pobytu nad wod\u0105. Uczniowie dowiedzieli si\u0119, jak bezpiecznie korzysta\u0107 z k\u0105pielisk oraz gdzie, w razie potrzeby, uzyska\u0107 pomoc. Cenne wskaz\u00f3wki na pewno przydadz\u0105 si\u0119 [&hellip;]<\/p>\n","protected":false},"author":4,"featured_media":0,"parent":2167,"menu_order":0,"comment_status":"closed","ping_status":"closed","template":"","meta":{"ngg_post_thumbnail":0,"footnotes":""},"class_list":["post-26291","page","type-page","status-publish","hentry"],"_links":{"self":[{"href":"https:\/\/sp1hrubieszow.pl\/index.php\/wp-json\/wp\/v2\/pages\/26291","targetHints":{"allow":["GET"]}}],"collection":[{"href":"https:\/\/sp1hrubieszow.pl\/index.php\/wp-json\/wp\/v2\/pages"}],"about":[{"href":"https:\/\/sp1hrubieszow.pl\/index.php\/wp-json\/wp\/v2\/types\/page"}],"author":[{"embeddable":true,"href":"https:\/\/sp1hrubieszow.pl\/index.php\/wp-json\/wp\/v2\/users\/4"}],"replies":[{"embeddable":true,"href":"https:\/\/sp1hrubieszow.pl\/index.php\/wp-json\/wp\/v2\/comments?post=26291"}],"version-history":[{"count":1,"href":"https:\/\/sp1hrubieszow.pl\/index.php\/wp-json\/wp\/v2\/pages\/26291\/revisions"}],"predecessor-version":[{"id":26292,"href":"https:\/\/sp1hrubieszow.pl\/index.php\/wp-json\/wp\/v2\/pages\/26291\/revisions\/26292"}],"up":[{"embeddable":true,"href":"https:\/\/sp1hrubieszow.pl\/index.php\/wp-json\/wp\/v2\/pages\/2167"}],"wp:attachment":[{"href":"https:\/\/sp1hrubieszow.pl\/index.php\/wp-json\/wp\/v2\/media?parent=26291"}],"curies":[{"name":"wp","href":"https:\/\/api.w.org\/{rel}","templated":true}]}}