{"id":26279,"date":"2024-05-31T12:39:16","date_gmt":"2024-05-31T10:39:16","guid":{"rendered":"https:\/\/sp1hrubieszow.pl\/?page_id=26279"},"modified":"2024-05-31T12:39:16","modified_gmt":"2024-05-31T10:39:16","slug":"31-maja-2024r-swiatowy-dzien-bez-papierosa","status":"publish","type":"page","link":"https:\/\/sp1hrubieszow.pl\/index.php\/kronika-2019-2020\/31-maja-2024r-swiatowy-dzien-bez-papierosa\/","title":{"rendered":"31 maja 2024r. &#8211; \u015awiatowy Dzie\u0144 bez Papierosa"},"content":{"rendered":"\n<p><span style=\"color: #000080;\">Rozstrzygni\u0119cie szkolnego konkursu profilaktycznego pt. \u201eNie pal przy mnie, prosz\u0119&#8230;\u201d<\/span><br><span style=\"color: #000080;\">Uczniowie klas trzecich, Szko\u0142y Podstawowej Nr 1 im. Boles\u0142awa Prusa w Hrubieszowie, b\u0119d\u0105cy uczestnikami zaj\u0119\u0107 profilaktycznych w ramach programu: Nie pal przy mnie, prosz\u0119&#8230;, przebiegaj\u0105cego pod patronatem Powiatowa Stacja Sanitarno-Epidemiologiczna w Hrubieszowie, przyst\u0105pili do konkursu plastycznego pod tym samym tytu\u0142em. Komisja konkursowa nagrodzi\u0142a i wyr\u00f3\u017cni\u0142a nast\u0119puj\u0105cych uczni\u00f3w:<\/span><br><span style=\"color: #000080;\">I miejsca ex aequo: Julia Michalczewska z kl. 3b<\/span><br><span style=\"color: #000080;\">&nbsp; &nbsp; &nbsp; &nbsp; &nbsp; &nbsp; &nbsp; &nbsp; &nbsp; &nbsp; &nbsp; &nbsp; &nbsp; &nbsp; &nbsp; &nbsp; &nbsp; &nbsp;i Oliwia Sagadyn z kl. 3a<\/span><br><span style=\"color: #000080;\">II miejsce: Aleksandra Korgol z kl. 3c<\/span><br><span style=\"color: #000080;\">III miejsce: Piotr Or\u0142owski z kl. 3a<\/span><br><span style=\"color: #000080;\">Wyr\u00f3\u017cnienia:<\/span><br><span style=\"color: #000080;\">1.Alicja Arcaba, kl. 3a<\/span><br><span style=\"color: #000080;\">2.Oskar Pucek z kl. 3b<\/span><br><span style=\"color: #000080;\">3.Amelia B\u0142aszczuk z kl. 3b<\/span><br><span style=\"color: #000080;\">4.Pola Pachniewska z kl. 3a<\/span><br><span style=\"color: #000080;\">5.Aleksandra Dragun z kl. 3c<\/span><br><span style=\"color: #000080;\">Uczniowie otrzymali dyplomy i nagrody, ufundowane przez Gmin\u0119 Miejsk\u0105 Hrubiesz\u00f3w w ramach dofinansowania szkolnego programu profilaktycznego Trzymajmy si\u0119 razem, z dala od uzale\u017cnie\u0144.<\/span><br><span style=\"color: #000080;\">Koordynator programu i organizator konkursu: Marta Kuczy\u0144ska, pedagog szkolny<\/span><\/p>\nngg_shortcode_0_placeholder\n","protected":false},"excerpt":{"rendered":"<p>Rozstrzygni\u0119cie szkolnego konkursu profilaktycznego pt. \u201eNie pal przy mnie, prosz\u0119&#8230;\u201dUczniowie klas trzecich, Szko\u0142y Podstawowej Nr 1 im. Boles\u0142awa Prusa w Hrubieszowie, b\u0119d\u0105cy uczestnikami zaj\u0119\u0107 profilaktycznych w ramach programu: Nie pal przy mnie, prosz\u0119&#8230;, przebiegaj\u0105cego pod patronatem Powiatowa Stacja Sanitarno-Epidemiologiczna w Hrubieszowie, przyst\u0105pili do konkursu plastycznego pod tym samym tytu\u0142em. Komisja konkursowa nagrodzi\u0142a i wyr\u00f3\u017cni\u0142a nast\u0119puj\u0105cych [&hellip;]<\/p>\n","protected":false},"author":4,"featured_media":0,"parent":2167,"menu_order":0,"comment_status":"closed","ping_status":"closed","template":"","meta":{"ngg_post_thumbnail":0,"footnotes":""},"class_list":["post-26279","page","type-page","status-publish","hentry"],"_links":{"self":[{"href":"https:\/\/sp1hrubieszow.pl\/index.php\/wp-json\/wp\/v2\/pages\/26279","targetHints":{"allow":["GET"]}}],"collection":[{"href":"https:\/\/sp1hrubieszow.pl\/index.php\/wp-json\/wp\/v2\/pages"}],"about":[{"href":"https:\/\/sp1hrubieszow.pl\/index.php\/wp-json\/wp\/v2\/types\/page"}],"author":[{"embeddable":true,"href":"https:\/\/sp1hrubieszow.pl\/index.php\/wp-json\/wp\/v2\/users\/4"}],"replies":[{"embeddable":true,"href":"https:\/\/sp1hrubieszow.pl\/index.php\/wp-json\/wp\/v2\/comments?post=26279"}],"version-history":[{"count":1,"href":"https:\/\/sp1hrubieszow.pl\/index.php\/wp-json\/wp\/v2\/pages\/26279\/revisions"}],"predecessor-version":[{"id":26280,"href":"https:\/\/sp1hrubieszow.pl\/index.php\/wp-json\/wp\/v2\/pages\/26279\/revisions\/26280"}],"up":[{"embeddable":true,"href":"https:\/\/sp1hrubieszow.pl\/index.php\/wp-json\/wp\/v2\/pages\/2167"}],"wp:attachment":[{"href":"https:\/\/sp1hrubieszow.pl\/index.php\/wp-json\/wp\/v2\/media?parent=26279"}],"curies":[{"name":"wp","href":"https:\/\/api.w.org\/{rel}","templated":true}]}}