{"id":26252,"date":"2024-05-29T21:21:45","date_gmt":"2024-05-29T19:21:45","guid":{"rendered":"https:\/\/sp1hrubieszow.pl\/?page_id=26252"},"modified":"2024-05-29T21:21:45","modified_gmt":"2024-05-29T19:21:45","slug":"wesolo-kolorowo-i-sportowo","status":"publish","type":"page","link":"https:\/\/sp1hrubieszow.pl\/index.php\/kronika-2019-2020\/wesolo-kolorowo-i-sportowo\/","title":{"rendered":"Weso\u0142o, kolorowo i sportowo!"},"content":{"rendered":"\n<p><span style=\"color: #000080;\">Dzie\u0144 Dziecka i Dzie\u0144 Sportu Szkolnego w naszej szkole up\u0142yn\u0105\u0142 w radosnej atmosferze, towarzyszy\u0142a nam pi\u0119kna pogoda oraz sportowa rywalizacja. Uczniowie mieli mo\u017cliwo\u015b\u0107 korzystania z dmuchanego placu zabaw. Pi\u0142karze ze wszystkich miejskich &nbsp;szk\u00f3\u0142 podstawowych wzi\u0119li udzia\u0142 w Memoriale Miros\u0142awa Szupra &#8211; turnieju pi\u0142ki no\u017cnej. <br>W klasyfikacji dru\u017cyn dziewcz\u0119cych zwyci\u0119\u017cy\u0142a dru\u017cyna ze Szko\u0142y Podstawowej Nr 3 <br>w Hrubieszowie, na drugim miejscu uplasowa\u0142y si\u0119 dziewcz\u0119ta ze Szko\u0142y Podstawowej Nr 1 w Hrubieszowie. W\u015br\u00f3d ch\u0142opc\u00f3w I miejsce zaj\u0119\u0142a dru\u017cyna ze Szko\u0142y Podstawowej Nr 1 w Hrubieszowie, II miejsce zaj\u0119\u0142a dru\u017cyna ze Szko\u0142y Podstawowej Nr 3 <br>w Hrubieszowie za\u015b III miejsce &nbsp;Dru\u017cyna ze Szko\u0142y Podstawowej&nbsp; Nr 2 w Hrubieszowie. <br>W rywalizacji sportowej na boisku spotka\u0142a si\u0119 tak\u017ce dru\u017cyna nauczycieli, kt\u00f3ra podj\u0119\u0142a rywalizacj\u0119 z uczniami. Ten dzie\u0144 na d\u0142ugo pozostanie w naszej pami\u0119ci.<\/span><\/p>\nngg_shortcode_0_placeholder\n","protected":false},"excerpt":{"rendered":"<p>Dzie\u0144 Dziecka i Dzie\u0144 Sportu Szkolnego w naszej szkole up\u0142yn\u0105\u0142 w radosnej atmosferze, towarzyszy\u0142a nam pi\u0119kna pogoda oraz sportowa rywalizacja. Uczniowie mieli mo\u017cliwo\u015b\u0107 korzystania z dmuchanego placu zabaw. Pi\u0142karze ze wszystkich miejskich &nbsp;szk\u00f3\u0142 podstawowych wzi\u0119li udzia\u0142 w Memoriale Miros\u0142awa Szupra &#8211; turnieju pi\u0142ki no\u017cnej. W klasyfikacji dru\u017cyn dziewcz\u0119cych zwyci\u0119\u017cy\u0142a dru\u017cyna ze Szko\u0142y Podstawowej Nr 3 [&hellip;]<\/p>\n","protected":false},"author":4,"featured_media":0,"parent":2167,"menu_order":0,"comment_status":"closed","ping_status":"closed","template":"","meta":{"ngg_post_thumbnail":0,"footnotes":""},"class_list":["post-26252","page","type-page","status-publish","hentry"],"_links":{"self":[{"href":"https:\/\/sp1hrubieszow.pl\/index.php\/wp-json\/wp\/v2\/pages\/26252","targetHints":{"allow":["GET"]}}],"collection":[{"href":"https:\/\/sp1hrubieszow.pl\/index.php\/wp-json\/wp\/v2\/pages"}],"about":[{"href":"https:\/\/sp1hrubieszow.pl\/index.php\/wp-json\/wp\/v2\/types\/page"}],"author":[{"embeddable":true,"href":"https:\/\/sp1hrubieszow.pl\/index.php\/wp-json\/wp\/v2\/users\/4"}],"replies":[{"embeddable":true,"href":"https:\/\/sp1hrubieszow.pl\/index.php\/wp-json\/wp\/v2\/comments?post=26252"}],"version-history":[{"count":1,"href":"https:\/\/sp1hrubieszow.pl\/index.php\/wp-json\/wp\/v2\/pages\/26252\/revisions"}],"predecessor-version":[{"id":26253,"href":"https:\/\/sp1hrubieszow.pl\/index.php\/wp-json\/wp\/v2\/pages\/26252\/revisions\/26253"}],"up":[{"embeddable":true,"href":"https:\/\/sp1hrubieszow.pl\/index.php\/wp-json\/wp\/v2\/pages\/2167"}],"wp:attachment":[{"href":"https:\/\/sp1hrubieszow.pl\/index.php\/wp-json\/wp\/v2\/media?parent=26252"}],"curies":[{"name":"wp","href":"https:\/\/api.w.org\/{rel}","templated":true}]}}