{"id":26231,"date":"2024-05-29T21:09:55","date_gmt":"2024-05-29T19:09:55","guid":{"rendered":"https:\/\/sp1hrubieszow.pl\/?page_id=26231"},"modified":"2024-05-29T21:09:55","modified_gmt":"2024-05-29T19:09:55","slug":"ja-i-senior-laczymy-pokolenia","status":"publish","type":"page","link":"https:\/\/sp1hrubieszow.pl\/index.php\/kronika-2019-2020\/ja-i-senior-laczymy-pokolenia\/","title":{"rendered":"Ja i senior &#8211; \u0142\u0105czymy pokolenia"},"content":{"rendered":"\n<p><span style=\"color: #000080;\">W dniu 23.05.2024r. &nbsp;w ramach realizacji innowacji pedagogicznej pt. \u201eJa i senior &#8211; \u0142\u0105czymy pokolenia\u201d &nbsp;go\u015bcili\u015bmy w naszej szkole Pani\u0105 Ann\u0119 Naj\u0119 &#8211; wieloletniego pracownika Poczty Polskiej Telegraf Telefon, kierownika administracyjnego w &nbsp;Szkole Podstawowej nr 2 oraz samorz\u0105dowca. Spotkanie odby\u0142o si\u0119 w przemi\u0142ej atmosferze. Pani Anna bardzo ciekawie opowiada\u0142a o swojej pracy oraz o tym, \u017ce pomimo tego, <br>i\u017c obecnie jest ju\u017c na emeryturze, to nadal udziela si\u0119 jako dzia\u0142acz spo\u0142eczny. <br>Mieli\u015bmy r\u00f3wnie\u017c okazj\u0119 podziwia\u0107 kolekcj\u0119 kart telefonicznych oraz telegram\u00f3w okoliczno\u015bciowych. Nasz go\u015b\u0107 podkre\u015bli\u0142, \u017ce warto dba\u0107 o swoje pasje i realizowa\u0107 marzenia, bo ten kto jest oddany swojemu hobby, nigdy si\u0119 nie nudzi. &nbsp;Na koniec <br>Pani Ania podsumowa\u0142a spotkanie s\u0142owami, \u017ce najwa\u017cniejsze jest to, aby by\u0107 dobrym cz\u0142owiekiem i \u017cy\u0107 w zgodzie z innymi.<\/span><br><span style=\"color: #000080;\">Aneta Rycerz<\/span><br><span style=\"color: #000080;\">Monika Anigacz<\/span><br><span style=\"color: #000080;\">Ilona Winogrodzka<\/span><\/p>\nngg_shortcode_0_placeholder\n","protected":false},"excerpt":{"rendered":"<p>W dniu 23.05.2024r. &nbsp;w ramach realizacji innowacji pedagogicznej pt. \u201eJa i senior &#8211; \u0142\u0105czymy pokolenia\u201d &nbsp;go\u015bcili\u015bmy w naszej szkole Pani\u0105 Ann\u0119 Naj\u0119 &#8211; wieloletniego pracownika Poczty Polskiej Telegraf Telefon, kierownika administracyjnego w &nbsp;Szkole Podstawowej nr 2 oraz samorz\u0105dowca. Spotkanie odby\u0142o si\u0119 w przemi\u0142ej atmosferze. Pani Anna bardzo ciekawie opowiada\u0142a o swojej pracy oraz o tym, [&hellip;]<\/p>\n","protected":false},"author":4,"featured_media":0,"parent":2167,"menu_order":0,"comment_status":"closed","ping_status":"closed","template":"","meta":{"ngg_post_thumbnail":0,"footnotes":""},"class_list":["post-26231","page","type-page","status-publish","hentry"],"_links":{"self":[{"href":"https:\/\/sp1hrubieszow.pl\/index.php\/wp-json\/wp\/v2\/pages\/26231","targetHints":{"allow":["GET"]}}],"collection":[{"href":"https:\/\/sp1hrubieszow.pl\/index.php\/wp-json\/wp\/v2\/pages"}],"about":[{"href":"https:\/\/sp1hrubieszow.pl\/index.php\/wp-json\/wp\/v2\/types\/page"}],"author":[{"embeddable":true,"href":"https:\/\/sp1hrubieszow.pl\/index.php\/wp-json\/wp\/v2\/users\/4"}],"replies":[{"embeddable":true,"href":"https:\/\/sp1hrubieszow.pl\/index.php\/wp-json\/wp\/v2\/comments?post=26231"}],"version-history":[{"count":1,"href":"https:\/\/sp1hrubieszow.pl\/index.php\/wp-json\/wp\/v2\/pages\/26231\/revisions"}],"predecessor-version":[{"id":26232,"href":"https:\/\/sp1hrubieszow.pl\/index.php\/wp-json\/wp\/v2\/pages\/26231\/revisions\/26232"}],"up":[{"embeddable":true,"href":"https:\/\/sp1hrubieszow.pl\/index.php\/wp-json\/wp\/v2\/pages\/2167"}],"wp:attachment":[{"href":"https:\/\/sp1hrubieszow.pl\/index.php\/wp-json\/wp\/v2\/media?parent=26231"}],"curies":[{"name":"wp","href":"https:\/\/api.w.org\/{rel}","templated":true}]}}