{"id":26188,"date":"2024-05-23T19:42:28","date_gmt":"2024-05-23T17:42:28","guid":{"rendered":"https:\/\/sp1hrubieszow.pl\/?page_id=26188"},"modified":"2024-05-23T19:43:53","modified_gmt":"2024-05-23T17:43:53","slug":"awans-dziewczat-do-mistrzostw-wojewodztwa-w-koszykowce-3x3","status":"publish","type":"page","link":"https:\/\/sp1hrubieszow.pl\/index.php\/kronika-2020-2021\/awans-dziewczat-do-mistrzostw-wojewodztwa-w-koszykowce-3x3\/","title":{"rendered":"Awans dziewcz\u0105t do Mistrzostw Wojew\u00f3dztwa w koszyk\u00f3wce 3&#215;3"},"content":{"rendered":"\n<div class=\"x11i5rnm xat24cr x1mh8g0r x1vvkbs xtlvy1s x126k92a\">\n<div dir=\"auto\"><span style=\"color: #000080;\">22 maja w SP 3 w Hrubieszowie oby\u0142 si\u0119 P\u00f3\u0142fina\u0142 Wojew\u00f3dzki w koszyk\u00f3wce 3&#215;3, nasze dziewcz\u0119ta wygra\u0142y wszystkie swoje mecze, tym samym awansuj\u0105c do Mistrzostw Wojew\u00f3dztwa.<\/span><\/div>\n<\/div>\n<div class=\"x11i5rnm xat24cr x1mh8g0r x1vvkbs xtlvy1s x126k92a\">\n<div dir=\"auto\"><span style=\"color: #000080;\">Dziewcz\u0119ta zagra\u0142y w sk\u0142adzie: Kornelia Mrozowska, Julia Kiszel, Hania Sidorczuk, Maja Klimkowska, Maja Magdziak.<\/span><\/div>\n<\/div>\n<div class=\"x11i5rnm xat24cr x1mh8g0r x1vvkbs xtlvy1s x126k92a\">\n<div dir=\"auto\"><span style=\"color: #000080;\">Opiekunem by\u0142 Tomasz Magdziak<\/span><\/div>\n<\/div>\n<div class=\"x11i5rnm xat24cr x1mh8g0r x1vvkbs xtlvy1s x126k92a\">\n<div dir=\"auto\"><span style=\"color: #000080;\">Wyniki:<\/span><\/div>\n<div dir=\"auto\"><span style=\"color: #000080;\">SP 1 Hrubiesz\u00f3w &#8211; SP 6 Zamo\u015b\u0107 10:2<\/span><\/div>\n<div dir=\"auto\"><span style=\"color: #000080;\">SP 1 Hrubiesz\u00f3w &#8211; SP 9 Zamo\u015b\u0107 6:1<\/span><\/div>\n<div dir=\"auto\"><span style=\"color: #000080;\">SP 1 Hrubiesz\u00f3w &#8211; SP 2 Tomasz\u00f3w Lub. 12:0<\/span><\/div>\n<\/div>\n<div class=\"x11i5rnm xat24cr x1mh8g0r x1vvkbs xtlvy1s x126k92a\">\n<div dir=\"auto\"><span style=\"color: #000080;\">Gratulujemy!<\/span><\/div>\n<div dir=\"auto\">\nngg_shortcode_0_placeholder\n<\/div>\n<\/div>\n","protected":false},"excerpt":{"rendered":"<p>22 maja w SP 3 w Hrubieszowie oby\u0142 si\u0119 P\u00f3\u0142fina\u0142 Wojew\u00f3dzki w koszyk\u00f3wce 3&#215;3, nasze dziewcz\u0119ta wygra\u0142y wszystkie swoje mecze, tym samym awansuj\u0105c do Mistrzostw Wojew\u00f3dztwa. Dziewcz\u0119ta zagra\u0142y w sk\u0142adzie: Kornelia Mrozowska, Julia Kiszel, Hania Sidorczuk, Maja Klimkowska, Maja Magdziak. Opiekunem by\u0142 Tomasz Magdziak Wyniki: SP 1 Hrubiesz\u00f3w &#8211; SP 6 Zamo\u015b\u0107 10:2 SP 1 [&hellip;]<\/p>\n","protected":false},"author":2,"featured_media":0,"parent":5983,"menu_order":0,"comment_status":"closed","ping_status":"closed","template":"","meta":{"ngg_post_thumbnail":0,"footnotes":""},"class_list":["post-26188","page","type-page","status-publish","hentry"],"_links":{"self":[{"href":"https:\/\/sp1hrubieszow.pl\/index.php\/wp-json\/wp\/v2\/pages\/26188","targetHints":{"allow":["GET"]}}],"collection":[{"href":"https:\/\/sp1hrubieszow.pl\/index.php\/wp-json\/wp\/v2\/pages"}],"about":[{"href":"https:\/\/sp1hrubieszow.pl\/index.php\/wp-json\/wp\/v2\/types\/page"}],"author":[{"embeddable":true,"href":"https:\/\/sp1hrubieszow.pl\/index.php\/wp-json\/wp\/v2\/users\/2"}],"replies":[{"embeddable":true,"href":"https:\/\/sp1hrubieszow.pl\/index.php\/wp-json\/wp\/v2\/comments?post=26188"}],"version-history":[{"count":1,"href":"https:\/\/sp1hrubieszow.pl\/index.php\/wp-json\/wp\/v2\/pages\/26188\/revisions"}],"predecessor-version":[{"id":26189,"href":"https:\/\/sp1hrubieszow.pl\/index.php\/wp-json\/wp\/v2\/pages\/26188\/revisions\/26189"}],"up":[{"embeddable":true,"href":"https:\/\/sp1hrubieszow.pl\/index.php\/wp-json\/wp\/v2\/pages\/5983"}],"wp:attachment":[{"href":"https:\/\/sp1hrubieszow.pl\/index.php\/wp-json\/wp\/v2\/media?parent=26188"}],"curies":[{"name":"wp","href":"https:\/\/api.w.org\/{rel}","templated":true}]}}