{"id":26166,"date":"2024-05-23T19:32:55","date_gmt":"2024-05-23T17:32:55","guid":{"rendered":"https:\/\/sp1hrubieszow.pl\/?page_id=26166"},"modified":"2024-05-23T19:33:40","modified_gmt":"2024-05-23T17:33:40","slug":"wybory-do-rady-samorzadu-uczniowskiego-2","status":"publish","type":"page","link":"https:\/\/sp1hrubieszow.pl\/index.php\/kronika-2020-2021\/wybory-do-rady-samorzadu-uczniowskiego-2\/","title":{"rendered":"Wybory do Rady Samorz\u0105du Uczniowskiego"},"content":{"rendered":"\n<p><span style=\"color: #000080;\">21 maja 2024r. w Szkole Podstawowej Nr 1 w Hrubieszowie odby\u0142y si\u0119 wybory do Rady Samorz\u0105du Uczniowskiego. Wzi\u0119li w nich udzia\u0142 uczniowie klas 4-7. Komisja wyborcza po przeliczeniu g\u0142os\u00f3w i zweryfikowaniu ocen z zachowania ustali\u0142a nast\u0119puj\u0105cy sk\u0142ad Rady SU: przewodnicz\u0105ca Lidia Grab, zast\u0119pcy przewodnicz\u0105cej: Nikola Pietryna i Karol Krajewski. Cz\u0142onkowie: Larysa Zimon, Eva Jankowska, Bartosz D\u0105browski.<\/span><\/p>\nngg_shortcode_0_placeholder\n","protected":false},"excerpt":{"rendered":"<p>21 maja 2024r. w Szkole Podstawowej Nr 1 w Hrubieszowie odby\u0142y si\u0119 wybory do Rady Samorz\u0105du Uczniowskiego. Wzi\u0119li w nich udzia\u0142 uczniowie klas 4-7. Komisja wyborcza po przeliczeniu g\u0142os\u00f3w i zweryfikowaniu ocen z zachowania ustali\u0142a nast\u0119puj\u0105cy sk\u0142ad Rady SU: przewodnicz\u0105ca Lidia Grab, zast\u0119pcy przewodnicz\u0105cej: Nikola Pietryna i Karol Krajewski. Cz\u0142onkowie: Larysa Zimon, Eva Jankowska, Bartosz [&hellip;]<\/p>\n","protected":false},"author":2,"featured_media":0,"parent":5983,"menu_order":0,"comment_status":"closed","ping_status":"closed","template":"","meta":{"ngg_post_thumbnail":0,"footnotes":""},"class_list":["post-26166","page","type-page","status-publish","hentry"],"_links":{"self":[{"href":"https:\/\/sp1hrubieszow.pl\/index.php\/wp-json\/wp\/v2\/pages\/26166","targetHints":{"allow":["GET"]}}],"collection":[{"href":"https:\/\/sp1hrubieszow.pl\/index.php\/wp-json\/wp\/v2\/pages"}],"about":[{"href":"https:\/\/sp1hrubieszow.pl\/index.php\/wp-json\/wp\/v2\/types\/page"}],"author":[{"embeddable":true,"href":"https:\/\/sp1hrubieszow.pl\/index.php\/wp-json\/wp\/v2\/users\/2"}],"replies":[{"embeddable":true,"href":"https:\/\/sp1hrubieszow.pl\/index.php\/wp-json\/wp\/v2\/comments?post=26166"}],"version-history":[{"count":1,"href":"https:\/\/sp1hrubieszow.pl\/index.php\/wp-json\/wp\/v2\/pages\/26166\/revisions"}],"predecessor-version":[{"id":26167,"href":"https:\/\/sp1hrubieszow.pl\/index.php\/wp-json\/wp\/v2\/pages\/26166\/revisions\/26167"}],"up":[{"embeddable":true,"href":"https:\/\/sp1hrubieszow.pl\/index.php\/wp-json\/wp\/v2\/pages\/5983"}],"wp:attachment":[{"href":"https:\/\/sp1hrubieszow.pl\/index.php\/wp-json\/wp\/v2\/media?parent=26166"}],"curies":[{"name":"wp","href":"https:\/\/api.w.org\/{rel}","templated":true}]}}