{"id":26153,"date":"2024-05-22T09:58:59","date_gmt":"2024-05-22T07:58:59","guid":{"rendered":"https:\/\/sp1hrubieszow.pl\/?page_id=26153"},"modified":"2024-05-22T10:00:48","modified_gmt":"2024-05-22T08:00:48","slug":"program-unplugged","status":"publish","type":"page","link":"https:\/\/sp1hrubieszow.pl\/index.php\/kronika-2020-2021\/program-unplugged\/","title":{"rendered":"Program ,,Unplugged\u201d"},"content":{"rendered":"\n<div class=\"xdj266r x11i5rnm xat24cr x1mh8g0r x1vvkbs x126k92a\">\n<div dir=\"auto\"><span style=\"color: #000080;\">W bie\u017c\u0105cym roku szkolnym uczniowie klasy 8a brali udzia\u0142 w programie profilaktyki uniwersalnej ,,Unplugged\u201d. Jest to program rekomendowany w ramach og\u00f3lnopolskiego systemu rekomendacji program\u00f3w profilaktycznych i promocji zdrowia psychicznego. Oparty jest na strategii Wszechstronnego Wp\u0142ywu Spo\u0142ecznego (CSI), gdzie za zachowania cz\u0142owieka odpowiedzialne s\u0105 postawy, normy spo\u0142eczne, modelowanie oraz presja grupy.<\/span><\/div>\n<\/div>\n<div class=\"x11i5rnm xat24cr x1mh8g0r x1vvkbs xtlvy1s x126k92a\">\n<div dir=\"auto\"><span style=\"color: #000080;\">Program zosta\u0142 przeprowadzony w formie dwunastu jednogodzinnych spotka\u0144 z uczniami, kt\u00f3re koncentrowa\u0142y si\u0119 na umiej\u0119tno\u015bciach \u017cyciowych, przekonaniach normatywnych i wiedzy na temat nast\u0119pstw stosowania substancji psychoaktywnych. Celem tego podej\u015bcia jest wyposa\u017cenie m\u0142odzie\u017cy w umiej\u0119tno\u015bci i zasoby potrzebne do radzenia sobie z wp\u0142ywami spo\u0142ecznymi oraz dostarczenie wiedzy na temat substancji psychoaktywnych i negatywnych konsekwencji zdrowotnych zwi\u0105zanych z ich u\u017cywaniem. Metody interaktywne zastosowane w programie skoncentrowane s\u0105 na kszta\u0142towaniu kompetencji spo\u0142ecznych, sprzyjaj\u0105cych tworzeniu wi\u0119zi z najbli\u017cszym otoczeniem oraz trwa\u0142ych sieci spo\u0142ecznych, by w ten spos\u00f3b zapobiega\u0107 u\u017cywaniu substancji psychoaktywnych przez m\u0142odzie\u017c.<\/span><\/div>\n<\/div>\n<div class=\"x11i5rnm xat24cr x1mh8g0r x1vvkbs xtlvy1s x126k92a\">\n<div dir=\"auto\"><span style=\"color: #000080;\">Program ,,Unplugged\u201d jest skutecznym narz\u0119dziem w profilaktyce uzale\u017cnie\u0144, wspieraj\u0105cym m\u0142odzie\u017c w kszta\u0142towaniu zdrowych nawyk\u00f3w. Dzi\u0119ki jego kontynuacji i rozwijaniu mo\u017cna przyczyni\u0107 si\u0119 do znacznego zmniejszania ryzyka u\u017cywania substancji psychoaktywnych w\u015br\u00f3d m\u0142odzie\u017cy, co ma pozytywny wp\u0142yw na ich zdrowie i rozw\u00f3j spo\u0142eczny. Zaj\u0119cia w ramach programu poprowadzi\u0142 pedagog szkolny Anna Karkuszewska.<\/span><\/div>\n<div dir=\"auto\">\nngg_shortcode_0_placeholder\n<\/div>\n<\/div>\n","protected":false},"excerpt":{"rendered":"<p>W bie\u017c\u0105cym roku szkolnym uczniowie klasy 8a brali udzia\u0142 w programie profilaktyki uniwersalnej ,,Unplugged\u201d. Jest to program rekomendowany w ramach og\u00f3lnopolskiego systemu rekomendacji program\u00f3w profilaktycznych i promocji zdrowia psychicznego. Oparty jest na strategii Wszechstronnego Wp\u0142ywu Spo\u0142ecznego (CSI), gdzie za zachowania cz\u0142owieka odpowiedzialne s\u0105 postawy, normy spo\u0142eczne, modelowanie oraz presja grupy. Program zosta\u0142 przeprowadzony w formie [&hellip;]<\/p>\n","protected":false},"author":2,"featured_media":0,"parent":5983,"menu_order":0,"comment_status":"closed","ping_status":"closed","template":"","meta":{"ngg_post_thumbnail":0,"footnotes":""},"class_list":["post-26153","page","type-page","status-publish","hentry"],"_links":{"self":[{"href":"https:\/\/sp1hrubieszow.pl\/index.php\/wp-json\/wp\/v2\/pages\/26153","targetHints":{"allow":["GET"]}}],"collection":[{"href":"https:\/\/sp1hrubieszow.pl\/index.php\/wp-json\/wp\/v2\/pages"}],"about":[{"href":"https:\/\/sp1hrubieszow.pl\/index.php\/wp-json\/wp\/v2\/types\/page"}],"author":[{"embeddable":true,"href":"https:\/\/sp1hrubieszow.pl\/index.php\/wp-json\/wp\/v2\/users\/2"}],"replies":[{"embeddable":true,"href":"https:\/\/sp1hrubieszow.pl\/index.php\/wp-json\/wp\/v2\/comments?post=26153"}],"version-history":[{"count":1,"href":"https:\/\/sp1hrubieszow.pl\/index.php\/wp-json\/wp\/v2\/pages\/26153\/revisions"}],"predecessor-version":[{"id":26154,"href":"https:\/\/sp1hrubieszow.pl\/index.php\/wp-json\/wp\/v2\/pages\/26153\/revisions\/26154"}],"up":[{"embeddable":true,"href":"https:\/\/sp1hrubieszow.pl\/index.php\/wp-json\/wp\/v2\/pages\/5983"}],"wp:attachment":[{"href":"https:\/\/sp1hrubieszow.pl\/index.php\/wp-json\/wp\/v2\/media?parent=26153"}],"curies":[{"name":"wp","href":"https:\/\/api.w.org\/{rel}","templated":true}]}}