{"id":26133,"date":"2024-05-22T09:40:43","date_gmt":"2024-05-22T07:40:43","guid":{"rendered":"https:\/\/sp1hrubieszow.pl\/?page_id=26133"},"modified":"2024-05-22T09:40:56","modified_gmt":"2024-05-22T07:40:56","slug":"edukacja-z-wojskiem-czyli-wspolne-dzialania-men-i-mon-na-rzecz-bezpieczenstwa","status":"publish","type":"page","link":"https:\/\/sp1hrubieszow.pl\/index.php\/kronika-2020-2021\/edukacja-z-wojskiem-czyli-wspolne-dzialania-men-i-mon-na-rzecz-bezpieczenstwa\/","title":{"rendered":"\u201eEdukacja z wojskiem\u201d, czyli wsp\u00f3lne dzia\u0142ania MEN i MON na rzecz bezpiecze\u0144stwa"},"content":{"rendered":"\n<p><span style=\"color: #000080;\">Dnia 20.05. 2024 r w uczniowie klasy 7 mieli mo\u017cliwo\u015b\u0107 realizacji pilota\u017cowego programu \u201eEdukacja z wojskiem\u201d. Program edukacyjno-obronny przygotowany i realizowany wsp\u00f3lnie przez Ministerstwo Edukacji Narodowej oraz Ministerstwo Obrony Narodowej<\/span><\/p>\n<p><span style=\"color: #000080;\">Celem programu by\u0142o zwi\u0119kszenie \u015bwiadomo\u015bci m\u0142odych ludzi na temat bezpiecze\u0144stwa, kszta\u0142towanie odpowiednich postaw wobec zagro\u017ce\u0144, a tak\u017ce przekazanie wiedzy na temat reagowania w sytuacjach kryzysowych. Dodatkowo uczniowie mieli szans\u0119 nauczy\u0107 si\u0119 bezpiecznego poruszania si\u0119 po Internecie oraz krytycznego podej\u015bcia do informacji online.<\/span><\/p>\n<p><span style=\"color: #000080;\">Zaj\u0119cia, trwa\u0142y trzy godziny, dostosowane by\u0142y do wieku oraz zainteresowa\u0144 uczestnik\u00f3w. Bardzo dzi\u0119kujemy za przekazanie profesjonalnej wiedzy teoretycznej i praktycznej \u017co\u0142nierzom 2 Pu\u0142ku Rozpoznawczego w Hrubieszowie. Na zako\u0144czenie programu ka\u017cdy z uczestnik\u00f3w odebra\u0142 podzi\u0119kowanie, a dyrektor szko\u0142y certyfikat potwierdzaj\u0105cy udzia\u0142 uczni\u00f3w w ciekawej lekcji w obszarze bezpiecze\u0144stwa i obronno\u015bci oraz kszta\u0142towanie podstawowych nawyk\u00f3w i umiej\u0119tno\u015bci z zakresu obrony i ochrony ludno\u015bci oraz zachowania w sytuacjach kryzysowych.<\/span><\/p>\nngg_shortcode_0_placeholder\n","protected":false},"excerpt":{"rendered":"<p>Dnia 20.05. 2024 r w uczniowie klasy 7 mieli mo\u017cliwo\u015b\u0107 realizacji pilota\u017cowego programu \u201eEdukacja z wojskiem\u201d. Program edukacyjno-obronny przygotowany i realizowany wsp\u00f3lnie przez Ministerstwo Edukacji Narodowej oraz Ministerstwo Obrony Narodowej Celem programu by\u0142o zwi\u0119kszenie \u015bwiadomo\u015bci m\u0142odych ludzi na temat bezpiecze\u0144stwa, kszta\u0142towanie odpowiednich postaw wobec zagro\u017ce\u0144, a tak\u017ce przekazanie wiedzy na temat reagowania w sytuacjach kryzysowych. [&hellip;]<\/p>\n","protected":false},"author":2,"featured_media":0,"parent":5983,"menu_order":0,"comment_status":"closed","ping_status":"closed","template":"","meta":{"ngg_post_thumbnail":0,"footnotes":""},"class_list":["post-26133","page","type-page","status-publish","hentry"],"_links":{"self":[{"href":"https:\/\/sp1hrubieszow.pl\/index.php\/wp-json\/wp\/v2\/pages\/26133","targetHints":{"allow":["GET"]}}],"collection":[{"href":"https:\/\/sp1hrubieszow.pl\/index.php\/wp-json\/wp\/v2\/pages"}],"about":[{"href":"https:\/\/sp1hrubieszow.pl\/index.php\/wp-json\/wp\/v2\/types\/page"}],"author":[{"embeddable":true,"href":"https:\/\/sp1hrubieszow.pl\/index.php\/wp-json\/wp\/v2\/users\/2"}],"replies":[{"embeddable":true,"href":"https:\/\/sp1hrubieszow.pl\/index.php\/wp-json\/wp\/v2\/comments?post=26133"}],"version-history":[{"count":1,"href":"https:\/\/sp1hrubieszow.pl\/index.php\/wp-json\/wp\/v2\/pages\/26133\/revisions"}],"predecessor-version":[{"id":26134,"href":"https:\/\/sp1hrubieszow.pl\/index.php\/wp-json\/wp\/v2\/pages\/26133\/revisions\/26134"}],"up":[{"embeddable":true,"href":"https:\/\/sp1hrubieszow.pl\/index.php\/wp-json\/wp\/v2\/pages\/5983"}],"wp:attachment":[{"href":"https:\/\/sp1hrubieszow.pl\/index.php\/wp-json\/wp\/v2\/media?parent=26133"}],"curies":[{"name":"wp","href":"https:\/\/api.w.org\/{rel}","templated":true}]}}