{"id":26105,"date":"2024-05-20T22:15:57","date_gmt":"2024-05-20T20:15:57","guid":{"rendered":"https:\/\/sp1hrubieszow.pl\/?page_id=26105"},"modified":"2024-05-20T22:16:18","modified_gmt":"2024-05-20T20:16:18","slug":"dzien-patrona-2","status":"publish","type":"page","link":"https:\/\/sp1hrubieszow.pl\/index.php\/kronika-2020-2021\/dzien-patrona-2\/","title":{"rendered":"Dzie\u0144 Patrona"},"content":{"rendered":"\n\n\n<p><span style=\"color: #000080;\">19 maja &#8211; w rocznic\u0119 \u015bmierci Boles\u0142awa Prusa &#8211; obchodzimy Dzie\u0144 Patrona naszej szko\u0142y. Ze wzgl\u0119du na to, \u017ce w tym roku ten wa\u017cny dla naszej spo\u0142eczno\u015bci dzie\u0144 wypada\u0142 w niedziel\u0119, \u015bwi\u0119towali\u015bmy ju\u017c w pi\u0105tek 17 maja. Szko\u0142a zape\u0142ni\u0142a si\u0119 uczniami w galowych strojach i melonikach. O godzinie 9.40 spotkali\u015bmy si\u0119 na placu rekreacyjnym, aby wys\u0142ucha\u0107 kilku informacji o pisarzu. Nast\u0119pnie, pod przewodnictwem Pana Burmistrza Paw\u0142a Wojciechowskiego i pani Dyrektor Edyty Kucharskiej wyruszyli\u015bmy pod pomnik Boles\u0142awa Prusa. Przedstawiciele SU z\u0142o\u017cyli kwiaty przy plebani &#8211; miejscu urodzin Patrona, a nast\u0119pnie przy pomniku. Tam te\u017c nast\u0105pi\u0142o wr\u0119czenie nagr\u00f3d dla uczni\u00f3w klas 1-3, kt\u00f3rzy przygotowali okoliczno\u015bciowe portrety.<\/span><\/p>\nngg_shortcode_0_placeholder\nngg_shortcode_1_placeholder\n","protected":false},"excerpt":{"rendered":"<p>19 maja &#8211; w rocznic\u0119 \u015bmierci Boles\u0142awa Prusa &#8211; obchodzimy Dzie\u0144 Patrona naszej szko\u0142y. Ze wzgl\u0119du na to, \u017ce w tym roku ten wa\u017cny dla naszej spo\u0142eczno\u015bci dzie\u0144 wypada\u0142 w niedziel\u0119, \u015bwi\u0119towali\u015bmy ju\u017c w pi\u0105tek 17 maja. Szko\u0142a zape\u0142ni\u0142a si\u0119 uczniami w galowych strojach i melonikach. O godzinie 9.40 spotkali\u015bmy si\u0119 na placu rekreacyjnym, aby [&hellip;]<\/p>\n","protected":false},"author":2,"featured_media":0,"parent":5983,"menu_order":0,"comment_status":"closed","ping_status":"closed","template":"","meta":{"ngg_post_thumbnail":0,"footnotes":""},"class_list":["post-26105","page","type-page","status-publish","hentry"],"_links":{"self":[{"href":"https:\/\/sp1hrubieszow.pl\/index.php\/wp-json\/wp\/v2\/pages\/26105","targetHints":{"allow":["GET"]}}],"collection":[{"href":"https:\/\/sp1hrubieszow.pl\/index.php\/wp-json\/wp\/v2\/pages"}],"about":[{"href":"https:\/\/sp1hrubieszow.pl\/index.php\/wp-json\/wp\/v2\/types\/page"}],"author":[{"embeddable":true,"href":"https:\/\/sp1hrubieszow.pl\/index.php\/wp-json\/wp\/v2\/users\/2"}],"replies":[{"embeddable":true,"href":"https:\/\/sp1hrubieszow.pl\/index.php\/wp-json\/wp\/v2\/comments?post=26105"}],"version-history":[{"count":1,"href":"https:\/\/sp1hrubieszow.pl\/index.php\/wp-json\/wp\/v2\/pages\/26105\/revisions"}],"predecessor-version":[{"id":26106,"href":"https:\/\/sp1hrubieszow.pl\/index.php\/wp-json\/wp\/v2\/pages\/26105\/revisions\/26106"}],"up":[{"embeddable":true,"href":"https:\/\/sp1hrubieszow.pl\/index.php\/wp-json\/wp\/v2\/pages\/5983"}],"wp:attachment":[{"href":"https:\/\/sp1hrubieszow.pl\/index.php\/wp-json\/wp\/v2\/media?parent=26105"}],"curies":[{"name":"wp","href":"https:\/\/api.w.org\/{rel}","templated":true}]}}