{"id":26063,"date":"2024-05-13T20:42:19","date_gmt":"2024-05-13T18:42:19","guid":{"rendered":"https:\/\/sp1hrubieszow.pl\/?page_id=26063"},"modified":"2024-05-13T20:42:19","modified_gmt":"2024-05-13T18:42:19","slug":"podsumowanie-akcji-czytam-na-7","status":"publish","type":"page","link":"https:\/\/sp1hrubieszow.pl\/index.php\/kronika-2019-2020\/podsumowanie-akcji-czytam-na-7\/","title":{"rendered":"PODSUMOWANIE AKCJI \u201eCZYTAM NA 7\u201d"},"content":{"rendered":"\n<p><span style=\"color: #000080;\">10.05.2024r. dwudziestu pierwszoklasist\u00f3w z naszej szko\u0142y wzi\u0119\u0142o udzia\u0142 w uroczystym podsumowaniu III edycji akcji promuj\u0105cej czytelnictwo \u201eCzytam na 7\u201d, kt\u00f3re odby\u0142o si\u0119 <br>w Miejskiej Bibliotece Publicznej \u2013 Hrubieszowskie Centrum Dziedzictwa im. Krystyny <br>i Stefana du Chateau w Hrubieszowie. Uczniowie mieli te\u017c okazj\u0119 uczestnictwa <br>w niesamowitym spotkaniu autorskim z Edyt\u0105 Zar\u0119bsk\u0105 i Robertem Zar\u0119bskim z cyklu \u201e\u015apiewaj\u0105ca Biblioteka\u201d \u2013 Babcia Grunia. Mi\u0142ym akcentem by\u0142 wsp\u00f3lny \u015bpiew piosenki <br>pt. \u201eM\u0105dra rzeka\u201d przy akompaniamencie akordeonu. Na zako\u0144czenie uczestnicy akcji otrzymali nagrody oraz pami\u0105tkowe dyplomy. To by\u0142 dzie\u0144 pe\u0142en wra\u017ce\u0144\u2026<\/span><\/p>\nngg_shortcode_0_placeholder\n","protected":false},"excerpt":{"rendered":"<p>10.05.2024r. dwudziestu pierwszoklasist\u00f3w z naszej szko\u0142y wzi\u0119\u0142o udzia\u0142 w uroczystym podsumowaniu III edycji akcji promuj\u0105cej czytelnictwo \u201eCzytam na 7\u201d, kt\u00f3re odby\u0142o si\u0119 w Miejskiej Bibliotece Publicznej \u2013 Hrubieszowskie Centrum Dziedzictwa im. Krystyny i Stefana du Chateau w Hrubieszowie. Uczniowie mieli te\u017c okazj\u0119 uczestnictwa w niesamowitym spotkaniu autorskim z Edyt\u0105 Zar\u0119bsk\u0105 i Robertem Zar\u0119bskim z cyklu [&hellip;]<\/p>\n","protected":false},"author":4,"featured_media":0,"parent":2167,"menu_order":0,"comment_status":"closed","ping_status":"closed","template":"","meta":{"ngg_post_thumbnail":0,"footnotes":""},"class_list":["post-26063","page","type-page","status-publish","hentry"],"_links":{"self":[{"href":"https:\/\/sp1hrubieszow.pl\/index.php\/wp-json\/wp\/v2\/pages\/26063","targetHints":{"allow":["GET"]}}],"collection":[{"href":"https:\/\/sp1hrubieszow.pl\/index.php\/wp-json\/wp\/v2\/pages"}],"about":[{"href":"https:\/\/sp1hrubieszow.pl\/index.php\/wp-json\/wp\/v2\/types\/page"}],"author":[{"embeddable":true,"href":"https:\/\/sp1hrubieszow.pl\/index.php\/wp-json\/wp\/v2\/users\/4"}],"replies":[{"embeddable":true,"href":"https:\/\/sp1hrubieszow.pl\/index.php\/wp-json\/wp\/v2\/comments?post=26063"}],"version-history":[{"count":1,"href":"https:\/\/sp1hrubieszow.pl\/index.php\/wp-json\/wp\/v2\/pages\/26063\/revisions"}],"predecessor-version":[{"id":26064,"href":"https:\/\/sp1hrubieszow.pl\/index.php\/wp-json\/wp\/v2\/pages\/26063\/revisions\/26064"}],"up":[{"embeddable":true,"href":"https:\/\/sp1hrubieszow.pl\/index.php\/wp-json\/wp\/v2\/pages\/2167"}],"wp:attachment":[{"href":"https:\/\/sp1hrubieszow.pl\/index.php\/wp-json\/wp\/v2\/media?parent=26063"}],"curies":[{"name":"wp","href":"https:\/\/api.w.org\/{rel}","templated":true}]}}