{"id":26053,"date":"2024-05-13T18:16:51","date_gmt":"2024-05-13T16:16:51","guid":{"rendered":"https:\/\/sp1hrubieszow.pl\/?page_id=26053"},"modified":"2024-05-13T18:17:14","modified_gmt":"2024-05-13T16:17:14","slug":"turniej-kart-dixit","status":"publish","type":"page","link":"https:\/\/sp1hrubieszow.pl\/index.php\/kronika-2020-2021\/turniej-kart-dixit\/","title":{"rendered":"Turniej kart DIXIT"},"content":{"rendered":"\n\n\n<p><span style=\"color: #000080;\">Uczniowie klasy 6b wraz z wychowawc\u0105 Mart\u0105 Lackowsk\u0105 rozpocz\u0119li nowy dzie\u0144 i nowy tydzie\u0144 od wspania\u0142ej zabawy i rozgrzewki dla umys\u0142u <span class=\"x3nfvp2 x1j61x8r x1fcty0u xdj266r xhhsvwb xat24cr xgzva0m xxymvpz xlup9mm x1kky2od\"><img loading=\"lazy\" decoding=\"async\" class=\"xz74otr\" src=\"https:\/\/static.xx.fbcdn.net\/images\/emoji.php\/v9\/t2\/1\/16\/1f60d.png\" alt=\"?\" width=\"16\" height=\"16\"><\/span> Go\u015bcili\u015bmy w <span class=\"html-span xdj266r x11i5rnm xat24cr x1mh8g0r xexx8yu x4uap5 x18d9i69 xkhd6sd x1hl2dhg x16tdsg8 x1vvkbs\"><span class=\"xt0psk2\">Miejskiej Bibliotece Publicznej- Hrubieszowskie Centrum Dziedzictwa<\/span><\/span> na turnieju kart Dixit. Jak zwykle czas sp\u0119dzony w tym miejscu by\u0142 niezapomniany i pe\u0142en wra\u017ce\u0144. <\/span><\/p>\n<p><span style=\"color: #000080;\">Dzi\u0119kujemy<\/span><span class=\"x3nfvp2 x1j61x8r x1fcty0u xdj266r xhhsvwb xat24cr xgzva0m xxymvpz xlup9mm x1kky2od\"><img loading=\"lazy\" decoding=\"async\" class=\"xz74otr\" src=\"https:\/\/static.xx.fbcdn.net\/images\/emoji.php\/v9\/teb\/1\/16\/2763.png\" alt=\"\u2763\ufe0f\" width=\"16\" height=\"16\"><\/span><\/p>\nngg_shortcode_0_placeholder\n","protected":false},"excerpt":{"rendered":"<p>Uczniowie klasy 6b wraz z wychowawc\u0105 Mart\u0105 Lackowsk\u0105 rozpocz\u0119li nowy dzie\u0144 i nowy tydzie\u0144 od wspania\u0142ej zabawy i rozgrzewki dla umys\u0142u Go\u015bcili\u015bmy w Miejskiej Bibliotece Publicznej- Hrubieszowskie Centrum Dziedzictwa na turnieju kart Dixit. Jak zwykle czas sp\u0119dzony w tym miejscu by\u0142 niezapomniany i pe\u0142en wra\u017ce\u0144. Dzi\u0119kujemy<\/p>\n","protected":false},"author":2,"featured_media":0,"parent":5983,"menu_order":0,"comment_status":"closed","ping_status":"closed","template":"","meta":{"ngg_post_thumbnail":0,"footnotes":""},"class_list":["post-26053","page","type-page","status-publish","hentry"],"_links":{"self":[{"href":"https:\/\/sp1hrubieszow.pl\/index.php\/wp-json\/wp\/v2\/pages\/26053","targetHints":{"allow":["GET"]}}],"collection":[{"href":"https:\/\/sp1hrubieszow.pl\/index.php\/wp-json\/wp\/v2\/pages"}],"about":[{"href":"https:\/\/sp1hrubieszow.pl\/index.php\/wp-json\/wp\/v2\/types\/page"}],"author":[{"embeddable":true,"href":"https:\/\/sp1hrubieszow.pl\/index.php\/wp-json\/wp\/v2\/users\/2"}],"replies":[{"embeddable":true,"href":"https:\/\/sp1hrubieszow.pl\/index.php\/wp-json\/wp\/v2\/comments?post=26053"}],"version-history":[{"count":1,"href":"https:\/\/sp1hrubieszow.pl\/index.php\/wp-json\/wp\/v2\/pages\/26053\/revisions"}],"predecessor-version":[{"id":26054,"href":"https:\/\/sp1hrubieszow.pl\/index.php\/wp-json\/wp\/v2\/pages\/26053\/revisions\/26054"}],"up":[{"embeddable":true,"href":"https:\/\/sp1hrubieszow.pl\/index.php\/wp-json\/wp\/v2\/pages\/5983"}],"wp:attachment":[{"href":"https:\/\/sp1hrubieszow.pl\/index.php\/wp-json\/wp\/v2\/media?parent=26053"}],"curies":[{"name":"wp","href":"https:\/\/api.w.org\/{rel}","templated":true}]}}