{"id":26024,"date":"2024-05-13T18:06:51","date_gmt":"2024-05-13T16:06:51","guid":{"rendered":"https:\/\/sp1hrubieszow.pl\/?page_id=26024"},"modified":"2024-05-13T18:07:39","modified_gmt":"2024-05-13T16:07:39","slug":"podsumowanie-programu-profilaktycznego-nie-pal-przy-mnie-prosze","status":"publish","type":"page","link":"https:\/\/sp1hrubieszow.pl\/index.php\/kronika-2020-2021\/podsumowanie-programu-profilaktycznego-nie-pal-przy-mnie-prosze\/","title":{"rendered":"Podsumowanie programu profilaktycznego &#8222;Nie pal przy mnie, prosz\u0119&#8230;&#8221;"},"content":{"rendered":"\n<p><span style=\"color: #000080;\">W II p\u00f3\u0142roczu 2023\/2024r., w klasach 3a,3b i 3c, realizowany by\u0142 program pt. &#8222;Nie pal przy mnie, prosz\u0119&#8230;&#8221;. Trzecioklasi\u015bci uczestniczyli w zaj\u0119ciach, maj\u0105cych na celu budowanie prawid\u0142owych postaw w zakresie dbania o zdrowie. Uczniowie pracowali metodami aktywnymi, mi\u0119dzy innymi tworzyli w\u0142asn\u0105 definicj\u0119 zdrowia. Zaj\u0119cia przebiega\u0142y pod patronatem <span class=\"html-span xdj266r x11i5rnm xat24cr x1mh8g0r xexx8yu x4uap5 x18d9i69 xkhd6sd x1hl2dhg x16tdsg8 x1vvkbs\"><span class=\"xt0psk2\">Powiatowej Stacji Sanitarno-Epidemiologicznej w Hrubieszowie<\/span><\/span>, z udzia\u0142em pracownika, pani Joanny Szyma\u0144skiej. Zaj\u0119cia w ramach programu &#8222;Nie pal przy mnie, prosz\u0119&#8230;&#8221; prowadzone by\u0142y przez pedagoga szkolnego, p. Mart\u0119 Kuczy\u0144sk\u0105 we wsp\u00f3\u0142pracy z wychowawcami klas trzecich: p. Ma\u0142gorzat\u0105 Serafin, p. Monik\u0105 Korneluk oraz p. Joann\u0105 Sawick\u0105. Uczniowie klas trzecich zostali zaproszeni do udzia\u0142u w konkursie plastycznym, kt\u00f3rego rozstrzygni\u0119cie nast\u0105pi podczas \u015awiatowego Dnia Bez Papierosa.<\/span><\/p>\nngg_shortcode_0_placeholder\n","protected":false},"excerpt":{"rendered":"<p>W II p\u00f3\u0142roczu 2023\/2024r., w klasach 3a,3b i 3c, realizowany by\u0142 program pt. &#8222;Nie pal przy mnie, prosz\u0119&#8230;&#8221;. Trzecioklasi\u015bci uczestniczyli w zaj\u0119ciach, maj\u0105cych na celu budowanie prawid\u0142owych postaw w zakresie dbania o zdrowie. Uczniowie pracowali metodami aktywnymi, mi\u0119dzy innymi tworzyli w\u0142asn\u0105 definicj\u0119 zdrowia. Zaj\u0119cia przebiega\u0142y pod patronatem Powiatowej Stacji Sanitarno-Epidemiologicznej w Hrubieszowie, z udzia\u0142em pracownika, [&hellip;]<\/p>\n","protected":false},"author":2,"featured_media":0,"parent":5983,"menu_order":0,"comment_status":"closed","ping_status":"closed","template":"","meta":{"ngg_post_thumbnail":0,"footnotes":""},"class_list":["post-26024","page","type-page","status-publish","hentry"],"_links":{"self":[{"href":"https:\/\/sp1hrubieszow.pl\/index.php\/wp-json\/wp\/v2\/pages\/26024","targetHints":{"allow":["GET"]}}],"collection":[{"href":"https:\/\/sp1hrubieszow.pl\/index.php\/wp-json\/wp\/v2\/pages"}],"about":[{"href":"https:\/\/sp1hrubieszow.pl\/index.php\/wp-json\/wp\/v2\/types\/page"}],"author":[{"embeddable":true,"href":"https:\/\/sp1hrubieszow.pl\/index.php\/wp-json\/wp\/v2\/users\/2"}],"replies":[{"embeddable":true,"href":"https:\/\/sp1hrubieszow.pl\/index.php\/wp-json\/wp\/v2\/comments?post=26024"}],"version-history":[{"count":1,"href":"https:\/\/sp1hrubieszow.pl\/index.php\/wp-json\/wp\/v2\/pages\/26024\/revisions"}],"predecessor-version":[{"id":26025,"href":"https:\/\/sp1hrubieszow.pl\/index.php\/wp-json\/wp\/v2\/pages\/26024\/revisions\/26025"}],"up":[{"embeddable":true,"href":"https:\/\/sp1hrubieszow.pl\/index.php\/wp-json\/wp\/v2\/pages\/5983"}],"wp:attachment":[{"href":"https:\/\/sp1hrubieszow.pl\/index.php\/wp-json\/wp\/v2\/media?parent=26024"}],"curies":[{"name":"wp","href":"https:\/\/api.w.org\/{rel}","templated":true}]}}